{"id":79206,"date":"2019-10-30T11:39:38","date_gmt":"2019-10-30T11:39:38","guid":{"rendered":"https:\/\/www.beyouperfumes.com\/?post_type=product&#038;p=79206"},"modified":"2023-10-16T14:33:23","modified_gmt":"2023-10-16T14:33:23","slug":"tania-prat-codina","status":"publish","type":"product","link":"https:\/\/www.beyouperfumes.com\/en\/tienda\/perfumes\/tania-prat-codina\/","title":{"rendered":"PERFUME TANIA PRAT CON ROSA DE DAMASCO"},"content":{"rendered":"<div class=\"wpb-content-wrapper\"><div data-parent=\"true\" class=\"vc_row has-bg need-focus style-color-172521-bg row-container\" id=\"row-unique-0\"><div class=\"row limit-width row-parent\"><div class=\"wpb_row row-inner\"><div class=\"wpb_column pos-middle pos-center align_center column_parent col-lg-12 single-internal-gutter\"><div class=\"uncol style-light\"  ><div class=\"uncoltable\"><div class=\"uncell no-block-padding\" ><div class=\"uncont\" ><div class=\"vc_row row-internal row-container\"><div class=\"row row-child\"><div class=\"wpb_row row-inner\"><div class=\"wpb_column pos-top pos-center align_left column_child col-lg-6 single-internal-gutter\"><div class=\"uncol style-light\" ><div class=\"uncoltable\"><div class=\"uncell no-block-padding\" ><div class=\"uncont\" ><div class=\"uncode_text_column\" ><\/p>\n<div class=\"uncode_text_column\">\n<div class=\"uncode_text_column\">\n<p>PERFUME TANIA PRAT<\/p>\n<p>Its petals give away the most complex and delicate fragrances of nature.<\/p>\n<p>En la sinfon\u00eda olfativa que ofrece el p\u00e9talo de la rosa encontramos un efecto fresco de pimienta acompa\u00f1ado de una ligera reminiscencia de clavos, una sensaci\u00f3n dulce frutal que recuerda a la piel aterciopelada del melocot\u00f3n y una sensaci\u00f3n de perfume de verdor. Por ello, presenta toques afrutados y especiados creando una fragancia compleja pero a la vez sublime y exquisito.<\/p>\n<\/div>\n<p>El aceite esencial de rosa de Damasco es muy escaso, son necesarios, alrededor de 4 toneladas de rosas para destilar 1 kg de aceite esencial. Como \u00abReina de las flores\u00bb, la rosa es el s\u00edmbolo del amor, de la pasi\u00f3n y de la feminidad en la mayor\u00eda de las civilizaciones. En la mitolog\u00eda griega est\u00e1 asociada a Venus, la diosa del Amor. Conocida por su fragancia \u00abdivina\u00bb, hoy en d\u00eda se cultiva principalmente en Bulgaria o en Turqu\u00eda, y se comercializa para la perfumer\u00eda.<\/p>\n<p>El aceite esencial de rosa damascena es ciertamente el perfume m\u00e1s preciado de todos, la rosa siempre ha sido la aliada de la belleza femenina.<\/p>\n<\/div>\n<p>\n<\/div><\/div><\/div><\/div><\/div><\/div><div class=\"wpb_column pos-top pos-center align_left column_child col-lg-6 single-internal-gutter\"><div class=\"uncol style-light\" ><div class=\"uncoltable\"><div class=\"uncell no-block-padding\" ><div class=\"uncont\" ><div class=\"uncode-single-media  text-left\"><div class=\"single-wrapper\" style=\"max-width: 100%;\"><div class=\"tmb tmb-light  tmb-media-first tmb-media-last tmb-content-overlay tmb-no-bg\"><div class=\"t-inside\"><div class=\"t-entry-visual\"><div class=\"t-entry-visual-tc\"><div class=\"uncode-single-media-wrapper\"><img decoding=\"async\" class=\"wp-image-67734\" src=\"https:\/\/www.beyouperfumes.com\/wp-content\/uploads\/2017\/09\/roses-1229148_640.jpg\" width=\"640\" height=\"480\" alt=\"roses\" srcset=\"https:\/\/www.beyouperfumes.com\/wp-content\/uploads\/2017\/09\/roses-1229148_640.jpg 640w, https:\/\/www.beyouperfumes.com\/wp-content\/uploads\/2017\/09\/roses-1229148_640-100x75.jpg 100w, https:\/\/www.beyouperfumes.com\/wp-content\/uploads\/2017\/09\/roses-1229148_640-400x300.jpg 400w\" sizes=\"(max-width: 640px) 100vw, 640px\" \/><\/div>\n\t\t\t\t\t<\/div>\n\t\t\t\t<\/div><\/div><\/div><\/div><\/div><\/div><\/div><\/div><\/div><\/div><\/div><\/div><\/div><\/div><\/div><\/div><\/div><\/div><script id=\"script-row-unique-0\" data-row=\"script-row-unique-0\" type=\"text\/javascript\" class=\"vc_controls\">UNCODE.initRow(document.getElementById(\"row-unique-0\"));<\/script><\/div><\/div><\/div><div data-parent=\"true\" class=\"vc_row has-bg need-focus style-color-172521-bg row-container\" id=\"row-unique-1\"><div class=\"row limit-width row-parent\"><div class=\"wpb_row row-inner\"><div class=\"wpb_column pos-middle pos-center align_center column_parent col-lg-12 single-internal-gutter\"><div class=\"uncol style-light\"  ><div class=\"uncoltable\"><div class=\"uncell no-block-padding\" ><div class=\"uncont\" ><div class=\"vc_custom_heading_wrap\"><div class=\"heading-text el-text\" ><h2 class=\"h2\" ><span>Don't have your recipe yet? We help you!<\/span><\/h2><\/div><div class=\"clear\"><\/div><\/div><span class=\"btn-container\" ><a role=\"button\"  href=\"https:\/\/www.beyouperfumes.com\/en\/contacto\/\" class=\"custom-link btn border-width-0 btn-default btn-icon-left\" title=\"Contact\">CONTACT<\/a><\/span><\/div><\/div><\/div><\/div><\/div><script id=\"script-row-unique-1\" data-row=\"script-row-unique-1\" type=\"text\/javascript\" class=\"vc_controls\">UNCODE.initRow(document.getElementById(\"row-unique-1\"));<\/script><\/div><\/div><\/div><div data-parent=\"true\" class=\"vc_row has-bg need-focus style-color-137163-bg row-container\" id=\"row-unique-2\"><div class=\"row limit-width row-parent\"><div class=\"wpb_row row-inner\"><div class=\"wpb_column pos-top pos-center align_left column_parent col-lg-12 single-internal-gutter\"><div class=\"uncol style-light\"  ><div class=\"uncoltable\"><div class=\"uncell single-block-padding style-color-137163-bg has-bg\" ><div class=\"uncont\" ><div class=\"vc_row row-internal row-container\"><div class=\"row row-child\"><div class=\"wpb_row row-inner\"><div class=\"wpb_column pos-top pos-center align_left column_child col-lg-6 single-internal-gutter\"><div class=\"uncol style-light\" ><div class=\"uncoltable\"><div class=\"uncell no-block-padding\" ><div class=\"uncont\" ><div class=\"uncode-single-media  text-right\"><div class=\"single-wrapper\" style=\"max-width: 40%;\"><div class=\"tmb tmb-light  tmb-media-first tmb-media-last tmb-content-overlay tmb-no-bg\"><div class=\"t-inside\"><div class=\"t-entry-visual\"><div class=\"t-entry-visual-tc\"><div class=\"uncode-single-media-wrapper\"><img decoding=\"async\" class=\"wp-image-78949\" src=\"https:\/\/www.beyouperfumes.com\/wp-content\/uploads\/flor.png\" width=\"231\" height=\"339\" alt=\"Crea tu perfume personalizado: Agust&iacute; Vidal\" srcset=\"https:\/\/www.beyouperfumes.com\/wp-content\/uploads\/flor.png 231w, https:\/\/www.beyouperfumes.com\/wp-content\/uploads\/flor-100x147.png 100w\" sizes=\"(max-width: 231px) 100vw, 231px\" \/><\/div>\n\t\t\t\t\t<\/div>\n\t\t\t\t<\/div><\/div><\/div><\/div><\/div><\/div><\/div><\/div><\/div><\/div><div class=\"wpb_column pos-middle pos-left align_left column_child col-lg-6 single-internal-gutter\"><div class=\"uncol style-light\" ><div class=\"uncoltable\"><div class=\"uncell no-block-padding\" ><div class=\"uncont\" ><div class=\"vc_custom_heading_wrap\"><div class=\"heading-text el-text\" ><\/p>\n<h4>quality and rarity...<\/h4>\n<p>\n<\/div><div class=\"clear\"><\/div><\/div><\/div><\/div><\/div><\/div><\/div><\/div><\/div><\/div><div class=\"vc_row row-internal row-container\"><div class=\"row row-child\"><div class=\"wpb_row row-inner\"><div class=\"wpb_column pos-top pos-center align_left column_child col-lg-12 single-internal-gutter\"><div class=\"uncol style-light\" ><div class=\"uncoltable\"><div class=\"uncell no-block-padding\" ><div class=\"uncont\" ><div class=\"uncode_text_column\" ><p>cada esencia de <a href=\"https:\/\/www.beyouperfumes.com\/en\/\">BEYOU PERFUMES<\/a> ha sido seleccionada individualmente por nuestro creador de perfumes, creador para las tiendas m\u00e1s reputadas de todo el mundo. Seleccionadas entre los productores de esencias independientes, por su excelencia en calidad y car\u00e1cter \u00fanico, estas esencias excepcionales se han desarrollado localmente en perfecta armon\u00eda con la comunidad y la naturaleza que las rodea.<\/p>\n<\/div><\/div><\/div><\/div><\/div><\/div><\/div><\/div><\/div><\/div><\/div><\/div><\/div><\/div><script id=\"script-row-unique-2\" data-row=\"script-row-unique-2\" type=\"text\/javascript\" class=\"vc_controls\">UNCODE.initRow(document.getElementById(\"row-unique-2\"));<\/script><\/div><\/div><\/div><div data-parent=\"true\" class=\"vc_row has-bg need-focus style-color-167788-bg row-container\" id=\"row-unique-3\"><div class=\"row limit-width row-parent\"><div class=\"wpb_row row-inner\"><div class=\"wpb_column pos-top pos-center align_left column_parent col-lg-12 single-internal-gutter\"><div class=\"uncol style-light\"  ><div class=\"uncoltable\"><div class=\"uncell no-block-padding\" ><div class=\"uncont\" ><div class=\"vc_row row-internal row-container\"><div class=\"row row-child\"><div class=\"wpb_row row-inner\"><div class=\"wpb_column pos-top pos-center align_left column_child col-lg-6 single-internal-gutter\"><div class=\"uncol style-light\" ><div class=\"uncoltable\"><div class=\"uncell no-block-padding\" ><div class=\"uncont\" ><\/div><\/div><\/div><\/div><\/div><div class=\"wpb_column pos-top pos-center align_left column_child col-lg-6 single-internal-gutter\"><div class=\"uncol style-light\" ><div class=\"uncoltable\"><div class=\"uncell no-block-padding\" ><div class=\"uncont\" ><div class=\"vc_custom_heading_wrap\"><div class=\"heading-text el-text\" ><p class=\"font-weight-400 text-lowercase\" ><span><\/p><\/span><span><h4 id=\"nosetext\" style=\"text-align: left;\">the nose...<\/h4><\/span><span><p><\/span><\/p><\/div><div class=\"clear\"><\/div><\/div><\/div><\/div><\/div><\/div><\/div><\/div><\/div><\/div><div class=\"vc_custom_heading_wrap\"><div class=\"heading-text el-text\" ><p class=\"text-lowercase\" ><span><\/p><\/span><span><p id=\"bottomtext002\" style=\"text-align: center;\"><a href=\"http:\/\/agustividal.com\/ca\/\" target=\"_blank\" rel=\"noopener noreferrer\">el secreto mejor guardado<\/a> de BEYOU PERFUMES es el creador de perfumes.<br \/><\/span><span>Recognised worldwide for his creations for the world's most sought-after fashion and perfume houses.<br \/><\/span><span>You have selected for BEYOU PERFUMES clients, individual producers of fine essences from around the world to offer you the most exclusive fragrances available.<\/p><\/span><span><p><\/span><\/p><\/div><div class=\"clear\"><\/div><\/div><div class=\"uncode-single-media  text-left\"><div class=\"single-wrapper\" style=\"max-width: 100%;\"><div class=\"tmb tmb-light  tmb-media-first tmb-media-last tmb-content-overlay tmb-no-bg\"><div class=\"t-inside\"><div class=\"t-entry-visual\"><div class=\"t-entry-visual-tc\"><div class=\"uncode-single-media-wrapper\"><img decoding=\"async\" class=\"wp-image-78952\" src=\"https:\/\/www.beyouperfumes.com\/wp-content\/uploads\/noseman.png\" width=\"1140\" height=\"629\" alt=\"Crea tu perfume personalizado: Nuestra nariz\" srcset=\"https:\/\/www.beyouperfumes.com\/wp-content\/uploads\/noseman.png 1140w, https:\/\/www.beyouperfumes.com\/wp-content\/uploads\/noseman-100x55.png 100w, https:\/\/www.beyouperfumes.com\/wp-content\/uploads\/noseman-400x221.png 400w, https:\/\/www.beyouperfumes.com\/wp-content\/uploads\/noseman-300x166.png 300w, https:\/\/www.beyouperfumes.com\/wp-content\/uploads\/noseman-768x424.png 768w, https:\/\/www.beyouperfumes.com\/wp-content\/uploads\/noseman-uai-720x397.png 720w\" sizes=\"(max-width: 1140px) 100vw, 1140px\" \/><\/div>\n\t\t\t\t\t<\/div>\n\t\t\t\t<\/div><\/div><\/div><\/div><\/div><\/div><\/div><\/div><\/div><\/div><script id=\"script-row-unique-3\" data-row=\"script-row-unique-3\" type=\"text\/javascript\" class=\"vc_controls\">UNCODE.initRow(document.getElementById(\"row-unique-3\"));<\/script><\/div><\/div><\/div>\n<\/div>","protected":false},"excerpt":{"rendered":"<p>Una fragancia personalizada con rosa de damasco y m\u00e1s de 100 rosas. Un perfume muy refinado, floral y pensado para seducir y encantar. Sus p\u00e9talos regalan las fragancias m\u00e1s complejas y delicadas de la naturaleza. En la sinfon\u00eda olfativa que ofrece el p\u00e9talo de la rosa, encontramos un efecto fresco de pimienta acompa\u00f1ado de una ligera reminiscencia de llaves, una sensaci\u00f3n dulce frutal que recuerda a la piel aterciopelada de la pesca y una sensaci\u00f3n de verdor. Por ello, esta esencia presenta toques afrutados y especiados creando un perfume complejo pero a la vez sublime y exquisito.<\/p>","protected":false},"featured_media":78978,"comment_status":"closed","ping_status":"closed","template":"","meta":[],"product_brand":[],"product_cat":[421],"product_tag":[],"class_list":{"0":"post-79206","1":"product","2":"type-product","3":"status-publish","4":"has-post-thumbnail","6":"product_cat-perfumes","8":"first","9":"outofstock","10":"taxable","11":"shipping-taxable","12":"purchasable","13":"product-type-variable","14":"has-default-attributes"},"yoast_head":"<!-- This site is optimized with the Yoast SEO plugin v27.5 - https:\/\/yoast.com\/product\/yoast-seo-wordpress\/ -->\n<title>PERFUME DE TANIA PRAT - Perfume floral de rosa de Damasc<\/title>\n<meta name=\"description\" content=\"Perfume Tania Prat. Una fragancia con rosa de damasco y m\u00e1s de 100 rosas. Un perfume muy refinado y floral, pensado para seducir y encantar.\" \/>\n<meta name=\"robots\" content=\"index, follow, max-snippet:-1, max-image-preview:large, max-video-preview:-1\" \/>\n<link rel=\"canonical\" href=\"https:\/\/www.beyouperfumes.com\/en\/tienda\/perfumes\/tania-prat-codina\/\" \/>\n<meta property=\"og:locale\" content=\"en_GB\" \/>\n<meta property=\"og:type\" content=\"article\" \/>\n<meta property=\"og:title\" content=\"PERFUME DE TANIA PRAT - Perfume floral de rosa de Damasc\" \/>\n<meta property=\"og:description\" content=\"Perfume Tania Prat. Una fragancia con rosa de damasco y m\u00e1s de 100 rosas. Un perfume muy refinado y floral, pensado para seducir y encantar.\" \/>\n<meta property=\"og:url\" content=\"https:\/\/www.beyouperfumes.com\/en\/tienda\/perfumes\/tania-prat-codina\/\" \/>\n<meta property=\"og:site_name\" content=\"BE YOU Perfumes\" \/>\n<meta property=\"article:publisher\" content=\"https:\/\/www.facebook.com\/BeYouPerfumes\/\" \/>\n<meta property=\"article:modified_time\" content=\"2023-10-16T14:33:23+00:00\" \/>\n<meta property=\"og:image\" content=\"https:\/\/www.beyouperfumes.com\/wp-content\/uploads\/perfum_caixa_rosa-1.jpg\" \/>\n\t<meta property=\"og:image:width\" content=\"900\" \/>\n\t<meta property=\"og:image:height\" content=\"831\" \/>\n\t<meta property=\"og:image:type\" content=\"image\/jpeg\" \/>\n<meta name=\"twitter:card\" content=\"summary_large_image\" \/>\n<meta name=\"twitter:site\" content=\"@beyouperfumes\" \/>\n<meta name=\"twitter:label1\" content=\"Estimated reading time\" \/>\n\t<meta name=\"twitter:data1\" content=\"4 minutes\" \/>\n<script type=\"application\/ld+json\" class=\"yoast-schema-graph\">{\"@context\":\"https:\\\/\\\/schema.org\",\"@graph\":[{\"@type\":\"WebPage\",\"@id\":\"https:\\\/\\\/www.beyouperfumes.com\\\/tienda\\\/perfumes\\\/tania-prat-codina\\\/\",\"url\":\"https:\\\/\\\/www.beyouperfumes.com\\\/tienda\\\/perfumes\\\/tania-prat-codina\\\/\",\"name\":\"PERFUME DE TANIA PRAT - Perfume floral de rosa de Damasc\",\"isPartOf\":{\"@id\":\"https:\\\/\\\/www.beyouperfumes.com\\\/#website\"},\"primaryImageOfPage\":{\"@id\":\"https:\\\/\\\/www.beyouperfumes.com\\\/tienda\\\/perfumes\\\/tania-prat-codina\\\/#primaryimage\"},\"image\":{\"@id\":\"https:\\\/\\\/www.beyouperfumes.com\\\/tienda\\\/perfumes\\\/tania-prat-codina\\\/#primaryimage\"},\"thumbnailUrl\":\"https:\\\/\\\/www.beyouperfumes.com\\\/wp-content\\\/uploads\\\/perfum_caixa_rosa-1.jpg\",\"datePublished\":\"2019-10-30T11:39:38+00:00\",\"dateModified\":\"2023-10-16T14:33:23+00:00\",\"description\":\"Perfume Tania Prat. Una fragancia con rosa de damasco y m\u00e1s de 100 rosas. Un perfume muy refinado y floral, pensado para seducir y encantar.\",\"breadcrumb\":{\"@id\":\"https:\\\/\\\/www.beyouperfumes.com\\\/tienda\\\/perfumes\\\/tania-prat-codina\\\/#breadcrumb\"},\"inLanguage\":\"en-GB\",\"potentialAction\":[{\"@type\":\"ReadAction\",\"target\":[\"https:\\\/\\\/www.beyouperfumes.com\\\/tienda\\\/perfumes\\\/tania-prat-codina\\\/\"]}]},{\"@type\":\"ImageObject\",\"inLanguage\":\"en-GB\",\"@id\":\"https:\\\/\\\/www.beyouperfumes.com\\\/tienda\\\/perfumes\\\/tania-prat-codina\\\/#primaryimage\",\"url\":\"https:\\\/\\\/www.beyouperfumes.com\\\/wp-content\\\/uploads\\\/perfum_caixa_rosa-1.jpg\",\"contentUrl\":\"https:\\\/\\\/www.beyouperfumes.com\\\/wp-content\\\/uploads\\\/perfum_caixa_rosa-1.jpg\",\"width\":900,\"height\":831,\"caption\":\"Perfum caixa rosa\"},{\"@type\":\"BreadcrumbList\",\"@id\":\"https:\\\/\\\/www.beyouperfumes.com\\\/tienda\\\/perfumes\\\/tania-prat-codina\\\/#breadcrumb\",\"itemListElement\":[{\"@type\":\"ListItem\",\"position\":1,\"name\":\"Home\",\"item\":\"https:\\\/\\\/www.beyouperfumes.com\\\/\"},{\"@type\":\"ListItem\",\"position\":2,\"name\":\"Productos\",\"item\":\"https:\\\/\\\/www.beyouperfumes.com\\\/shop\\\/\"},{\"@type\":\"ListItem\",\"position\":3,\"name\":\"PERFUME TANIA PRAT CON ROSA DE DAMASCO\"}]},{\"@type\":\"WebSite\",\"@id\":\"https:\\\/\\\/www.beyouperfumes.com\\\/#website\",\"url\":\"https:\\\/\\\/www.beyouperfumes.com\\\/\",\"name\":\"BE YOU Perfumes\",\"description\":\"Tu perfume exclusivo, crea tu perfume personalizado\",\"potentialAction\":[{\"@type\":\"SearchAction\",\"target\":{\"@type\":\"EntryPoint\",\"urlTemplate\":\"https:\\\/\\\/www.beyouperfumes.com\\\/?s={search_term_string}\"},\"query-input\":{\"@type\":\"PropertyValueSpecification\",\"valueRequired\":true,\"valueName\":\"search_term_string\"}}],\"inLanguage\":\"en-GB\"}]}<\/script>\n<!-- \/ Yoast SEO plugin. -->","yoast_head_json":{"title":"PERFUME DE TANIA PRAT - Perfume floral de rosa de Damasc","description":"Perfume Tania Prat. Una fragancia con rosa de damasco y m\u00e1s de 100 rosas. Un perfume muy refinado y floral, pensado para seducir y encantar.","robots":{"index":"index","follow":"follow","max-snippet":"max-snippet:-1","max-image-preview":"max-image-preview:large","max-video-preview":"max-video-preview:-1"},"canonical":"https:\/\/www.beyouperfumes.com\/en\/tienda\/perfumes\/tania-prat-codina\/","og_locale":"en_GB","og_type":"article","og_title":"PERFUME DE TANIA PRAT - Perfume floral de rosa de Damasc","og_description":"Perfume Tania Prat. Una fragancia con rosa de damasco y m\u00e1s de 100 rosas. Un perfume muy refinado y floral, pensado para seducir y encantar.","og_url":"https:\/\/www.beyouperfumes.com\/en\/tienda\/perfumes\/tania-prat-codina\/","og_site_name":"BE YOU Perfumes","article_publisher":"https:\/\/www.facebook.com\/BeYouPerfumes\/","article_modified_time":"2023-10-16T14:33:23+00:00","og_image":[{"width":900,"height":831,"url":"https:\/\/www.beyouperfumes.com\/wp-content\/uploads\/perfum_caixa_rosa-1.jpg","type":"image\/jpeg"}],"twitter_card":"summary_large_image","twitter_site":"@beyouperfumes","twitter_misc":{"Estimated reading time":"4 minutes"},"schema":{"@context":"https:\/\/schema.org","@graph":[{"@type":"WebPage","@id":"https:\/\/www.beyouperfumes.com\/tienda\/perfumes\/tania-prat-codina\/","url":"https:\/\/www.beyouperfumes.com\/tienda\/perfumes\/tania-prat-codina\/","name":"PERFUME DE TANIA PRAT - Perfume floral de rosa de Damasc","isPartOf":{"@id":"https:\/\/www.beyouperfumes.com\/#website"},"primaryImageOfPage":{"@id":"https:\/\/www.beyouperfumes.com\/tienda\/perfumes\/tania-prat-codina\/#primaryimage"},"image":{"@id":"https:\/\/www.beyouperfumes.com\/tienda\/perfumes\/tania-prat-codina\/#primaryimage"},"thumbnailUrl":"https:\/\/www.beyouperfumes.com\/wp-content\/uploads\/perfum_caixa_rosa-1.jpg","datePublished":"2019-10-30T11:39:38+00:00","dateModified":"2023-10-16T14:33:23+00:00","description":"Perfume Tania Prat. Una fragancia con rosa de damasco y m\u00e1s de 100 rosas. Un perfume muy refinado y floral, pensado para seducir y encantar.","breadcrumb":{"@id":"https:\/\/www.beyouperfumes.com\/tienda\/perfumes\/tania-prat-codina\/#breadcrumb"},"inLanguage":"en-GB","potentialAction":[{"@type":"ReadAction","target":["https:\/\/www.beyouperfumes.com\/tienda\/perfumes\/tania-prat-codina\/"]}]},{"@type":"ImageObject","inLanguage":"en-GB","@id":"https:\/\/www.beyouperfumes.com\/tienda\/perfumes\/tania-prat-codina\/#primaryimage","url":"https:\/\/www.beyouperfumes.com\/wp-content\/uploads\/perfum_caixa_rosa-1.jpg","contentUrl":"https:\/\/www.beyouperfumes.com\/wp-content\/uploads\/perfum_caixa_rosa-1.jpg","width":900,"height":831,"caption":"Perfum caixa rosa"},{"@type":"BreadcrumbList","@id":"https:\/\/www.beyouperfumes.com\/tienda\/perfumes\/tania-prat-codina\/#breadcrumb","itemListElement":[{"@type":"ListItem","position":1,"name":"Home","item":"https:\/\/www.beyouperfumes.com\/"},{"@type":"ListItem","position":2,"name":"Productos","item":"https:\/\/www.beyouperfumes.com\/shop\/"},{"@type":"ListItem","position":3,"name":"PERFUME TANIA PRAT CON ROSA DE DAMASCO"}]},{"@type":"WebSite","@id":"https:\/\/www.beyouperfumes.com\/#website","url":"https:\/\/www.beyouperfumes.com\/","name":"BE YOU Perfumes","description":"Tu perfume exclusivo, crea tu perfume personalizado","potentialAction":[{"@type":"SearchAction","target":{"@type":"EntryPoint","urlTemplate":"https:\/\/www.beyouperfumes.com\/?s={search_term_string}"},"query-input":{"@type":"PropertyValueSpecification","valueRequired":true,"valueName":"search_term_string"}}],"inLanguage":"en-GB"}]}},"_links":{"self":[{"href":"https:\/\/www.beyouperfumes.com\/en\/wp-json\/wp\/v2\/product\/79206","targetHints":{"allow":["GET"]}}],"collection":[{"href":"https:\/\/www.beyouperfumes.com\/en\/wp-json\/wp\/v2\/product"}],"about":[{"href":"https:\/\/www.beyouperfumes.com\/en\/wp-json\/wp\/v2\/types\/product"}],"replies":[{"embeddable":true,"href":"https:\/\/www.beyouperfumes.com\/en\/wp-json\/wp\/v2\/comments?post=79206"}],"wp:featuredmedia":[{"embeddable":true,"href":"https:\/\/www.beyouperfumes.com\/en\/wp-json\/wp\/v2\/media\/78978"}],"wp:attachment":[{"href":"https:\/\/www.beyouperfumes.com\/en\/wp-json\/wp\/v2\/media?parent=79206"}],"wp:term":[{"taxonomy":"product_brand","embeddable":true,"href":"https:\/\/www.beyouperfumes.com\/en\/wp-json\/wp\/v2\/product_brand?post=79206"},{"taxonomy":"product_cat","embeddable":true,"href":"https:\/\/www.beyouperfumes.com\/en\/wp-json\/wp\/v2\/product_cat?post=79206"},{"taxonomy":"product_tag","embeddable":true,"href":"https:\/\/www.beyouperfumes.com\/en\/wp-json\/wp\/v2\/product_tag?post=79206"}],"curies":[{"name":"wp","href":"https:\/\/api.w.org\/{rel}","templated":true}]}}