{"id":164,"date":"2017-04-27T07:54:42","date_gmt":"2017-04-27T07:54:42","guid":{"rendered":"https:\/\/beyou.fr\/es\/?page_id=164"},"modified":"2020-09-07T08:10:34","modified_gmt":"2020-09-07T08:10:34","slug":"filosofia","status":"publish","type":"page","link":"https:\/\/www.beyouperfumes.com\/en\/filosofia\/","title":{"rendered":"Philosophy"},"content":{"rendered":"<div class=\"wpb-content-wrapper\"><div data-parent=\"true\" class=\"vc_row row-container\" id=\"row-unique-0\"><div class=\"row limit-width row-parent\"><div class=\"wpb_row row-inner\"><div class=\"wpb_column pos-top pos-center align_left column_parent col-lg-12 single-internal-gutter\"><div class=\"uncol style-light\"  ><div class=\"uncoltable\"><div class=\"uncell no-block-padding\" ><div class=\"uncont\" ><div class=\"uncode_text_column\" ><\/p>\n<p>&nbsp;<\/p>\n<h2 style=\"text-align: center;\"><span style=\"font-size: 175%;\"><strong>We are a company with social responsibility<\/strong><\/span><\/h2>\n<h3 style=\"text-align: center;\">Our philosophy is based on a win-win situation.<\/h3>\n<p><center><\/center><center><img decoding=\"async\" class=\"wp-image-68624 aligncenter\" src=\"https:\/\/www.beyouperfumes.com\/wp-content\/uploads\/relieve-generacional.jpg\" alt=\"\" width=\"156\" height=\"145\" srcset=\"https:\/\/www.beyouperfumes.com\/wp-content\/uploads\/relieve-generacional.jpg 400w, https:\/\/www.beyouperfumes.com\/wp-content\/uploads\/relieve-generacional-100x94.jpg 100w\" sizes=\"(max-width: 156px) 100vw, 156px\" \/><\/center><\/p>\n<p style=\"text-align: justify;\"><span style=\"font-size: 130%;\"><em>Fix the inhabitants to the territory avoiding their emigration<\/em><\/span><\/p>\n<ul style=\"text-align: justify;\">\n<li style=\"text-align: justify;\"><span style=\"font-size: 130%;\">Production of crops with enough added value to achieve a generational replacement that works the fields avoiding abandonment and rural depopulation.<\/span><\/li>\n<li style=\"text-align: justify;\"><span style=\"font-size: 130%;\">We intend to help cooperative structures to increase the yield per hectare.<\/span><\/li>\n<li style=\"text-align: justify;\"><span style=\"font-size: 130%;\">By cultivating aromatic and medicinal plants to obtain quality essential oils.<\/span><\/li>\n<li style=\"text-align: justify;\"><span style=\"font-size: 130%;\"><a href=\"https:\/\/www.beyouperfumes.com\/en\/\" target=\"_blank\" rel=\"noopener noreferrer\">beYou Fragrances<\/a> wants to create perfumes, other quality products, and once the demand is generated, we will refer to the cooperatives, the production of essential oils. Minimizing the risk to farmers.<\/span><\/li>\n<\/ul>\n<p>&nbsp;<\/p>\n<p style=\"text-align: justify;\"><span style=\"font-size: 130%;\"><em> Opportunity for young perfumers and a test bench<\/em><\/span><\/p>\n<ul style=\"text-align: justify;\">\n<li style=\"text-align: justify;\"><span style=\"font-size: 130%;\">Provide young emerging talents with a means to make their creations on our platform hoping that it will allow them to attract attention to their talent.<\/span><\/li>\n<li style=\"text-align: justify;\"><span style=\"font-size: 130%;\">Also for the most consolidated it is a test bench for risky proposals that would hardly be seen by the <a href=\"https:\/\/www.lausengier.com\" target=\"_blank\" rel=\"noopener noreferrer\">conventional channels<\/a>.<\/span><\/li>\n<\/ul>\n<p style=\"text-align: justify;\"><span style=\"font-size: 130%;\"><em>3.- Proporcionar a los usuarios la posibilidad de realizar perfumes de forma sencilla y acceder a gran cantidad de recetas de alta calidad.<\/em><\/span><\/p>\n<ul style=\"text-align: justify;\">\n<li style=\"text-align: justify;\"><span style=\"font-size: 130%;\">Our business model is innovative since some propose personalized perfumes, others have an olfactory preference test but nobody is able to provide the experience of creating a perfume.<\/span><\/li>\n<\/ul>\n<p>&nbsp;<\/p>\n<p style=\"text-align: center;\"><span style=\"font-size: 130%;\"><img decoding=\"async\" class=\"wp-image-68623 alignnone\" src=\"https:\/\/www.beyouperfumes.com\/wp-content\/uploads\/imageedit_1_8396090436.png\" alt=\"\" width=\"200\" height=\"201\" srcset=\"https:\/\/www.beyouperfumes.com\/wp-content\/uploads\/imageedit_1_8396090436.png 400w, https:\/\/www.beyouperfumes.com\/wp-content\/uploads\/imageedit_1_8396090436-100x100.png 100w\" sizes=\"(max-width: 200px) 100vw, 200px\" \/><img decoding=\"async\" class=\"wp-image-68622 alignnone\" src=\"https:\/\/www.beyouperfumes.com\/wp-content\/uploads\/caring-consumer.jpg\" alt=\"\" width=\"200\" height=\"205\" srcset=\"https:\/\/www.beyouperfumes.com\/wp-content\/uploads\/caring-consumer.jpg 400w, https:\/\/www.beyouperfumes.com\/wp-content\/uploads\/caring-consumer-100x103.jpg 100w\" sizes=\"(max-width: 200px) 100vw, 200px\" \/><\/span><\/p>\n<p style=\"text-align: justify;\"><span style=\"font-size: 130%;\">The brands of great designers gave way to celebrities and, increasingly, author perfumery gains more weight. This is where our philosophy comes into play.<br \/>\n<\/span><\/p>\n<p style=\"text-align: justify;\"><span style=\"font-size: 130%;\">A way of creating one's own identity through the sense of smell. <\/span><span style=\"font-size: 130%;\">Nuestra idea consiste en la creaci\u00f3n de perfumes de alta calidad a partir de cofres. Este sistema nos permite convertir la compra de un perfume en una experiencia.<\/span><\/p>\n<p style=\"text-align: justify;\"><span style=\"font-size: 130%;\">We provide everything needed to create fragrances. The perfumers provide a large number of recipes for each user, for the customer to experiment at home.<\/span><\/p>\n<p style=\"text-align: justify;\"><span style=\"font-size: 130%;\">The producers provide the best quality raw materials, and as demand increases, we will pass on the production of the oils to the farmers, always under fair trade premises. <strong>It is a win-win philosophy.<\/strong>.<br \/>\n<\/span><\/p>\n<p>\n<\/div><\/div><\/div><\/div><\/div><\/div><script id=\"script-row-unique-0\" data-row=\"script-row-unique-0\" type=\"text\/javascript\" class=\"vc_controls\">UNCODE.initRow(document.getElementById(\"row-unique-0\"));<\/script><\/div><\/div><\/div>\n<\/div>","protected":false},"excerpt":{"rendered":"&nbsp; Somos una empresa con responsabilidad social Nuestra filosof\u00eda est\u00e1 basada en un win-win (Todos salimos ganando) 1.- Filosof\u00eda de [...]","protected":false},"author":1,"featured_media":0,"parent":0,"menu_order":0,"comment_status":"closed","ping_status":"closed","template":"","meta":{"footnotes":""},"class_list":["post-164","page","type-page","status-publish","hentry"],"yoast_head":"<!-- This site is optimized with the Yoast SEO plugin v27.4 - https:\/\/yoast.com\/product\/yoast-seo-wordpress\/ -->\n<title>Filosof\u00eda de nuestros valores, misi\u00f3n y visi\u00f3n ejecutiva - beYou Perfumes<\/title>\n<meta name=\"description\" content=\"Nuestra filosofia se basa en fijar al territorio sus habitantes y evitar su emigraci\u00f3n. Dar oportunidad a los j\u00f3venes perfumistas y ofrecer una experiencia.\" \/>\n<meta name=\"robots\" content=\"index, follow, max-snippet:-1, max-image-preview:large, max-video-preview:-1\" \/>\n<link rel=\"canonical\" href=\"https:\/\/www.beyouperfumes.com\/en\/filosofia\/\" \/>\n<meta property=\"og:locale\" content=\"en_GB\" \/>\n<meta property=\"og:type\" content=\"article\" \/>\n<meta property=\"og:title\" content=\"Filosof\u00eda de nuestros valores, misi\u00f3n y visi\u00f3n ejecutiva - beYou Perfumes\" \/>\n<meta property=\"og:description\" content=\"Nuestra filosofia se basa en fijar al territorio sus habitantes y evitar su emigraci\u00f3n. Dar oportunidad a los j\u00f3venes perfumistas y ofrecer una experiencia.\" \/>\n<meta property=\"og:url\" content=\"https:\/\/www.beyouperfumes.com\/en\/filosofia\/\" \/>\n<meta property=\"og:site_name\" content=\"BE YOU Perfumes\" \/>\n<meta property=\"article:publisher\" content=\"https:\/\/www.facebook.com\/BeYouPerfumes\/\" \/>\n<meta property=\"article:modified_time\" content=\"2020-09-07T08:10:34+00:00\" \/>\n<meta property=\"og:image\" content=\"https:\/\/www.beyouperfumes.com\/wp-content\/uploads\/relieve-generacional.jpg\" \/>\n<meta name=\"twitter:card\" content=\"summary_large_image\" \/>\n<meta name=\"twitter:site\" content=\"@beyouperfumes\" \/>\n<meta name=\"twitter:label1\" content=\"Estimated reading time\" \/>\n\t<meta name=\"twitter:data1\" content=\"2 minutes\" \/>\n<script type=\"application\/ld+json\" class=\"yoast-schema-graph\">{\"@context\":\"https:\\\/\\\/schema.org\",\"@graph\":[{\"@type\":\"WebPage\",\"@id\":\"https:\\\/\\\/www.beyouperfumes.com\\\/filosofia\\\/\",\"url\":\"https:\\\/\\\/www.beyouperfumes.com\\\/filosofia\\\/\",\"name\":\"Filosof\u00eda de nuestros valores, misi\u00f3n y visi\u00f3n ejecutiva - beYou Perfumes\",\"isPartOf\":{\"@id\":\"https:\\\/\\\/www.beyouperfumes.com\\\/#website\"},\"primaryImageOfPage\":{\"@id\":\"https:\\\/\\\/www.beyouperfumes.com\\\/filosofia\\\/#primaryimage\"},\"image\":{\"@id\":\"https:\\\/\\\/www.beyouperfumes.com\\\/filosofia\\\/#primaryimage\"},\"thumbnailUrl\":\"https:\\\/\\\/www.beyouperfumes.com\\\/wp-content\\\/uploads\\\/relieve-generacional.jpg\",\"datePublished\":\"2017-04-27T07:54:42+00:00\",\"dateModified\":\"2020-09-07T08:10:34+00:00\",\"description\":\"Nuestra filosofia se basa en fijar al territorio sus habitantes y evitar su emigraci\u00f3n. Dar oportunidad a los j\u00f3venes perfumistas y ofrecer una experiencia.\",\"breadcrumb\":{\"@id\":\"https:\\\/\\\/www.beyouperfumes.com\\\/filosofia\\\/#breadcrumb\"},\"inLanguage\":\"en-GB\",\"potentialAction\":[{\"@type\":\"ReadAction\",\"target\":[\"https:\\\/\\\/www.beyouperfumes.com\\\/filosofia\\\/\"]}]},{\"@type\":\"ImageObject\",\"inLanguage\":\"en-GB\",\"@id\":\"https:\\\/\\\/www.beyouperfumes.com\\\/filosofia\\\/#primaryimage\",\"url\":\"https:\\\/\\\/www.beyouperfumes.com\\\/wp-content\\\/uploads\\\/relieve-generacional.jpg\",\"contentUrl\":\"https:\\\/\\\/www.beyouperfumes.com\\\/wp-content\\\/uploads\\\/relieve-generacional.jpg\"},{\"@type\":\"BreadcrumbList\",\"@id\":\"https:\\\/\\\/www.beyouperfumes.com\\\/filosofia\\\/#breadcrumb\",\"itemListElement\":[{\"@type\":\"ListItem\",\"position\":1,\"name\":\"Home\",\"item\":\"https:\\\/\\\/www.beyouperfumes.com\\\/\"},{\"@type\":\"ListItem\",\"position\":2,\"name\":\"Filosof\u00eda\"}]},{\"@type\":\"WebSite\",\"@id\":\"https:\\\/\\\/www.beyouperfumes.com\\\/#website\",\"url\":\"https:\\\/\\\/www.beyouperfumes.com\\\/\",\"name\":\"BE YOU Perfumes\",\"description\":\"Tu perfume exclusivo, crea tu perfume personalizado\",\"potentialAction\":[{\"@type\":\"SearchAction\",\"target\":{\"@type\":\"EntryPoint\",\"urlTemplate\":\"https:\\\/\\\/www.beyouperfumes.com\\\/?s={search_term_string}\"},\"query-input\":{\"@type\":\"PropertyValueSpecification\",\"valueRequired\":true,\"valueName\":\"search_term_string\"}}],\"inLanguage\":\"en-GB\"}]}<\/script>\n<!-- \/ Yoast SEO plugin. -->","yoast_head_json":{"title":"Filosof\u00eda de nuestros valores, misi\u00f3n y visi\u00f3n ejecutiva - beYou Perfumes","description":"Nuestra filosofia se basa en fijar al territorio sus habitantes y evitar su emigraci\u00f3n. Dar oportunidad a los j\u00f3venes perfumistas y ofrecer una experiencia.","robots":{"index":"index","follow":"follow","max-snippet":"max-snippet:-1","max-image-preview":"max-image-preview:large","max-video-preview":"max-video-preview:-1"},"canonical":"https:\/\/www.beyouperfumes.com\/en\/filosofia\/","og_locale":"en_GB","og_type":"article","og_title":"Filosof\u00eda de nuestros valores, misi\u00f3n y visi\u00f3n ejecutiva - beYou Perfumes","og_description":"Nuestra filosofia se basa en fijar al territorio sus habitantes y evitar su emigraci\u00f3n. Dar oportunidad a los j\u00f3venes perfumistas y ofrecer una experiencia.","og_url":"https:\/\/www.beyouperfumes.com\/en\/filosofia\/","og_site_name":"BE YOU Perfumes","article_publisher":"https:\/\/www.facebook.com\/BeYouPerfumes\/","article_modified_time":"2020-09-07T08:10:34+00:00","og_image":[{"url":"https:\/\/www.beyouperfumes.com\/wp-content\/uploads\/relieve-generacional.jpg","type":"","width":"","height":""}],"twitter_card":"summary_large_image","twitter_site":"@beyouperfumes","twitter_misc":{"Estimated reading time":"2 minutes"},"schema":{"@context":"https:\/\/schema.org","@graph":[{"@type":"WebPage","@id":"https:\/\/www.beyouperfumes.com\/filosofia\/","url":"https:\/\/www.beyouperfumes.com\/filosofia\/","name":"Filosof\u00eda de nuestros valores, misi\u00f3n y visi\u00f3n ejecutiva - beYou Perfumes","isPartOf":{"@id":"https:\/\/www.beyouperfumes.com\/#website"},"primaryImageOfPage":{"@id":"https:\/\/www.beyouperfumes.com\/filosofia\/#primaryimage"},"image":{"@id":"https:\/\/www.beyouperfumes.com\/filosofia\/#primaryimage"},"thumbnailUrl":"https:\/\/www.beyouperfumes.com\/wp-content\/uploads\/relieve-generacional.jpg","datePublished":"2017-04-27T07:54:42+00:00","dateModified":"2020-09-07T08:10:34+00:00","description":"Nuestra filosofia se basa en fijar al territorio sus habitantes y evitar su emigraci\u00f3n. Dar oportunidad a los j\u00f3venes perfumistas y ofrecer una experiencia.","breadcrumb":{"@id":"https:\/\/www.beyouperfumes.com\/filosofia\/#breadcrumb"},"inLanguage":"en-GB","potentialAction":[{"@type":"ReadAction","target":["https:\/\/www.beyouperfumes.com\/filosofia\/"]}]},{"@type":"ImageObject","inLanguage":"en-GB","@id":"https:\/\/www.beyouperfumes.com\/filosofia\/#primaryimage","url":"https:\/\/www.beyouperfumes.com\/wp-content\/uploads\/relieve-generacional.jpg","contentUrl":"https:\/\/www.beyouperfumes.com\/wp-content\/uploads\/relieve-generacional.jpg"},{"@type":"BreadcrumbList","@id":"https:\/\/www.beyouperfumes.com\/filosofia\/#breadcrumb","itemListElement":[{"@type":"ListItem","position":1,"name":"Home","item":"https:\/\/www.beyouperfumes.com\/"},{"@type":"ListItem","position":2,"name":"Filosof\u00eda"}]},{"@type":"WebSite","@id":"https:\/\/www.beyouperfumes.com\/#website","url":"https:\/\/www.beyouperfumes.com\/","name":"BE YOU Perfumes","description":"Tu perfume exclusivo, crea tu perfume personalizado","potentialAction":[{"@type":"SearchAction","target":{"@type":"EntryPoint","urlTemplate":"https:\/\/www.beyouperfumes.com\/?s={search_term_string}"},"query-input":{"@type":"PropertyValueSpecification","valueRequired":true,"valueName":"search_term_string"}}],"inLanguage":"en-GB"}]}},"_links":{"self":[{"href":"https:\/\/www.beyouperfumes.com\/en\/wp-json\/wp\/v2\/pages\/164","targetHints":{"allow":["GET"]}}],"collection":[{"href":"https:\/\/www.beyouperfumes.com\/en\/wp-json\/wp\/v2\/pages"}],"about":[{"href":"https:\/\/www.beyouperfumes.com\/en\/wp-json\/wp\/v2\/types\/page"}],"author":[{"embeddable":true,"href":"https:\/\/www.beyouperfumes.com\/en\/wp-json\/wp\/v2\/users\/1"}],"replies":[{"embeddable":true,"href":"https:\/\/www.beyouperfumes.com\/en\/wp-json\/wp\/v2\/comments?post=164"}],"version-history":[{"count":12,"href":"https:\/\/www.beyouperfumes.com\/en\/wp-json\/wp\/v2\/pages\/164\/revisions"}],"predecessor-version":[{"id":84015,"href":"https:\/\/www.beyouperfumes.com\/en\/wp-json\/wp\/v2\/pages\/164\/revisions\/84015"}],"wp:attachment":[{"href":"https:\/\/www.beyouperfumes.com\/en\/wp-json\/wp\/v2\/media?parent=164"}],"curies":[{"name":"wp","href":"https:\/\/api.w.org\/{rel}","templated":true}]}}