{"id":83559,"date":"2020-05-08T14:55:54","date_gmt":"2020-05-08T14:55:54","guid":{"rendered":"https:\/\/www.beyouperfumes.com\/?post_type=product&#038;p=83559"},"modified":"2022-12-19T10:06:54","modified_gmt":"2022-12-19T10:06:54","slug":"gel-hidroalcoholico-5l-con-extracto-de-aloe-vera","status":"publish","type":"product","link":"https:\/\/www.beyouperfumes.com\/ca\/tienda\/gel-hidroalcoholico\/gel-hidroalcoholico-5l-con-extracto-de-aloe-vera\/","title":{"rendered":"Gel hidroalcoh\u00f2lic 5L amb extracte d'Aloe vera"},"content":{"rendered":"<div class=\"wpb-content-wrapper\"><div data-parent=\"true\" class=\"vc_row row-container\" id=\"row-unique-0\"><div class=\"row limit-width row-parent\"><div class=\"wpb_row row-inner\"><div class=\"wpb_column pos-top pos-center align_center column_parent col-lg-12 single-internal-gutter\"><div class=\"uncol style-light\"  ><div class=\"uncoltable\"><div class=\"uncell no-block-padding\" ><div class=\"uncont\" ><div class=\"vc_custom_heading_wrap\"><div class=\"heading-text el-text\" ><h2 class=\"h2\" ><span>Gel hidroalcoh\u00f2lic d'alta qualitat amb extracte d'Aloe Vera<\/span><\/h2><\/div><div class=\"clear\"><\/div><\/div><\/div><\/div><\/div><\/div><\/div><script id=\"script-row-unique-0\" data-row=\"script-row-unique-0\" type=\"text\/javascript\" class=\"vc_controls\">UNCODE.initRow(document.getElementById(\"row-unique-0\"));<\/script><\/div><\/div><\/div><div data-parent=\"true\" class=\"vc_row row-container\" id=\"row-unique-1\"><div class=\"row limit-width row-parent\"><div class=\"wpb_row row-inner\"><div class=\"wpb_column pos-top pos-center align_center column_parent col-lg-6 single-internal-gutter\"><div class=\"uncol style-light\"  ><div class=\"uncoltable\"><div class=\"uncell no-block-padding\" ><div class=\"uncont\" ><div class=\"icon-box icon-box-top\" ><div class=\"icon-box-icon fa-container\" ><span class=\"text-color-212204-color btn-disable-hover\"><i class=\"fa fa-check-circle fa-3x fa-fw\"><\/i><\/span><\/div><div class=\"icon-box-content\"><div class=\"icon-box-heading icon-box-fa-3x\"><h3 class=\"h3\">Forma d'\u00fas<\/h3><\/div>\n<p style=\"text-align: justify;\">Aplicar una o dues dosis de producte i fregar les mans fins a la seva completa absorci\u00f3. No esbandir ni assecar despr\u00e9s de l'aplicaci\u00f3. Repetir l'aplicaci\u00f3 cada vegada que es necessiti una neteja profunda de les mans amb el gel hidroalcoh\u00f2lic higienitzant.<br \/><\/p>\n<\/div><\/div><\/div><\/div><\/div><\/div><\/div><div class=\"wpb_column pos-top pos-center align_center column_parent col-lg-6 single-internal-gutter\"><div class=\"uncol style-light\"  ><div class=\"uncoltable\"><div class=\"uncell no-block-padding\" ><div class=\"uncont\" ><div class=\"icon-box icon-box-top\" ><div class=\"icon-box-icon fa-container\" ><span class=\"text-color-212204-color btn-disable-hover\"><i class=\"fa fa-warning3 fa-3x fa-fw\"><\/i><\/span><\/div><div class=\"icon-box-content\"><div class=\"icon-box-heading icon-box-fa-3x\"><h3 class=\"h3\">Precaucions<\/h3><\/div>\n<p style=\"text-align: justify;\">\u00das extern. No ingerir. Evitar el contacte amb els ulls i mucoses. No aplicar sobre pell irritada o danyada. Mantenir fora de l'abast dels nens.<br \/><\/p>\n<\/div><\/div><\/div><\/div><\/div><\/div><\/div><script id=\"script-row-unique-1\" data-row=\"script-row-unique-1\" type=\"text\/javascript\" class=\"vc_controls\">UNCODE.initRow(document.getElementById(\"row-unique-1\"));<\/script><\/div><\/div><\/div><div data-parent=\"true\" class=\"vc_row row-container\" id=\"row-unique-2\"><div class=\"row limit-width row-parent\"><div class=\"wpb_row row-inner\"><div class=\"wpb_column pos-top pos-center align_center column_parent col-lg-12 single-internal-gutter\"><div class=\"uncol style-light\"  ><div class=\"uncoltable\"><div class=\"uncell no-block-padding\" ><div class=\"uncont\" ><div class=\"vc_custom_heading_wrap\"><div class=\"heading-text el-text\" ><h2 class=\"h2\" ><span>Som una empresa amb responsabilitat social<\/span><\/h2><\/div><div class=\"clear\"><\/div><\/div><div class=\"uncode-single-media  text-center\"><div class=\"single-wrapper\" style=\"max-width: 20%;\"><div class=\"tmb tmb-light  tmb-media-first tmb-media-last tmb-content-overlay tmb-no-bg\"><div class=\"t-inside\"><div class=\"t-entry-visual\"><div class=\"t-entry-visual-tc\"><div class=\"uncode-single-media-wrapper\"><img decoding=\"async\" class=\"wp-image-83611\" src=\"https:\/\/www.beyouperfumes.com\/wp-content\/uploads\/imageedit_1_8859178498.png\" width=\"672\" height=\"676\" alt=\"\" srcset=\"https:\/\/www.beyouperfumes.com\/wp-content\/uploads\/imageedit_1_8859178498.png 672w, https:\/\/www.beyouperfumes.com\/wp-content\/uploads\/imageedit_1_8859178498-300x302.png 300w, https:\/\/www.beyouperfumes.com\/wp-content\/uploads\/imageedit_1_8859178498-100x100.png 100w, https:\/\/www.beyouperfumes.com\/wp-content\/uploads\/imageedit_1_8859178498-400x402.png 400w\" sizes=\"(max-width: 672px) 100vw, 672px\" \/><\/div>\n\t\t\t\t\t<\/div>\n\t\t\t\t<\/div><\/div><\/div><\/div><\/div><\/div><\/div><\/div><\/div><\/div><script id=\"script-row-unique-2\" data-row=\"script-row-unique-2\" type=\"text\/javascript\" class=\"vc_controls\">UNCODE.initRow(document.getElementById(\"row-unique-2\"));<\/script><\/div><\/div><\/div><div data-parent=\"true\" class=\"vc_row row-container\" id=\"row-unique-3\"><div class=\"row limit-width row-parent\"><div class=\"wpb_row row-inner\"><div class=\"wpb_column pos-top pos-center align_center column_parent col-lg-6 single-internal-gutter\"><div class=\"uncol style-light\"  ><div class=\"uncoltable\"><div class=\"uncell no-block-padding\" ><div class=\"uncont\" ><div class=\"icon-box icon-box-top\" ><div class=\"icon-box-icon fa-container\" ><span class=\"text-color-212204-color btn-disable-hover\"><i class=\"fa fa-adjust fa-1x fa-fw\"><\/i><\/span><\/div><div class=\"icon-box-content\"><div class=\"icon-box-heading icon-box-fa-1x\"><h3 class=\"h3\">Fixar al territori seus habitants evitant la seva emigraci\u00f3.<\/h3><\/div><p style=\"text-align: justify;\">Produir cultius amb el suficient valor afegit per aconseguir un relleu generacional que treballi els camps. Evitant l\u2019abandonament i la despoblaci\u00f3 rural.<\/p>\n<p style=\"text-align: justify;\">Pretenem ajudar les estructures cooperatives a incrementar el rendiment per hect\u00e0rea.<\/p>\n<p style=\"text-align: justify;\">Mitjan\u00e7ant el cultiu de plantes arom\u00e0tiques i medicinals per obtenir els olis essencials de qualitat.<\/p>\n<p style=\"text-align: justify;\"><a href=\"https:\/\/www.beyouperfumes.com\/ca\/\" target=\"_blank\" rel=\"noopener noreferrer\">beYou Fragrances<\/a> vol crear perfums, i una vegada generada la demanda, derivarem a les cooperatives, la producci\u00f3 dels olis essencials. Minimitzant el risc per als agricultors.<\/p>\n<\/div><\/div><\/div><\/div><\/div><\/div><\/div><div class=\"wpb_column pos-top pos-center align_center column_parent col-lg-6 single-internal-gutter\"><div class=\"uncol style-light\"  ><div class=\"uncoltable\"><div class=\"uncell no-block-padding\" ><div class=\"uncont\" ><div class=\"icon-box icon-box-top\" ><div class=\"icon-box-icon fa-container\" ><span class=\"text-color-212204-color btn-disable-hover\"><i class=\"fa fa-adjust fa-1x fa-fw\"><\/i><\/span><\/div><div class=\"icon-box-content\"><div class=\"icon-box-heading icon-box-fa-1x\"><h3 class=\"h3\">Donar la primera oportunitat als joves perfumistes i un banc de proves als consolidats.<\/h3><\/div><p style=\"text-align: justify;\">Proporcionar als joves talents emergents un mitj\u00e0 perqu\u00e8 puguin obtenir els seus primers ingressos realitzant les seves creacions sobre la nostra plataforma esperant que els permeti captar l\u2019atenci\u00f3 sobre el seu talent.<\/p>\n<p style=\"text-align: justify;\">Tamb\u00e9 per als m\u00e9s consolidats perfumistes \u00e9s un banc de proves per a propostes arriscades que dif\u00edcilment veurien la llum pels canals convencionals.\u00a0<a href=\"https:\/\/www.lausengier.com\/\" target=\"_blank\" rel=\"noopener noreferrer\">canals convencionals<\/a>.<\/p>\n<\/div><\/div><\/div><\/div><\/div><\/div><\/div><script id=\"script-row-unique-3\" data-row=\"script-row-unique-3\" type=\"text\/javascript\" class=\"vc_controls\">UNCODE.initRow(document.getElementById(\"row-unique-3\"));<\/script><\/div><\/div><\/div><div data-parent=\"true\" class=\"vc_row row-container\" id=\"row-unique-4\"><div class=\"row limit-width row-parent\"><div class=\"wpb_row row-inner\"><div class=\"wpb_column pos-top pos-center align_center column_parent col-lg-6 single-internal-gutter\"><div class=\"uncol style-light\"  ><div class=\"uncoltable\"><div class=\"uncell no-block-padding\" ><div class=\"uncont\" ><div class=\"icon-box icon-box-top\" ><div class=\"icon-box-icon fa-container\" ><span class=\"text-color-212204-color btn-disable-hover\"><i class=\"fa fa-adjust fa-1x fa-fw\"><\/i><\/span><\/div><div class=\"icon-box-content\"><div class=\"icon-box-heading icon-box-fa-1x\"><h3 class=\"h3\">Proporcionar als usuaris la possibilitat de realitzar perfums de forma senzilla i accedir a gran quantitat de receptes d\u2019alta qualitat.<\/h3><\/div>\n<p style=\"text-align: justify;\">El nostre model de negoci \u00e9s innovador ja que alguns proposen perfums personalitzats, altres disposen d\u2019un test de prefer\u00e8ncies olfactives per\u00f2 ning\u00fa \u00e9s capa\u00e7 de proporcionar l\u2019experi\u00e8ncia de la creaci\u00f3 d\u2019un perfum.<br \/><\/p>\n<\/div><\/div><\/div><\/div><\/div><\/div><\/div><div class=\"wpb_column pos-top pos-center align_center column_parent col-lg-6 single-internal-gutter\"><div class=\"uncol style-light\"  ><div class=\"uncoltable\"><div class=\"uncell no-block-padding\" ><div class=\"uncont\" ><div class=\"icon-box icon-box-top\" ><div class=\"icon-box-icon fa-container\" ><span class=\"text-color-212204-color btn-disable-hover\"><i class=\"fa fa-adjust fa-1x fa-fw\"><\/i><\/span><\/div><div class=\"icon-box-content\"><div class=\"icon-box-heading icon-box-fa-1x\"><h3 class=\"h3\">El sector de la perfumeria est\u00e0 canviant en els darrers anys<\/h3><\/div>\n<p style=\"text-align: justify;\">Les marques de grans dissenyadors van donar pas a les de celebrities i, cada vegada, guanya m\u00e9s pes la perfumeria d'autor. \u00c9s aqu\u00ed on la nostra filosofia entra en joc.<br \/>\n<\/p>\n<p style=\"text-align: justify;\">Una manera de crear identitat pr\u00f2pia mitjan\u00e7ant el sentit de l'olfacte. Aquest sistema ens permet convertir la compra d'un perfum en una experi\u00e8ncia.<br \/><\/p>\n<\/div><\/div><\/div><\/div><\/div><\/div><\/div><script id=\"script-row-unique-4\" data-row=\"script-row-unique-4\" type=\"text\/javascript\" class=\"vc_controls\">UNCODE.initRow(document.getElementById(\"row-unique-4\"));<\/script><\/div><\/div><\/div>\n<\/div>","protected":false},"excerpt":{"rendered":"<p style=\"text-align: justify;\">El Gel hidroalcoh\u00f2lic\u00a0<span class=\"hiddenSpellError\">higienitzant<\/span>\u00a0<span class=\"hiddenSpellError\">beYou<\/span>, \u00e9s un producte espec\u00edfic per a la higiene de mans que actua en profunditat sense necessitat d'esbandida o assecat.<br \/>\nLa seva f\u00f3rmula especial crea una pel\u00b7l\u00edcula protectora que permet que el gel segueixi actuant fins i tot despr\u00e9s de la seva completa absorci\u00f3. Gr\u00e0cies a la\u00a0<span class=\"hiddenSpellError\">Aloe<\/span> Vera proporciona, a m\u00e9s, un extra de suavitat i hidrataci\u00f3, mantenint l'equilibri de la pell i permetent el seu \u00fas tantes vegades com sigui necessari.<\/p>\n<p>PER A LA COMPRA D'AQUEST PRODUCTE, SI US PLAU, POSEU-VOS EN <strong><a href=\"https:\/\/www.beyouperfumes.com\/ca\/contacto\/\" target=\"_blank\" rel=\"noopener noreferrer\">CONTACTE<\/a><\/strong> AMB NOSALTRES.<\/p>","protected":false},"featured_media":83972,"comment_status":"closed","ping_status":"closed","template":"","meta":[],"product_brand":[],"product_cat":[488],"product_tag":[],"class_list":{"0":"post-83559","1":"product","2":"type-product","3":"status-publish","4":"has-post-thumbnail","6":"product_cat-gel-hidroalcoholico","8":"first","9":"outofstock","10":"taxable","11":"shipping-taxable","12":"product-type-simple"},"yoast_head":"<!-- This site is optimized with the Yoast SEO plugin v27.5 - https:\/\/yoast.com\/product\/yoast-seo-wordpress\/ -->\n<title>Gel hidroalcoh\u00f3lico 5L con extracto de Aloe Vera - beYou Perfumes<\/title>\n<meta name=\"description\" content=\"El Gel Hidroalcoh\u00f3lico\u00a0Higienizante\u00a0beYou, es un producto espec\u00edfico para la higiene de manos que act\u00faa en profundidad sin necesidad de enjuague o secado.\" \/>\n<meta name=\"robots\" content=\"index, follow, max-snippet:-1, max-image-preview:large, max-video-preview:-1\" \/>\n<link rel=\"canonical\" href=\"https:\/\/www.beyouperfumes.com\/ca\/tienda\/gel-hidroalcoholico\/gel-hidroalcoholico-5l-con-extracto-de-aloe-vera\/\" \/>\n<meta property=\"og:locale\" content=\"ca_ES\" \/>\n<meta property=\"og:type\" content=\"article\" \/>\n<meta property=\"og:title\" content=\"Gel hidroalcoh\u00f3lico 5L con extracto de Aloe Vera - beYou Perfumes\" \/>\n<meta property=\"og:description\" content=\"El Gel Hidroalcoh\u00f3lico\u00a0Higienizante\u00a0beYou, es un producto espec\u00edfico para la higiene de manos que act\u00faa en profundidad sin necesidad de enjuague o secado.\" \/>\n<meta property=\"og:url\" content=\"https:\/\/www.beyouperfumes.com\/ca\/tienda\/gel-hidroalcoholico\/gel-hidroalcoholico-5l-con-extracto-de-aloe-vera\/\" \/>\n<meta property=\"og:site_name\" content=\"BE YOU Perfumes\" \/>\n<meta property=\"article:publisher\" content=\"https:\/\/www.facebook.com\/BeYouPerfumes\/\" \/>\n<meta property=\"article:modified_time\" content=\"2022-12-19T10:06:54+00:00\" \/>\n<meta property=\"og:image\" content=\"https:\/\/www.beyouperfumes.com\/wp-content\/uploads\/xerricana5l.png\" \/>\n\t<meta property=\"og:image:width\" content=\"375\" \/>\n\t<meta property=\"og:image:height\" content=\"552\" \/>\n\t<meta property=\"og:image:type\" content=\"image\/png\" \/>\n<meta name=\"twitter:card\" content=\"summary_large_image\" \/>\n<meta name=\"twitter:site\" content=\"@beyouperfumes\" \/>\n<meta name=\"twitter:label1\" content=\"Temps estimat de lectura\" \/>\n\t<meta name=\"twitter:data1\" content=\"4 minuts\" \/>\n<script type=\"application\/ld+json\" class=\"yoast-schema-graph\">{\"@context\":\"https:\\\/\\\/schema.org\",\"@graph\":[{\"@type\":\"WebPage\",\"@id\":\"https:\\\/\\\/www.beyouperfumes.com\\\/tienda\\\/gel-hidroalcoholico\\\/gel-hidroalcoholico-5l-con-extracto-de-aloe-vera\\\/\",\"url\":\"https:\\\/\\\/www.beyouperfumes.com\\\/tienda\\\/gel-hidroalcoholico\\\/gel-hidroalcoholico-5l-con-extracto-de-aloe-vera\\\/\",\"name\":\"Gel hidroalcoh\u00f3lico 5L con extracto de Aloe Vera - beYou Perfumes\",\"isPartOf\":{\"@id\":\"https:\\\/\\\/www.beyouperfumes.com\\\/#website\"},\"primaryImageOfPage\":{\"@id\":\"https:\\\/\\\/www.beyouperfumes.com\\\/tienda\\\/gel-hidroalcoholico\\\/gel-hidroalcoholico-5l-con-extracto-de-aloe-vera\\\/#primaryimage\"},\"image\":{\"@id\":\"https:\\\/\\\/www.beyouperfumes.com\\\/tienda\\\/gel-hidroalcoholico\\\/gel-hidroalcoholico-5l-con-extracto-de-aloe-vera\\\/#primaryimage\"},\"thumbnailUrl\":\"https:\\\/\\\/www.beyouperfumes.com\\\/wp-content\\\/uploads\\\/xerricana5l.png\",\"datePublished\":\"2020-05-08T14:55:54+00:00\",\"dateModified\":\"2022-12-19T10:06:54+00:00\",\"description\":\"El Gel Hidroalcoh\u00f3lico\u00a0Higienizante\u00a0beYou, es un producto espec\u00edfico para la higiene de manos que act\u00faa en profundidad sin necesidad de enjuague o secado.\",\"breadcrumb\":{\"@id\":\"https:\\\/\\\/www.beyouperfumes.com\\\/tienda\\\/gel-hidroalcoholico\\\/gel-hidroalcoholico-5l-con-extracto-de-aloe-vera\\\/#breadcrumb\"},\"inLanguage\":\"ca\",\"potentialAction\":[{\"@type\":\"ReadAction\",\"target\":[\"https:\\\/\\\/www.beyouperfumes.com\\\/tienda\\\/gel-hidroalcoholico\\\/gel-hidroalcoholico-5l-con-extracto-de-aloe-vera\\\/\"]}]},{\"@type\":\"ImageObject\",\"inLanguage\":\"ca\",\"@id\":\"https:\\\/\\\/www.beyouperfumes.com\\\/tienda\\\/gel-hidroalcoholico\\\/gel-hidroalcoholico-5l-con-extracto-de-aloe-vera\\\/#primaryimage\",\"url\":\"https:\\\/\\\/www.beyouperfumes.com\\\/wp-content\\\/uploads\\\/xerricana5l.png\",\"contentUrl\":\"https:\\\/\\\/www.beyouperfumes.com\\\/wp-content\\\/uploads\\\/xerricana5l.png\",\"width\":375,\"height\":552},{\"@type\":\"BreadcrumbList\",\"@id\":\"https:\\\/\\\/www.beyouperfumes.com\\\/tienda\\\/gel-hidroalcoholico\\\/gel-hidroalcoholico-5l-con-extracto-de-aloe-vera\\\/#breadcrumb\",\"itemListElement\":[{\"@type\":\"ListItem\",\"position\":1,\"name\":\"Home\",\"item\":\"https:\\\/\\\/www.beyouperfumes.com\\\/\"},{\"@type\":\"ListItem\",\"position\":2,\"name\":\"Productos\",\"item\":\"https:\\\/\\\/www.beyouperfumes.com\\\/shop\\\/\"},{\"@type\":\"ListItem\",\"position\":3,\"name\":\"Gel hidroalcoh\u00f3lico 5L con extracto de Aloe Vera\"}]},{\"@type\":\"WebSite\",\"@id\":\"https:\\\/\\\/www.beyouperfumes.com\\\/#website\",\"url\":\"https:\\\/\\\/www.beyouperfumes.com\\\/\",\"name\":\"BE YOU Perfumes\",\"description\":\"Tu perfume exclusivo, crea tu perfume personalizado\",\"potentialAction\":[{\"@type\":\"SearchAction\",\"target\":{\"@type\":\"EntryPoint\",\"urlTemplate\":\"https:\\\/\\\/www.beyouperfumes.com\\\/?s={search_term_string}\"},\"query-input\":{\"@type\":\"PropertyValueSpecification\",\"valueRequired\":true,\"valueName\":\"search_term_string\"}}],\"inLanguage\":\"ca\"}]}<\/script>\n<!-- \/ Yoast SEO plugin. -->","yoast_head_json":{"title":"Gel hidroalcoh\u00f3lico 5L con extracto de Aloe Vera - beYou Perfumes","description":"El Gel Hidroalcoh\u00f3lico\u00a0Higienizante\u00a0beYou, es un producto espec\u00edfico para la higiene de manos que act\u00faa en profundidad sin necesidad de enjuague o secado.","robots":{"index":"index","follow":"follow","max-snippet":"max-snippet:-1","max-image-preview":"max-image-preview:large","max-video-preview":"max-video-preview:-1"},"canonical":"https:\/\/www.beyouperfumes.com\/ca\/tienda\/gel-hidroalcoholico\/gel-hidroalcoholico-5l-con-extracto-de-aloe-vera\/","og_locale":"ca_ES","og_type":"article","og_title":"Gel hidroalcoh\u00f3lico 5L con extracto de Aloe Vera - beYou Perfumes","og_description":"El Gel Hidroalcoh\u00f3lico\u00a0Higienizante\u00a0beYou, es un producto espec\u00edfico para la higiene de manos que act\u00faa en profundidad sin necesidad de enjuague o secado.","og_url":"https:\/\/www.beyouperfumes.com\/ca\/tienda\/gel-hidroalcoholico\/gel-hidroalcoholico-5l-con-extracto-de-aloe-vera\/","og_site_name":"BE YOU Perfumes","article_publisher":"https:\/\/www.facebook.com\/BeYouPerfumes\/","article_modified_time":"2022-12-19T10:06:54+00:00","og_image":[{"width":375,"height":552,"url":"https:\/\/www.beyouperfumes.com\/wp-content\/uploads\/xerricana5l.png","type":"image\/png"}],"twitter_card":"summary_large_image","twitter_site":"@beyouperfumes","twitter_misc":{"Temps estimat de lectura":"4 minuts"},"schema":{"@context":"https:\/\/schema.org","@graph":[{"@type":"WebPage","@id":"https:\/\/www.beyouperfumes.com\/tienda\/gel-hidroalcoholico\/gel-hidroalcoholico-5l-con-extracto-de-aloe-vera\/","url":"https:\/\/www.beyouperfumes.com\/tienda\/gel-hidroalcoholico\/gel-hidroalcoholico-5l-con-extracto-de-aloe-vera\/","name":"Gel hidroalcoh\u00f3lico 5L con extracto de Aloe Vera - beYou Perfumes","isPartOf":{"@id":"https:\/\/www.beyouperfumes.com\/#website"},"primaryImageOfPage":{"@id":"https:\/\/www.beyouperfumes.com\/tienda\/gel-hidroalcoholico\/gel-hidroalcoholico-5l-con-extracto-de-aloe-vera\/#primaryimage"},"image":{"@id":"https:\/\/www.beyouperfumes.com\/tienda\/gel-hidroalcoholico\/gel-hidroalcoholico-5l-con-extracto-de-aloe-vera\/#primaryimage"},"thumbnailUrl":"https:\/\/www.beyouperfumes.com\/wp-content\/uploads\/xerricana5l.png","datePublished":"2020-05-08T14:55:54+00:00","dateModified":"2022-12-19T10:06:54+00:00","description":"El Gel Hidroalcoh\u00f3lico\u00a0Higienizante\u00a0beYou, es un producto espec\u00edfico para la higiene de manos que act\u00faa en profundidad sin necesidad de enjuague o secado.","breadcrumb":{"@id":"https:\/\/www.beyouperfumes.com\/tienda\/gel-hidroalcoholico\/gel-hidroalcoholico-5l-con-extracto-de-aloe-vera\/#breadcrumb"},"inLanguage":"ca","potentialAction":[{"@type":"ReadAction","target":["https:\/\/www.beyouperfumes.com\/tienda\/gel-hidroalcoholico\/gel-hidroalcoholico-5l-con-extracto-de-aloe-vera\/"]}]},{"@type":"ImageObject","inLanguage":"ca","@id":"https:\/\/www.beyouperfumes.com\/tienda\/gel-hidroalcoholico\/gel-hidroalcoholico-5l-con-extracto-de-aloe-vera\/#primaryimage","url":"https:\/\/www.beyouperfumes.com\/wp-content\/uploads\/xerricana5l.png","contentUrl":"https:\/\/www.beyouperfumes.com\/wp-content\/uploads\/xerricana5l.png","width":375,"height":552},{"@type":"BreadcrumbList","@id":"https:\/\/www.beyouperfumes.com\/tienda\/gel-hidroalcoholico\/gel-hidroalcoholico-5l-con-extracto-de-aloe-vera\/#breadcrumb","itemListElement":[{"@type":"ListItem","position":1,"name":"Home","item":"https:\/\/www.beyouperfumes.com\/"},{"@type":"ListItem","position":2,"name":"Productos","item":"https:\/\/www.beyouperfumes.com\/shop\/"},{"@type":"ListItem","position":3,"name":"Gel hidroalcoh\u00f3lico 5L con extracto de Aloe Vera"}]},{"@type":"WebSite","@id":"https:\/\/www.beyouperfumes.com\/#website","url":"https:\/\/www.beyouperfumes.com\/","name":"BE YOU Perfumes","description":"Tu perfume exclusivo, crea tu perfume personalizado","potentialAction":[{"@type":"SearchAction","target":{"@type":"EntryPoint","urlTemplate":"https:\/\/www.beyouperfumes.com\/?s={search_term_string}"},"query-input":{"@type":"PropertyValueSpecification","valueRequired":true,"valueName":"search_term_string"}}],"inLanguage":"ca"}]}},"_links":{"self":[{"href":"https:\/\/www.beyouperfumes.com\/ca\/wp-json\/wp\/v2\/product\/83559","targetHints":{"allow":["GET"]}}],"collection":[{"href":"https:\/\/www.beyouperfumes.com\/ca\/wp-json\/wp\/v2\/product"}],"about":[{"href":"https:\/\/www.beyouperfumes.com\/ca\/wp-json\/wp\/v2\/types\/product"}],"replies":[{"embeddable":true,"href":"https:\/\/www.beyouperfumes.com\/ca\/wp-json\/wp\/v2\/comments?post=83559"}],"wp:featuredmedia":[{"embeddable":true,"href":"https:\/\/www.beyouperfumes.com\/ca\/wp-json\/wp\/v2\/media\/83972"}],"wp:attachment":[{"href":"https:\/\/www.beyouperfumes.com\/ca\/wp-json\/wp\/v2\/media?parent=83559"}],"wp:term":[{"taxonomy":"product_brand","embeddable":true,"href":"https:\/\/www.beyouperfumes.com\/ca\/wp-json\/wp\/v2\/product_brand?post=83559"},{"taxonomy":"product_cat","embeddable":true,"href":"https:\/\/www.beyouperfumes.com\/ca\/wp-json\/wp\/v2\/product_cat?post=83559"},{"taxonomy":"product_tag","embeddable":true,"href":"https:\/\/www.beyouperfumes.com\/ca\/wp-json\/wp\/v2\/product_tag?post=83559"}],"curies":[{"name":"wp","href":"https:\/\/api.w.org\/{rel}","templated":true}]}}