{"id":69808,"date":"2018-11-10T16:34:09","date_gmt":"2018-11-10T16:34:09","guid":{"rendered":"https:\/\/www.beyouperfumes.com\/?post_type=product&#038;p=69808"},"modified":"2022-12-19T10:06:58","modified_gmt":"2022-12-19T10:06:58","slug":"kit-perfumes-beyou-7-esencias","status":"publish","type":"product","link":"https:\/\/www.beyouperfumes.com\/ca\/tienda\/cofres\/kit-perfumes-beyou-7-esencias\/","title":{"rendered":"beYou 7 Ess\u00e8ncies"},"content":{"rendered":"<div class=\"wpb-content-wrapper\"><div data-parent=\"true\" class=\"vc_row row-container\" id=\"row-unique-0\"><div class=\"row limit-width row-parent\"><div class=\"wpb_row row-inner\"><div class=\"wpb_column pos-top pos-center align_center column_parent col-lg-4 single-internal-gutter\"><div class=\"uncol style-light\"  ><div class=\"uncoltable\"><div class=\"uncell no-block-padding\" ><div class=\"uncont\" ><div class=\"icon-box icon-box-top\" ><div class=\"icon-box-icon fa-container\" ><span class=\"text-default-color btn-disable-hover\"><i class=\"fa fa-star-o fa-4x fa-fw\"><\/i><\/span><\/div><div class=\"icon-box-content\"><div class=\"icon-box-heading icon-box-fa-4x\"><h3 class=\"h3\">7 PERFUMS DE GRAN QUALITAT<\/h3><\/div><p>Dins de la caixa, trobar\u00e0s perfums de gran qualitat, lliures de parabens i disruptors endocrins. 100% naturals, aptes per a totes les pells i estils.<\/p>\n<\/div><\/div><\/div><\/div><\/div><\/div><\/div><div class=\"wpb_column pos-top pos-center align_center column_parent col-lg-4 single-internal-gutter\"><div class=\"uncol style-light\"  ><div class=\"uncoltable\"><div class=\"uncell no-block-padding\" ><div class=\"uncont\" ><div class=\"icon-box icon-box-top\" ><div class=\"icon-box-icon fa-container\" ><span class=\"text-default-color btn-disable-hover\"><i class=\"fa fa-recycle fa-4x fa-fw\"><\/i><\/span><\/div><div class=\"icon-box-content\"><div class=\"icon-box-heading icon-box-fa-4x\"><h3 class=\"h3\">EMBALATGE REUTILITZABLE I SOSTENIBLE.<\/h3><\/div><p>La caixa pot tornar a usar-se, com estoig, dels teus perfums. Els materials utilitzats estan lliures de pl\u00e0stics i tot l'embolcall \u00e9s de cartr\u00f3.<\/p>\n<\/div><\/div><\/div><\/div><\/div><\/div><\/div><div class=\"wpb_column pos-top pos-center align_center column_parent col-lg-4 single-internal-gutter\"><div class=\"uncol style-light\"  ><div class=\"uncoltable\"><div class=\"uncell no-block-padding\" ><div class=\"uncont\" ><div class=\"icon-box icon-box-top\" ><div class=\"icon-box-icon fa-container\" ><span class=\"text-default-color btn-disable-hover\"><i class=\"fa fa-retweet fa-4x fa-fw\"><\/i><\/span><\/div><div class=\"icon-box-content\"><div class=\"icon-box-heading icon-box-fa-4x\"><h3 class=\"h3\">AL TEU GUST<\/h3><\/div><p>Pots utilitzar-los individualment o combinar-los entre si. La decisi\u00f3 \u00e9s teva.<\/p>\n<\/div><\/div><\/div><\/div><\/div><\/div><\/div><script id=\"script-row-unique-0\" data-row=\"script-row-unique-0\" type=\"text\/javascript\" class=\"vc_controls\">UNCODE.initRow(document.getElementById(\"row-unique-0\"));<\/script><\/div><\/div><\/div><div data-parent=\"true\" class=\"vc_row row-container\" id=\"row-unique-1\"><div class=\"row limit-width row-parent\"><div class=\"wpb_row row-inner\"><div class=\"wpb_column pos-top pos-center align_left column_parent col-lg-12 single-internal-gutter\"><div class=\"uncol style-light\"  ><div class=\"uncoltable\"><div class=\"uncell no-block-padding\" ><div class=\"uncont\" ><div class=\"uncode_text_column\" ><\/p>\n<p>\n<\/div><\/div><\/div><\/div><\/div><\/div><script id=\"script-row-unique-1\" data-row=\"script-row-unique-1\" type=\"text\/javascript\" class=\"vc_controls\">UNCODE.initRow(document.getElementById(\"row-unique-1\"));<\/script><\/div><\/div><\/div><div data-parent=\"true\" class=\"vc_row has-bg need-focus style-color-137163-bg row-container\" id=\"row-unique-2\"><div class=\"row limit-width row-parent\"><div class=\"wpb_row row-inner\"><div class=\"wpb_column pos-top pos-center align_left column_parent col-lg-12 single-internal-gutter\"><div class=\"uncol style-light\"  ><div class=\"uncoltable\"><div class=\"uncell single-block-padding style-color-137163-bg has-bg\" ><div class=\"uncont\" ><div class=\"vc_row row-internal row-container\"><div class=\"row row-child\"><div class=\"wpb_row row-inner\"><div class=\"wpb_column pos-top pos-center align_left column_child col-lg-6 single-internal-gutter\"><div class=\"uncol style-light\" ><div class=\"uncoltable\"><div class=\"uncell no-block-padding\" ><div class=\"uncont\" ><div class=\"uncode-single-media  text-right\"><div class=\"single-wrapper\" style=\"max-width: 40%;\"><div class=\"tmb tmb-light  tmb-media-first tmb-media-last tmb-content-overlay tmb-no-bg\"><div class=\"t-inside\"><div class=\"t-entry-visual\"><div class=\"t-entry-visual-tc\"><div class=\"uncode-single-media-wrapper\"><img decoding=\"async\" class=\"wp-image-78949\" src=\"https:\/\/www.beyouperfumes.com\/wp-content\/uploads\/flor.png\" width=\"231\" height=\"339\" alt=\"Crea tu perfume personalizado: Agust&iacute; Vidal\" srcset=\"https:\/\/www.beyouperfumes.com\/wp-content\/uploads\/flor.png 231w, https:\/\/www.beyouperfumes.com\/wp-content\/uploads\/flor-100x147.png 100w\" sizes=\"(max-width: 231px) 100vw, 231px\" \/><\/div>\n\t\t\t\t\t<\/div>\n\t\t\t\t<\/div><\/div><\/div><\/div><\/div><\/div><\/div><\/div><\/div><\/div><div class=\"wpb_column pos-middle pos-left align_left column_child col-lg-6 single-internal-gutter\"><div class=\"uncol style-light\" ><div class=\"uncoltable\"><div class=\"uncell no-block-padding\" ><div class=\"uncont\" ><div class=\"vc_custom_heading_wrap\"><div class=\"heading-text el-text\" ><\/p>\n<h4>qualitat i raresa...<\/h4>\n<p>\n<\/div><div class=\"clear\"><\/div><\/div><\/div><\/div><\/div><\/div><\/div><\/div><\/div><\/div><div class=\"vc_row row-internal row-container\"><div class=\"row row-child\"><div class=\"wpb_row row-inner\"><div class=\"wpb_column pos-top pos-center align_left column_child col-lg-12 single-internal-gutter\"><div class=\"uncol style-light\" ><div class=\"uncoltable\"><div class=\"uncell no-block-padding\" ><div class=\"uncont\" ><div class=\"uncode_text_column\" ><p>cada esencia de <a href=\"https:\/\/www.beyouperfumes.com\/ca\/\" target=\"_blank\" rel=\"noopener\">BEYOU PERFUMES<\/a> ha sido seleccionada individualmente por nuestro <a href=\"https:\/\/start.agustividal.com\/es\/\" target=\"_blank\" rel=\"noopener\">creador de perfumes<\/a>cada ess\u00e8ncia de Beyou PERFUMES ha estat seleccionada individualment pel nostre creador olfactiu, dissenyador per a les botigues m\u00e9s prestigioses de tot el m\u00f3n. Seleccionades entre els productors d'ess\u00e8ncies independents, per la seva excel\u00b7l\u00e8ncia en qualitat i car\u00e0cter \u00fanic, aquestes ess\u00e8ncies excepcionals s'han desenvolupat localment en perfecta harmonia amb la comunitat i la natura que les envolta.<\/p>\n<\/div><\/div><\/div><\/div><\/div><\/div><\/div><\/div><\/div><\/div><\/div><\/div><\/div><\/div><script id=\"script-row-unique-2\" data-row=\"script-row-unique-2\" type=\"text\/javascript\" class=\"vc_controls\">UNCODE.initRow(document.getElementById(\"row-unique-2\"));<\/script><\/div><\/div><\/div><div data-parent=\"true\" class=\"vc_row has-bg need-focus style-color-167788-bg row-container\" id=\"row-unique-3\"><div class=\"row limit-width row-parent\"><div class=\"wpb_row row-inner\"><div class=\"wpb_column pos-top pos-center align_left column_parent col-lg-12 single-internal-gutter\"><div class=\"uncol style-light\"  ><div class=\"uncoltable\"><div class=\"uncell no-block-padding\" ><div class=\"uncont\" ><div class=\"vc_row row-internal row-container\"><div class=\"row row-child\"><div class=\"wpb_row row-inner\"><div class=\"wpb_column pos-top pos-center align_left column_child col-lg-6 single-internal-gutter\"><div class=\"uncol style-light\" ><div class=\"uncoltable\"><div class=\"uncell no-block-padding\" ><div class=\"uncont\" ><\/div><\/div><\/div><\/div><\/div><div class=\"wpb_column pos-top pos-center align_left column_child col-lg-6 single-internal-gutter\"><div class=\"uncol style-light\" ><div class=\"uncoltable\"><div class=\"uncell no-block-padding\" ><div class=\"uncont\" ><div class=\"vc_custom_heading_wrap\"><div class=\"heading-text el-text\" ><p class=\"font-weight-400 text-lowercase\" ><span><\/p><\/span><span><h4 id=\"nosetext\" style=\"text-align: left;\">el nas...<\/h4><\/span><span><p><\/span><\/p><\/div><div class=\"clear\"><\/div><\/div><\/div><\/div><\/div><\/div><\/div><\/div><\/div><\/div><div class=\"vc_custom_heading_wrap\"><div class=\"heading-text el-text\" ><p class=\"text-lowercase\" ><span><\/p><\/span><span><p id=\"bottomtext002\" style=\"text-align: center;\">el secret m\u00e9s ben guardat de Beyou PERFUMS \u00e9s el creador de perfums.<br \/><\/span><span>Reconegut en tot el m\u00f3n per les seves creacions per a les cases de moda i perfums m\u00e9s importants del m\u00f3n.<br \/><\/span><span>Ha seleccionat per a clients de Beyou PERFUMS, productors individuals d'ess\u00e8ncies fines de tot el m\u00f3n per oferir-li les frag\u00e0ncies m\u00e9s exclusives disponibles.<\/p><\/span><span><p><\/span><\/p><\/div><div class=\"clear\"><\/div><\/div><div class=\"uncode-single-media  text-left\"><div class=\"single-wrapper\" style=\"max-width: 100%;\"><div class=\"tmb tmb-light  tmb-media-first tmb-media-last tmb-content-overlay tmb-no-bg\"><div class=\"t-inside\"><div class=\"t-entry-visual\"><div class=\"t-entry-visual-tc\"><div class=\"uncode-single-media-wrapper\"><img decoding=\"async\" class=\"wp-image-78952\" src=\"https:\/\/www.beyouperfumes.com\/wp-content\/uploads\/noseman.png\" width=\"1140\" height=\"629\" alt=\"Crea tu perfume personalizado: Nuestra nariz\" srcset=\"https:\/\/www.beyouperfumes.com\/wp-content\/uploads\/noseman.png 1140w, https:\/\/www.beyouperfumes.com\/wp-content\/uploads\/noseman-100x55.png 100w, https:\/\/www.beyouperfumes.com\/wp-content\/uploads\/noseman-400x221.png 400w, https:\/\/www.beyouperfumes.com\/wp-content\/uploads\/noseman-300x166.png 300w, https:\/\/www.beyouperfumes.com\/wp-content\/uploads\/noseman-768x424.png 768w, https:\/\/www.beyouperfumes.com\/wp-content\/uploads\/noseman-uai-720x397.png 720w\" sizes=\"(max-width: 1140px) 100vw, 1140px\" \/><\/div>\n\t\t\t\t\t<\/div>\n\t\t\t\t<\/div><\/div><\/div><\/div><\/div><\/div><\/div><\/div><\/div><\/div><script id=\"script-row-unique-3\" data-row=\"script-row-unique-3\" type=\"text\/javascript\" class=\"vc_controls\">UNCODE.initRow(document.getElementById(\"row-unique-3\"));<\/script><\/div><\/div><\/div>\n<\/div>","protected":false},"excerpt":{"rendered":"<p>\u00bfCuando fue la \u00faltima vez que escapaste de lo cotidiano?<\/p>\n<p>Esa vez que saliste de la rutina y te hizo sentir renovada. Probaste algo nuevo que te hizo descubrir algo que no sab\u00edas de ti.<\/p>\n<p><strong>Con el kit beYou 7 Esencias descubrir\u00e1s cu\u00e1les son los perfumes que te identifican.<\/strong><\/p>\n<p>&nbsp;<\/p>\n<p>El cofre cont\u00e8:<\/p>\n<ul>\n<li>Siete perfumes de 6ml para mezclar y combinar.\n<ul>\n<li>Perfume c\u00edtrico (Spontaneously Citrus)<\/li>\n<li>Perfume frutal-floral (Naughtily Fruity)<\/li>\n<li>Perfume de Rosa de Damasco (Rose Symphony)<\/li>\n<li>Perfume de Jazm\u00edn (Night-Blooming Jasmine)<\/li>\n<li>Perfume amaderado (Luxury in Wood)<\/li>\n<li>Perfume de musk (Skin to Skin)<\/li>\n<\/ul>\n<\/li>\n<\/ul>\n<h3><\/h3>\n<h3><\/h3>","protected":false},"featured_media":69861,"comment_status":"closed","ping_status":"closed","template":"","meta":[],"product_brand":[],"product_cat":[38],"product_tag":[],"class_list":{"0":"post-69808","1":"product","2":"type-product","3":"status-publish","4":"has-post-thumbnail","6":"product_cat-cofres","8":"first","9":"outofstock","10":"taxable","11":"shipping-taxable","12":"purchasable","13":"product-type-simple"},"yoast_head":"<!-- This site is optimized with the Yoast SEO plugin v27.4 - https:\/\/yoast.com\/product\/yoast-seo-wordpress\/ -->\n<title>Kit de perfumes BE YOU 7 Esencias - BE YOU Perfumes<\/title>\n<meta name=\"description\" content=\"Kit de pefumes BE YOU con siete perfumes para llevar. Siete fragancias combinables entre s\u00ed. Crea tu perfume personalizado.\" \/>\n<meta name=\"robots\" content=\"index, follow, max-snippet:-1, max-image-preview:large, max-video-preview:-1\" \/>\n<link rel=\"canonical\" href=\"https:\/\/www.beyouperfumes.com\/ca\/tienda\/cofres\/kit-perfumes-beyou-7-esencias\/\" \/>\n<meta property=\"og:locale\" content=\"ca_ES\" \/>\n<meta property=\"og:type\" content=\"article\" \/>\n<meta property=\"og:title\" content=\"Kit de perfumes BE YOU 7 Esencias - BE YOU Perfumes\" \/>\n<meta property=\"og:description\" content=\"Kit de pefumes BE YOU con siete perfumes para llevar. Siete fragancias combinables entre s\u00ed. Crea tu perfume personalizado.\" \/>\n<meta property=\"og:url\" content=\"https:\/\/www.beyouperfumes.com\/ca\/tienda\/cofres\/kit-perfumes-beyou-7-esencias\/\" \/>\n<meta property=\"og:site_name\" content=\"BE YOU Perfumes\" \/>\n<meta property=\"article:publisher\" content=\"https:\/\/www.facebook.com\/BeYouPerfumes\/\" \/>\n<meta property=\"article:modified_time\" content=\"2022-12-19T10:06:58+00:00\" \/>\n<meta property=\"og:image\" content=\"https:\/\/www.beyouperfumes.com\/wp-content\/uploads\/item004.jpg\" \/>\n\t<meta property=\"og:image:width\" content=\"1048\" \/>\n\t<meta property=\"og:image:height\" content=\"671\" \/>\n\t<meta property=\"og:image:type\" content=\"image\/jpeg\" \/>\n<meta name=\"twitter:card\" content=\"summary_large_image\" \/>\n<meta name=\"twitter:site\" content=\"@beyouperfumes\" \/>\n<meta name=\"twitter:label1\" content=\"Temps estimat de lectura\" \/>\n\t<meta name=\"twitter:data1\" content=\"2 minuts\" \/>\n<script type=\"application\/ld+json\" class=\"yoast-schema-graph\">{\"@context\":\"https:\\\/\\\/schema.org\",\"@graph\":[{\"@type\":\"WebPage\",\"@id\":\"https:\\\/\\\/www.beyouperfumes.com\\\/tienda\\\/cofres\\\/kit-perfumes-beyou-7-esencias\\\/\",\"url\":\"https:\\\/\\\/www.beyouperfumes.com\\\/tienda\\\/cofres\\\/kit-perfumes-beyou-7-esencias\\\/\",\"name\":\"Kit de perfumes BE YOU 7 Esencias - BE YOU Perfumes\",\"isPartOf\":{\"@id\":\"https:\\\/\\\/www.beyouperfumes.com\\\/#website\"},\"primaryImageOfPage\":{\"@id\":\"https:\\\/\\\/www.beyouperfumes.com\\\/tienda\\\/cofres\\\/kit-perfumes-beyou-7-esencias\\\/#primaryimage\"},\"image\":{\"@id\":\"https:\\\/\\\/www.beyouperfumes.com\\\/tienda\\\/cofres\\\/kit-perfumes-beyou-7-esencias\\\/#primaryimage\"},\"thumbnailUrl\":\"https:\\\/\\\/www.beyouperfumes.com\\\/wp-content\\\/uploads\\\/item004.jpg\",\"datePublished\":\"2018-11-10T16:34:09+00:00\",\"dateModified\":\"2022-12-19T10:06:58+00:00\",\"description\":\"Kit de pefumes BE YOU con siete perfumes para llevar. Siete fragancias combinables entre s\u00ed. Crea tu perfume personalizado.\",\"breadcrumb\":{\"@id\":\"https:\\\/\\\/www.beyouperfumes.com\\\/tienda\\\/cofres\\\/kit-perfumes-beyou-7-esencias\\\/#breadcrumb\"},\"inLanguage\":\"ca\",\"potentialAction\":[{\"@type\":\"ReadAction\",\"target\":[\"https:\\\/\\\/www.beyouperfumes.com\\\/tienda\\\/cofres\\\/kit-perfumes-beyou-7-esencias\\\/\"]}]},{\"@type\":\"ImageObject\",\"inLanguage\":\"ca\",\"@id\":\"https:\\\/\\\/www.beyouperfumes.com\\\/tienda\\\/cofres\\\/kit-perfumes-beyou-7-esencias\\\/#primaryimage\",\"url\":\"https:\\\/\\\/www.beyouperfumes.com\\\/wp-content\\\/uploads\\\/item004.jpg\",\"contentUrl\":\"https:\\\/\\\/www.beyouperfumes.com\\\/wp-content\\\/uploads\\\/item004.jpg\",\"width\":1048,\"height\":671,\"caption\":\"kit perfumes beyou siete esencias\"},{\"@type\":\"BreadcrumbList\",\"@id\":\"https:\\\/\\\/www.beyouperfumes.com\\\/tienda\\\/cofres\\\/kit-perfumes-beyou-7-esencias\\\/#breadcrumb\",\"itemListElement\":[{\"@type\":\"ListItem\",\"position\":1,\"name\":\"Home\",\"item\":\"https:\\\/\\\/www.beyouperfumes.com\\\/\"},{\"@type\":\"ListItem\",\"position\":2,\"name\":\"Productos\",\"item\":\"https:\\\/\\\/www.beyouperfumes.com\\\/shop\\\/\"},{\"@type\":\"ListItem\",\"position\":3,\"name\":\"beYou 7 Esencias\"}]},{\"@type\":\"WebSite\",\"@id\":\"https:\\\/\\\/www.beyouperfumes.com\\\/#website\",\"url\":\"https:\\\/\\\/www.beyouperfumes.com\\\/\",\"name\":\"BE YOU Perfumes\",\"description\":\"Tu perfume exclusivo, crea tu perfume personalizado\",\"potentialAction\":[{\"@type\":\"SearchAction\",\"target\":{\"@type\":\"EntryPoint\",\"urlTemplate\":\"https:\\\/\\\/www.beyouperfumes.com\\\/?s={search_term_string}\"},\"query-input\":{\"@type\":\"PropertyValueSpecification\",\"valueRequired\":true,\"valueName\":\"search_term_string\"}}],\"inLanguage\":\"ca\"}]}<\/script>\n<!-- \/ Yoast SEO plugin. -->","yoast_head_json":{"title":"Kit de perfumes BE YOU 7 Esencias - BE YOU Perfumes","description":"Kit de pefumes BE YOU con siete perfumes para llevar. Siete fragancias combinables entre s\u00ed. Crea tu perfume personalizado.","robots":{"index":"index","follow":"follow","max-snippet":"max-snippet:-1","max-image-preview":"max-image-preview:large","max-video-preview":"max-video-preview:-1"},"canonical":"https:\/\/www.beyouperfumes.com\/ca\/tienda\/cofres\/kit-perfumes-beyou-7-esencias\/","og_locale":"ca_ES","og_type":"article","og_title":"Kit de perfumes BE YOU 7 Esencias - BE YOU Perfumes","og_description":"Kit de pefumes BE YOU con siete perfumes para llevar. Siete fragancias combinables entre s\u00ed. Crea tu perfume personalizado.","og_url":"https:\/\/www.beyouperfumes.com\/ca\/tienda\/cofres\/kit-perfumes-beyou-7-esencias\/","og_site_name":"BE YOU Perfumes","article_publisher":"https:\/\/www.facebook.com\/BeYouPerfumes\/","article_modified_time":"2022-12-19T10:06:58+00:00","og_image":[{"width":1048,"height":671,"url":"https:\/\/www.beyouperfumes.com\/wp-content\/uploads\/item004.jpg","type":"image\/jpeg"}],"twitter_card":"summary_large_image","twitter_site":"@beyouperfumes","twitter_misc":{"Temps estimat de lectura":"2 minuts"},"schema":{"@context":"https:\/\/schema.org","@graph":[{"@type":"WebPage","@id":"https:\/\/www.beyouperfumes.com\/tienda\/cofres\/kit-perfumes-beyou-7-esencias\/","url":"https:\/\/www.beyouperfumes.com\/tienda\/cofres\/kit-perfumes-beyou-7-esencias\/","name":"Kit de perfumes BE YOU 7 Esencias - BE YOU Perfumes","isPartOf":{"@id":"https:\/\/www.beyouperfumes.com\/#website"},"primaryImageOfPage":{"@id":"https:\/\/www.beyouperfumes.com\/tienda\/cofres\/kit-perfumes-beyou-7-esencias\/#primaryimage"},"image":{"@id":"https:\/\/www.beyouperfumes.com\/tienda\/cofres\/kit-perfumes-beyou-7-esencias\/#primaryimage"},"thumbnailUrl":"https:\/\/www.beyouperfumes.com\/wp-content\/uploads\/item004.jpg","datePublished":"2018-11-10T16:34:09+00:00","dateModified":"2022-12-19T10:06:58+00:00","description":"Kit de pefumes BE YOU con siete perfumes para llevar. Siete fragancias combinables entre s\u00ed. Crea tu perfume personalizado.","breadcrumb":{"@id":"https:\/\/www.beyouperfumes.com\/tienda\/cofres\/kit-perfumes-beyou-7-esencias\/#breadcrumb"},"inLanguage":"ca","potentialAction":[{"@type":"ReadAction","target":["https:\/\/www.beyouperfumes.com\/tienda\/cofres\/kit-perfumes-beyou-7-esencias\/"]}]},{"@type":"ImageObject","inLanguage":"ca","@id":"https:\/\/www.beyouperfumes.com\/tienda\/cofres\/kit-perfumes-beyou-7-esencias\/#primaryimage","url":"https:\/\/www.beyouperfumes.com\/wp-content\/uploads\/item004.jpg","contentUrl":"https:\/\/www.beyouperfumes.com\/wp-content\/uploads\/item004.jpg","width":1048,"height":671,"caption":"kit perfumes beyou siete esencias"},{"@type":"BreadcrumbList","@id":"https:\/\/www.beyouperfumes.com\/tienda\/cofres\/kit-perfumes-beyou-7-esencias\/#breadcrumb","itemListElement":[{"@type":"ListItem","position":1,"name":"Home","item":"https:\/\/www.beyouperfumes.com\/"},{"@type":"ListItem","position":2,"name":"Productos","item":"https:\/\/www.beyouperfumes.com\/shop\/"},{"@type":"ListItem","position":3,"name":"beYou 7 Esencias"}]},{"@type":"WebSite","@id":"https:\/\/www.beyouperfumes.com\/#website","url":"https:\/\/www.beyouperfumes.com\/","name":"BE YOU Perfumes","description":"Tu perfume exclusivo, crea tu perfume personalizado","potentialAction":[{"@type":"SearchAction","target":{"@type":"EntryPoint","urlTemplate":"https:\/\/www.beyouperfumes.com\/?s={search_term_string}"},"query-input":{"@type":"PropertyValueSpecification","valueRequired":true,"valueName":"search_term_string"}}],"inLanguage":"ca"}]}},"_links":{"self":[{"href":"https:\/\/www.beyouperfumes.com\/ca\/wp-json\/wp\/v2\/product\/69808","targetHints":{"allow":["GET"]}}],"collection":[{"href":"https:\/\/www.beyouperfumes.com\/ca\/wp-json\/wp\/v2\/product"}],"about":[{"href":"https:\/\/www.beyouperfumes.com\/ca\/wp-json\/wp\/v2\/types\/product"}],"replies":[{"embeddable":true,"href":"https:\/\/www.beyouperfumes.com\/ca\/wp-json\/wp\/v2\/comments?post=69808"}],"wp:featuredmedia":[{"embeddable":true,"href":"https:\/\/www.beyouperfumes.com\/ca\/wp-json\/wp\/v2\/media\/69861"}],"wp:attachment":[{"href":"https:\/\/www.beyouperfumes.com\/ca\/wp-json\/wp\/v2\/media?parent=69808"}],"wp:term":[{"taxonomy":"product_brand","embeddable":true,"href":"https:\/\/www.beyouperfumes.com\/ca\/wp-json\/wp\/v2\/product_brand?post=69808"},{"taxonomy":"product_cat","embeddable":true,"href":"https:\/\/www.beyouperfumes.com\/ca\/wp-json\/wp\/v2\/product_cat?post=69808"},{"taxonomy":"product_tag","embeddable":true,"href":"https:\/\/www.beyouperfumes.com\/ca\/wp-json\/wp\/v2\/product_tag?post=69808"}],"curies":[{"name":"wp","href":"https:\/\/api.w.org\/{rel}","templated":true}]}}