{"id":69590,"date":"2018-08-30T09:32:42","date_gmt":"2018-08-30T09:32:42","guid":{"rendered":"https:\/\/www.beyouperfumes.com\/?post_type=product&#038;p=69590"},"modified":"2025-10-09T13:24:02","modified_gmt":"2025-10-09T13:24:02","slug":"perfume-vainilla-mujer-intimate-vanilla","status":"publish","type":"product","link":"https:\/\/www.beyouperfumes.com\/ca\/tienda\/goteros\/perfume-vainilla-mujer-intimate-vanilla\/","title":{"rendered":"Intimate Vanilla"},"content":{"rendered":"<div class=\"wpb-content-wrapper\"><div data-parent=\"true\" class=\"vc_row has-bg need-focus style-color-172521-bg row-container\" id=\"row-unique-0\"><div class=\"row limit-width row-parent\"><div class=\"wpb_row row-inner\"><div class=\"wpb_column pos-middle pos-center align_center column_parent col-lg-12 single-internal-gutter\"><div class=\"uncol style-light\"  ><div class=\"uncoltable\"><div class=\"uncell no-block-padding\" ><div class=\"uncont\" ><div class=\"vc_custom_heading_wrap\"><div class=\"heading-text el-text\" ><h2 class=\"h2\" ><span>Encara no tens la teva recepta? Nosaltres t'ajudem!<\/span><\/h2><\/div><div class=\"clear\"><\/div><\/div><span class=\"btn-container\" ><a role=\"button\"  href=\"https:\/\/www.beyouperfumes.com\/ca\/contacto\/\" class=\"custom-link btn border-width-0 btn-default btn-icon-left\" title=\"Contacte\">CONTACTE<\/a><\/span><\/div><\/div><\/div><\/div><\/div><script id=\"script-row-unique-0\" data-row=\"script-row-unique-0\" type=\"text\/javascript\" class=\"vc_controls\">UNCODE.initRow(document.getElementById(\"row-unique-0\"));<\/script><\/div><\/div><\/div><div data-parent=\"true\" class=\"vc_row has-bg need-focus style-color-137163-bg row-container\" id=\"row-unique-1\"><div class=\"row limit-width row-parent\"><div class=\"wpb_row row-inner\"><div class=\"wpb_column pos-top pos-center align_left column_parent col-lg-12 single-internal-gutter\"><div class=\"uncol style-light\"  ><div class=\"uncoltable\"><div class=\"uncell single-block-padding style-color-137163-bg has-bg\" ><div class=\"uncont\" ><div class=\"vc_row row-internal row-container\"><div class=\"row row-child\"><div class=\"wpb_row row-inner\"><div class=\"wpb_column pos-top pos-center align_left column_child col-lg-6 single-internal-gutter\"><div class=\"uncol style-light\" ><div class=\"uncoltable\"><div class=\"uncell no-block-padding\" ><div class=\"uncont\" ><div class=\"uncode-single-media  text-right\"><div class=\"single-wrapper\" style=\"max-width: 40%;\"><div class=\"tmb tmb-light  tmb-media-first tmb-media-last tmb-content-overlay tmb-no-bg\"><div class=\"t-inside\"><div class=\"t-entry-visual\"><div class=\"t-entry-visual-tc\"><div class=\"uncode-single-media-wrapper\"><img decoding=\"async\" class=\"wp-image-78949\" src=\"https:\/\/www.beyouperfumes.com\/wp-content\/uploads\/flor.png\" width=\"231\" height=\"339\" alt=\"Crea tu perfume personalizado: Agust&iacute; Vidal\" srcset=\"https:\/\/www.beyouperfumes.com\/wp-content\/uploads\/flor.png 231w, https:\/\/www.beyouperfumes.com\/wp-content\/uploads\/flor-100x147.png 100w\" sizes=\"(max-width: 231px) 100vw, 231px\" \/><\/div>\n\t\t\t\t\t<\/div>\n\t\t\t\t<\/div><\/div><\/div><\/div><\/div><\/div><\/div><\/div><\/div><\/div><div class=\"wpb_column pos-middle pos-left align_left column_child col-lg-6 single-internal-gutter\"><div class=\"uncol style-light\" ><div class=\"uncoltable\"><div class=\"uncell no-block-padding\" ><div class=\"uncont\" ><div class=\"vc_custom_heading_wrap\"><div class=\"heading-text el-text\" ><\/p>\n<h4>qualitat i raresa...<\/h4>\n<p>\n<\/div><div class=\"clear\"><\/div><\/div><\/div><\/div><\/div><\/div><\/div><\/div><\/div><\/div><div class=\"vc_row row-internal row-container\"><div class=\"row row-child\"><div class=\"wpb_row row-inner\"><div class=\"wpb_column pos-top pos-center align_left column_child col-lg-12 single-internal-gutter\"><div class=\"uncol style-light\" ><div class=\"uncoltable\"><div class=\"uncell no-block-padding\" ><div class=\"uncont\" ><div class=\"uncode_text_column\" ><p>cada esencia de BEYOU PERFUMES ha sido seleccionada individualmente por nuestro <a href=\"https:\/\/start.agustividal.com\/es\/\" target=\"_blank\" rel=\"noopener\">creador de perfumes<\/a>, creador para las tiendas m\u00e1s reputadas de todo el mundo. Seleccionadas entre los productores de esencias independientes, por su excelencia en calidad y car\u00e1cter \u00fanico, estas esencias excepcionales se han desarrollado localmente en perfecta armon\u00eda con la comunidad y la naturaleza que las rodea. Descubre este fant\u00e1stico perfume de vainilla para mujer.<\/p>\n<\/div><\/div><\/div><\/div><\/div><\/div><\/div><\/div><\/div><\/div><\/div><\/div><\/div><\/div><script id=\"script-row-unique-1\" data-row=\"script-row-unique-1\" type=\"text\/javascript\" class=\"vc_controls\">UNCODE.initRow(document.getElementById(\"row-unique-1\"));<\/script><\/div><\/div><\/div><div data-parent=\"true\" class=\"vc_row has-bg need-focus style-color-167788-bg row-container\" id=\"row-unique-2\"><div class=\"row limit-width row-parent\"><div class=\"wpb_row row-inner\"><div class=\"wpb_column pos-top pos-center align_left column_parent col-lg-12 single-internal-gutter\"><div class=\"uncol style-light\"  ><div class=\"uncoltable\"><div class=\"uncell no-block-padding\" ><div class=\"uncont\" ><div class=\"vc_row row-internal row-container\"><div class=\"row row-child\"><div class=\"wpb_row row-inner\"><div class=\"wpb_column pos-top pos-center align_left column_child col-lg-6 single-internal-gutter\"><div class=\"uncol style-light\" ><div class=\"uncoltable\"><div class=\"uncell no-block-padding\" ><div class=\"uncont\" ><\/div><\/div><\/div><\/div><\/div><div class=\"wpb_column pos-top pos-center align_left column_child col-lg-6 single-internal-gutter\"><div class=\"uncol style-light\" ><div class=\"uncoltable\"><div class=\"uncell no-block-padding\" ><div class=\"uncont\" ><div class=\"vc_custom_heading_wrap\"><div class=\"heading-text el-text\" ><p class=\"font-weight-400 text-lowercase\" ><span><\/p><\/span><span><h4 id=\"nosetext\" style=\"text-align: left;\">el nas...<\/h4><\/span><span><p><\/span><\/p><\/div><div class=\"clear\"><\/div><\/div><\/div><\/div><\/div><\/div><\/div><\/div><\/div><\/div><div class=\"vc_custom_heading_wrap\"><div class=\"heading-text el-text\" ><p class=\"text-lowercase\" ><span><\/p><\/span><span><p id=\"bottomtext002\" style=\"text-align: center;\">el secret m\u00e9s ben guardat de Beyou PERFUMS \u00e9s el creador de perfums.<br \/><\/span><span>Reconegut en tot el m\u00f3n per les seves creacions per a les cases de moda i perfums m\u00e9s importants del m\u00f3n.<br \/><\/span><span>Agust\u00ed ha seleccionado para clientes de BEYOU PERFUMES, productores individuales de esencias finas de todo el mundo para ofrecerle las fragancias m\u00e1s exclusivas disponibles.<\/p><\/span><span><p><\/span><\/p><\/div><div class=\"clear\"><\/div><\/div><div class=\"uncode-single-media  text-left\"><div class=\"single-wrapper\" style=\"max-width: 100%;\"><div class=\"tmb tmb-light  tmb-media-first tmb-media-last tmb-content-overlay tmb-no-bg\"><div class=\"t-inside\"><div class=\"t-entry-visual\"><div class=\"t-entry-visual-tc\"><div class=\"uncode-single-media-wrapper\"><img decoding=\"async\" class=\"wp-image-78952\" src=\"https:\/\/www.beyouperfumes.com\/wp-content\/uploads\/noseman.png\" width=\"1140\" height=\"629\" alt=\"Crea tu perfume personalizado: Nuestra nariz\" srcset=\"https:\/\/www.beyouperfumes.com\/wp-content\/uploads\/noseman.png 1140w, https:\/\/www.beyouperfumes.com\/wp-content\/uploads\/noseman-100x55.png 100w, https:\/\/www.beyouperfumes.com\/wp-content\/uploads\/noseman-400x221.png 400w, https:\/\/www.beyouperfumes.com\/wp-content\/uploads\/noseman-300x166.png 300w, https:\/\/www.beyouperfumes.com\/wp-content\/uploads\/noseman-768x424.png 768w, https:\/\/www.beyouperfumes.com\/wp-content\/uploads\/noseman-uai-720x397.png 720w\" sizes=\"(max-width: 1140px) 100vw, 1140px\" \/><\/div>\n\t\t\t\t\t<\/div>\n\t\t\t\t<\/div><\/div><\/div><\/div><\/div><\/div><\/div><\/div><\/div><\/div><script id=\"script-row-unique-2\" data-row=\"script-row-unique-2\" type=\"text\/javascript\" class=\"vc_controls\">UNCODE.initRow(document.getElementById(\"row-unique-2\"));<\/script><\/div><\/div><\/div>\n<\/div>","protected":false},"excerpt":{"rendered":"<h3 class=\"h3\">Ingredients: Vainilla.<\/h3>\n<p>A l\u2019inhalar, la seva olor ens transporta a buc\u00f2lics paratges de somni, racons ex\u00f2tics i perduts de l\u2019univers. Ideal per aportar car\u00e0cter a la pell. Pot anar amb qualsevol base en qualsevol combinaci\u00f3.<\/p>\n<p>Ess\u00e8ncia enormement femenina que denota proximitat, intimitat, voluptuositat. La seva olor et resultar\u00e0 familiar, invitador i atractiu.<\/p>\n<p>Ess\u00e8ncia enormement femenina que denota proximitat, intimitat, voluptuositat. La seva olor et resultar\u00e0 familiar, invitador i atractiu. Oferint un costat m\u00e9s dol\u00e7 evocador per a les dones m\u00e9s llamineres.<\/p>\n<p>&nbsp;<\/p>","protected":false},"featured_media":159247,"comment_status":"closed","ping_status":"closed","template":"","meta":[],"product_brand":[],"product_cat":[37],"product_tag":[],"class_list":{"0":"post-69590","1":"product","2":"type-product","3":"status-publish","4":"has-post-thumbnail","6":"product_cat-goteros","7":"product_shipping_class-pedido-menor-de-20e","9":"first","10":"outofstock","11":"taxable","12":"shipping-taxable","13":"purchasable","14":"product-type-simple"},"yoast_head":"<!-- This site is optimized with the Yoast SEO plugin v27.4 - https:\/\/yoast.com\/product\/yoast-seo-wordpress\/ -->\n<title>Perfume de vainilla para mujer - Intimate Vanilla - BE YOU Perfumes<\/title>\n<meta name=\"description\" content=\"Perfume de vainilla para mujer de 30ml combinable con todas las fragancias BE YOU. Crea tu perfume exclusivo y si\u00e9ntete \u00fanica.\" \/>\n<meta name=\"robots\" content=\"index, follow, max-snippet:-1, max-image-preview:large, max-video-preview:-1\" \/>\n<link rel=\"canonical\" href=\"https:\/\/www.beyouperfumes.com\/ca\/tienda\/goteros\/perfume-vainilla-mujer-intimate-vanilla\/\" \/>\n<meta property=\"og:locale\" content=\"ca_ES\" \/>\n<meta property=\"og:type\" content=\"article\" \/>\n<meta property=\"og:title\" content=\"Perfume de vainilla para mujer - Intimate Vanilla - BE YOU Perfumes\" \/>\n<meta property=\"og:description\" content=\"Perfume de vainilla para mujer de 30ml combinable con todas las fragancias BE YOU. Crea tu perfume exclusivo y si\u00e9ntete \u00fanica.\" \/>\n<meta property=\"og:url\" content=\"https:\/\/www.beyouperfumes.com\/ca\/tienda\/goteros\/perfume-vainilla-mujer-intimate-vanilla\/\" \/>\n<meta property=\"og:site_name\" content=\"BE YOU Perfumes\" \/>\n<meta property=\"article:publisher\" content=\"https:\/\/www.facebook.com\/BeYouPerfumes\/\" \/>\n<meta property=\"article:modified_time\" content=\"2025-10-09T13:24:02+00:00\" \/>\n<meta property=\"og:image\" content=\"https:\/\/www.beyouperfumes.com\/wp-content\/uploads\/intimate_vanilla.png\" \/>\n\t<meta property=\"og:image:width\" content=\"832\" \/>\n\t<meta property=\"og:image:height\" content=\"1248\" \/>\n\t<meta property=\"og:image:type\" content=\"image\/png\" \/>\n<meta name=\"twitter:card\" content=\"summary_large_image\" \/>\n<meta name=\"twitter:site\" content=\"@beyouperfumes\" \/>\n<meta name=\"twitter:label1\" content=\"Temps estimat de lectura\" \/>\n\t<meta name=\"twitter:data1\" content=\"2 minuts\" \/>\n<script type=\"application\/ld+json\" class=\"yoast-schema-graph\">{\"@context\":\"https:\\\/\\\/schema.org\",\"@graph\":[{\"@type\":\"WebPage\",\"@id\":\"https:\\\/\\\/www.beyouperfumes.com\\\/tienda\\\/goteros\\\/perfume-vainilla-mujer-intimate-vanilla\\\/\",\"url\":\"https:\\\/\\\/www.beyouperfumes.com\\\/tienda\\\/goteros\\\/perfume-vainilla-mujer-intimate-vanilla\\\/\",\"name\":\"Perfume de vainilla para mujer - Intimate Vanilla - BE YOU Perfumes\",\"isPartOf\":{\"@id\":\"https:\\\/\\\/www.beyouperfumes.com\\\/#website\"},\"primaryImageOfPage\":{\"@id\":\"https:\\\/\\\/www.beyouperfumes.com\\\/tienda\\\/goteros\\\/perfume-vainilla-mujer-intimate-vanilla\\\/#primaryimage\"},\"image\":{\"@id\":\"https:\\\/\\\/www.beyouperfumes.com\\\/tienda\\\/goteros\\\/perfume-vainilla-mujer-intimate-vanilla\\\/#primaryimage\"},\"thumbnailUrl\":\"https:\\\/\\\/www.beyouperfumes.com\\\/wp-content\\\/uploads\\\/intimate_vanilla.png\",\"datePublished\":\"2018-08-30T09:32:42+00:00\",\"dateModified\":\"2025-10-09T13:24:02+00:00\",\"description\":\"Perfume de vainilla para mujer de 30ml combinable con todas las fragancias BE YOU. Crea tu perfume exclusivo y si\u00e9ntete \u00fanica.\",\"breadcrumb\":{\"@id\":\"https:\\\/\\\/www.beyouperfumes.com\\\/tienda\\\/goteros\\\/perfume-vainilla-mujer-intimate-vanilla\\\/#breadcrumb\"},\"inLanguage\":\"ca\",\"potentialAction\":[{\"@type\":\"ReadAction\",\"target\":[\"https:\\\/\\\/www.beyouperfumes.com\\\/tienda\\\/goteros\\\/perfume-vainilla-mujer-intimate-vanilla\\\/\"]}]},{\"@type\":\"ImageObject\",\"inLanguage\":\"ca\",\"@id\":\"https:\\\/\\\/www.beyouperfumes.com\\\/tienda\\\/goteros\\\/perfume-vainilla-mujer-intimate-vanilla\\\/#primaryimage\",\"url\":\"https:\\\/\\\/www.beyouperfumes.com\\\/wp-content\\\/uploads\\\/intimate_vanilla.png\",\"contentUrl\":\"https:\\\/\\\/www.beyouperfumes.com\\\/wp-content\\\/uploads\\\/intimate_vanilla.png\",\"width\":832,\"height\":1248},{\"@type\":\"BreadcrumbList\",\"@id\":\"https:\\\/\\\/www.beyouperfumes.com\\\/tienda\\\/goteros\\\/perfume-vainilla-mujer-intimate-vanilla\\\/#breadcrumb\",\"itemListElement\":[{\"@type\":\"ListItem\",\"position\":1,\"name\":\"Home\",\"item\":\"https:\\\/\\\/www.beyouperfumes.com\\\/\"},{\"@type\":\"ListItem\",\"position\":2,\"name\":\"Productos\",\"item\":\"https:\\\/\\\/www.beyouperfumes.com\\\/shop\\\/\"},{\"@type\":\"ListItem\",\"position\":3,\"name\":\"Intimate Vanilla\"}]},{\"@type\":\"WebSite\",\"@id\":\"https:\\\/\\\/www.beyouperfumes.com\\\/#website\",\"url\":\"https:\\\/\\\/www.beyouperfumes.com\\\/\",\"name\":\"BE YOU Perfumes\",\"description\":\"Tu perfume exclusivo, crea tu perfume personalizado\",\"potentialAction\":[{\"@type\":\"SearchAction\",\"target\":{\"@type\":\"EntryPoint\",\"urlTemplate\":\"https:\\\/\\\/www.beyouperfumes.com\\\/?s={search_term_string}\"},\"query-input\":{\"@type\":\"PropertyValueSpecification\",\"valueRequired\":true,\"valueName\":\"search_term_string\"}}],\"inLanguage\":\"ca\"}]}<\/script>\n<!-- \/ Yoast SEO plugin. -->","yoast_head_json":{"title":"Perfume de vainilla para mujer - Intimate Vanilla - BE YOU Perfumes","description":"Perfume de vainilla para mujer de 30ml combinable con todas las fragancias BE YOU. Crea tu perfume exclusivo y si\u00e9ntete \u00fanica.","robots":{"index":"index","follow":"follow","max-snippet":"max-snippet:-1","max-image-preview":"max-image-preview:large","max-video-preview":"max-video-preview:-1"},"canonical":"https:\/\/www.beyouperfumes.com\/ca\/tienda\/goteros\/perfume-vainilla-mujer-intimate-vanilla\/","og_locale":"ca_ES","og_type":"article","og_title":"Perfume de vainilla para mujer - Intimate Vanilla - BE YOU Perfumes","og_description":"Perfume de vainilla para mujer de 30ml combinable con todas las fragancias BE YOU. Crea tu perfume exclusivo y si\u00e9ntete \u00fanica.","og_url":"https:\/\/www.beyouperfumes.com\/ca\/tienda\/goteros\/perfume-vainilla-mujer-intimate-vanilla\/","og_site_name":"BE YOU Perfumes","article_publisher":"https:\/\/www.facebook.com\/BeYouPerfumes\/","article_modified_time":"2025-10-09T13:24:02+00:00","og_image":[{"width":832,"height":1248,"url":"https:\/\/www.beyouperfumes.com\/wp-content\/uploads\/intimate_vanilla.png","type":"image\/png"}],"twitter_card":"summary_large_image","twitter_site":"@beyouperfumes","twitter_misc":{"Temps estimat de lectura":"2 minuts"},"schema":{"@context":"https:\/\/schema.org","@graph":[{"@type":"WebPage","@id":"https:\/\/www.beyouperfumes.com\/tienda\/goteros\/perfume-vainilla-mujer-intimate-vanilla\/","url":"https:\/\/www.beyouperfumes.com\/tienda\/goteros\/perfume-vainilla-mujer-intimate-vanilla\/","name":"Perfume de vainilla para mujer - Intimate Vanilla - BE YOU Perfumes","isPartOf":{"@id":"https:\/\/www.beyouperfumes.com\/#website"},"primaryImageOfPage":{"@id":"https:\/\/www.beyouperfumes.com\/tienda\/goteros\/perfume-vainilla-mujer-intimate-vanilla\/#primaryimage"},"image":{"@id":"https:\/\/www.beyouperfumes.com\/tienda\/goteros\/perfume-vainilla-mujer-intimate-vanilla\/#primaryimage"},"thumbnailUrl":"https:\/\/www.beyouperfumes.com\/wp-content\/uploads\/intimate_vanilla.png","datePublished":"2018-08-30T09:32:42+00:00","dateModified":"2025-10-09T13:24:02+00:00","description":"Perfume de vainilla para mujer de 30ml combinable con todas las fragancias BE YOU. Crea tu perfume exclusivo y si\u00e9ntete \u00fanica.","breadcrumb":{"@id":"https:\/\/www.beyouperfumes.com\/tienda\/goteros\/perfume-vainilla-mujer-intimate-vanilla\/#breadcrumb"},"inLanguage":"ca","potentialAction":[{"@type":"ReadAction","target":["https:\/\/www.beyouperfumes.com\/tienda\/goteros\/perfume-vainilla-mujer-intimate-vanilla\/"]}]},{"@type":"ImageObject","inLanguage":"ca","@id":"https:\/\/www.beyouperfumes.com\/tienda\/goteros\/perfume-vainilla-mujer-intimate-vanilla\/#primaryimage","url":"https:\/\/www.beyouperfumes.com\/wp-content\/uploads\/intimate_vanilla.png","contentUrl":"https:\/\/www.beyouperfumes.com\/wp-content\/uploads\/intimate_vanilla.png","width":832,"height":1248},{"@type":"BreadcrumbList","@id":"https:\/\/www.beyouperfumes.com\/tienda\/goteros\/perfume-vainilla-mujer-intimate-vanilla\/#breadcrumb","itemListElement":[{"@type":"ListItem","position":1,"name":"Home","item":"https:\/\/www.beyouperfumes.com\/"},{"@type":"ListItem","position":2,"name":"Productos","item":"https:\/\/www.beyouperfumes.com\/shop\/"},{"@type":"ListItem","position":3,"name":"Intimate Vanilla"}]},{"@type":"WebSite","@id":"https:\/\/www.beyouperfumes.com\/#website","url":"https:\/\/www.beyouperfumes.com\/","name":"BE YOU Perfumes","description":"Tu perfume exclusivo, crea tu perfume personalizado","potentialAction":[{"@type":"SearchAction","target":{"@type":"EntryPoint","urlTemplate":"https:\/\/www.beyouperfumes.com\/?s={search_term_string}"},"query-input":{"@type":"PropertyValueSpecification","valueRequired":true,"valueName":"search_term_string"}}],"inLanguage":"ca"}]}},"_links":{"self":[{"href":"https:\/\/www.beyouperfumes.com\/ca\/wp-json\/wp\/v2\/product\/69590","targetHints":{"allow":["GET"]}}],"collection":[{"href":"https:\/\/www.beyouperfumes.com\/ca\/wp-json\/wp\/v2\/product"}],"about":[{"href":"https:\/\/www.beyouperfumes.com\/ca\/wp-json\/wp\/v2\/types\/product"}],"replies":[{"embeddable":true,"href":"https:\/\/www.beyouperfumes.com\/ca\/wp-json\/wp\/v2\/comments?post=69590"}],"wp:featuredmedia":[{"embeddable":true,"href":"https:\/\/www.beyouperfumes.com\/ca\/wp-json\/wp\/v2\/media\/159247"}],"wp:attachment":[{"href":"https:\/\/www.beyouperfumes.com\/ca\/wp-json\/wp\/v2\/media?parent=69590"}],"wp:term":[{"taxonomy":"product_brand","embeddable":true,"href":"https:\/\/www.beyouperfumes.com\/ca\/wp-json\/wp\/v2\/product_brand?post=69590"},{"taxonomy":"product_cat","embeddable":true,"href":"https:\/\/www.beyouperfumes.com\/ca\/wp-json\/wp\/v2\/product_cat?post=69590"},{"taxonomy":"product_tag","embeddable":true,"href":"https:\/\/www.beyouperfumes.com\/ca\/wp-json\/wp\/v2\/product_tag?post=69590"}],"curies":[{"name":"wp","href":"https:\/\/api.w.org\/{rel}","templated":true}]}}