{"id":69587,"date":"2019-04-08T08:16:29","date_gmt":"2019-04-08T08:16:29","guid":{"rendered":"https:\/\/www.beyouperfumes.com\/?post_type=product&#038;p=69587"},"modified":"2025-10-09T13:17:00","modified_gmt":"2025-10-09T13:17:00","slug":"rose-symphony","status":"publish","type":"product","link":"https:\/\/www.beyouperfumes.com\/ca\/tienda\/goteros\/rose-symphony\/","title":{"rendered":"Rose Symphony"},"content":{"rendered":"<div class=\"wpb-content-wrapper\"><div data-parent=\"true\" class=\"vc_row has-bg need-focus style-color-172521-bg row-container\" id=\"row-unique-0\"><div class=\"row limit-width row-parent\"><div class=\"wpb_row row-inner\"><div class=\"wpb_column pos-middle pos-center align_center column_parent col-lg-12 single-internal-gutter\"><div class=\"uncol style-light\"  ><div class=\"uncoltable\"><div class=\"uncell no-block-padding\" ><div class=\"uncont\" ><div class=\"vc_custom_heading_wrap\"><div class=\"heading-text el-text\" ><h2 class=\"h2\" ><span>Encara no tens la teva recepta? Nosaltres t'ajudem!<\/span><\/h2><\/div><div class=\"clear\"><\/div><\/div><span class=\"btn-container\" ><a role=\"button\"  href=\"https:\/\/www.beyouperfumes.com\/ca\/contacto\/\" class=\"custom-link btn border-width-0 btn-default btn-icon-left\" title=\"Contacte\">CONTACTE<\/a><\/span><\/div><\/div><\/div><\/div><\/div><script id=\"script-row-unique-0\" data-row=\"script-row-unique-0\" type=\"text\/javascript\" class=\"vc_controls\">UNCODE.initRow(document.getElementById(\"row-unique-0\"));<\/script><\/div><\/div><\/div><div data-parent=\"true\" class=\"vc_row has-bg need-focus style-color-137163-bg row-container\" id=\"row-unique-1\"><div class=\"row limit-width row-parent\"><div class=\"wpb_row row-inner\"><div class=\"wpb_column pos-top pos-center align_left column_parent col-lg-12 single-internal-gutter\"><div class=\"uncol style-light\"  ><div class=\"uncoltable\"><div class=\"uncell single-block-padding style-color-137163-bg has-bg\" ><div class=\"uncont\" ><div class=\"vc_row row-internal row-container\"><div class=\"row row-child\"><div class=\"wpb_row row-inner\"><div class=\"wpb_column pos-top pos-center align_left column_child col-lg-6 single-internal-gutter\"><div class=\"uncol style-light\" ><div class=\"uncoltable\"><div class=\"uncell no-block-padding\" ><div class=\"uncont\" ><div class=\"uncode-single-media  text-right\"><div class=\"single-wrapper\" style=\"max-width: 40%;\"><div class=\"tmb tmb-light  tmb-media-first tmb-media-last tmb-content-overlay tmb-no-bg\"><div class=\"t-inside\"><div class=\"t-entry-visual\"><div class=\"t-entry-visual-tc\"><div class=\"uncode-single-media-wrapper\"><img decoding=\"async\" class=\"wp-image-78949\" src=\"https:\/\/www.beyouperfumes.com\/wp-content\/uploads\/flor.png\" width=\"231\" height=\"339\" alt=\"Crea tu perfume personalizado: Agust&iacute; Vidal\" srcset=\"https:\/\/www.beyouperfumes.com\/wp-content\/uploads\/flor.png 231w, https:\/\/www.beyouperfumes.com\/wp-content\/uploads\/flor-100x147.png 100w\" sizes=\"(max-width: 231px) 100vw, 231px\" \/><\/div>\n\t\t\t\t\t<\/div>\n\t\t\t\t<\/div><\/div><\/div><\/div><\/div><\/div><\/div><\/div><\/div><\/div><div class=\"wpb_column pos-middle pos-left align_left column_child col-lg-6 single-internal-gutter\"><div class=\"uncol style-light\" ><div class=\"uncoltable\"><div class=\"uncell no-block-padding\" ><div class=\"uncont\" ><div class=\"vc_custom_heading_wrap\"><div class=\"heading-text el-text\" ><\/p>\n<h4>qualitat i raresa...<\/h4>\n<p>\n<\/div><div class=\"clear\"><\/div><\/div><\/div><\/div><\/div><\/div><\/div><\/div><\/div><\/div><div class=\"vc_row row-internal row-container\"><div class=\"row row-child\"><div class=\"wpb_row row-inner\"><div class=\"wpb_column pos-top pos-center align_left column_child col-lg-12 single-internal-gutter\"><div class=\"uncol style-light\" ><div class=\"uncoltable\"><div class=\"uncell no-block-padding\" ><div class=\"uncont\" ><div class=\"uncode_text_column\" ><p>cada ess\u00e8ncia de Beyou PERFUMES ha estat seleccionada individualment pel nostre creador olfactiu, dissenyador per a les botigues m\u00e9s prestigioses de tot el m\u00f3n. Seleccionades entre els productors d'ess\u00e8ncies independents, per la seva excel\u00b7l\u00e8ncia en qualitat i car\u00e0cter \u00fanic, aquestes ess\u00e8ncies excepcionals s'han desenvolupat localment en perfecta harmonia amb la comunitat i la natura que les envolta.<\/p>\n<\/div><\/div><\/div><\/div><\/div><\/div><\/div><\/div><\/div><\/div><\/div><\/div><\/div><\/div><script id=\"script-row-unique-1\" data-row=\"script-row-unique-1\" type=\"text\/javascript\" class=\"vc_controls\">UNCODE.initRow(document.getElementById(\"row-unique-1\"));<\/script><\/div><\/div><\/div><div data-parent=\"true\" class=\"vc_row has-bg need-focus style-color-167788-bg row-container\" id=\"row-unique-2\"><div class=\"row limit-width row-parent\"><div class=\"wpb_row row-inner\"><div class=\"wpb_column pos-top pos-center align_left column_parent col-lg-12 single-internal-gutter\"><div class=\"uncol style-light\"  ><div class=\"uncoltable\"><div class=\"uncell no-block-padding\" ><div class=\"uncont\" ><div class=\"vc_row row-internal row-container\"><div class=\"row row-child\"><div class=\"wpb_row row-inner\"><div class=\"wpb_column pos-top pos-center align_left column_child col-lg-6 single-internal-gutter\"><div class=\"uncol style-light\" ><div class=\"uncoltable\"><div class=\"uncell no-block-padding\" ><div class=\"uncont\" ><\/div><\/div><\/div><\/div><\/div><div class=\"wpb_column pos-top pos-center align_left column_child col-lg-6 single-internal-gutter\"><div class=\"uncol style-light\" ><div class=\"uncoltable\"><div class=\"uncell no-block-padding\" ><div class=\"uncont\" ><div class=\"vc_custom_heading_wrap\"><div class=\"heading-text el-text\" ><p class=\"font-weight-400 text-lowercase\" ><span><\/p><\/span><span><h4 id=\"nosetext\" style=\"text-align: left;\">el nas...<\/h4><\/span><span><p><\/span><\/p><\/div><div class=\"clear\"><\/div><\/div><\/div><\/div><\/div><\/div><\/div><\/div><\/div><\/div><div class=\"vc_custom_heading_wrap\"><div class=\"heading-text el-text\" ><p class=\"text-lowercase\" ><span><\/p><\/span><span><p id=\"bottomtext002\" style=\"text-align: center;\">el secret m\u00e9s ben guardat de Beyou PERFUMS \u00e9s el creador de perfums.<br \/><\/span><span>Reconegut en tot el m\u00f3n per les seves creacions per a les cases de moda i perfums m\u00e9s importants del m\u00f3n.<br \/><\/span><span>Agust\u00ed ha seleccionado para clientes de BEYOU PERFUMES, productores individuales de esencias finas de todo el mundo para ofrecerle las fragancias m\u00e1s exclusivas disponibles.<\/p><\/span><span><p><\/span><\/p><\/div><div class=\"clear\"><\/div><\/div><div class=\"uncode-single-media  text-left\"><div class=\"single-wrapper\" style=\"max-width: 100%;\"><div class=\"tmb tmb-light  tmb-media-first tmb-media-last tmb-content-overlay tmb-no-bg\"><div class=\"t-inside\"><div class=\"t-entry-visual\"><div class=\"t-entry-visual-tc\"><div class=\"uncode-single-media-wrapper\"><img decoding=\"async\" class=\"wp-image-78952\" src=\"https:\/\/www.beyouperfumes.com\/wp-content\/uploads\/noseman.png\" width=\"1140\" height=\"629\" alt=\"Crea tu perfume personalizado: Nuestra nariz\" srcset=\"https:\/\/www.beyouperfumes.com\/wp-content\/uploads\/noseman.png 1140w, https:\/\/www.beyouperfumes.com\/wp-content\/uploads\/noseman-100x55.png 100w, https:\/\/www.beyouperfumes.com\/wp-content\/uploads\/noseman-400x221.png 400w, https:\/\/www.beyouperfumes.com\/wp-content\/uploads\/noseman-300x166.png 300w, https:\/\/www.beyouperfumes.com\/wp-content\/uploads\/noseman-768x424.png 768w, https:\/\/www.beyouperfumes.com\/wp-content\/uploads\/noseman-uai-720x397.png 720w\" sizes=\"(max-width: 1140px) 100vw, 1140px\" \/><\/div>\n\t\t\t\t\t<\/div>\n\t\t\t\t<\/div><\/div><\/div><\/div><\/div><\/div><\/div><\/div><\/div><\/div><script id=\"script-row-unique-2\" data-row=\"script-row-unique-2\" type=\"text\/javascript\" class=\"vc_controls\">UNCODE.initRow(document.getElementById(\"row-unique-2\"));<\/script><\/div><\/div><\/div>\n<\/div>","protected":false},"excerpt":{"rendered":"<h3 class=\"h3\">Ingredients: Rosa.<\/h3>\n<p>Els seus p\u00e8tals regalen les frag\u00e0ncies m\u00e9s complexes i delicades de la natura.<\/p>\n<p>A la simfonia olfactiva que ofereix el p\u00e8tal de la rosa, trobem un efecte fresc de pebre acompanyat d\u2019una lleugera reminisc\u00e8ncia de claus, una sensaci\u00f3 dol\u00e7a fruiter que recorda a la pell vellutada del pr\u00e9ssec i una sensaci\u00f3 de verdor. Per aix\u00f2, aquesta ess\u00e8ncia presenta tocs afruitats i especiats creant un perfum complex per\u00f2 alhora sublim i exquisit.<\/p>","protected":false},"featured_media":159243,"comment_status":"closed","ping_status":"closed","template":"","meta":[],"product_brand":[],"product_cat":[37],"product_tag":[],"class_list":{"0":"post-69587","1":"product","2":"type-product","3":"status-publish","4":"has-post-thumbnail","6":"product_cat-goteros","8":"first","9":"outofstock","10":"taxable","11":"shipping-taxable","12":"purchasable","13":"product-type-simple"},"yoast_head":"<!-- This site is optimized with the Yoast SEO plugin v27.5 - https:\/\/yoast.com\/product\/yoast-seo-wordpress\/ -->\n<title>Perfume de rosa Rose Symphony - BE YOU Perfumes<\/title>\n<meta name=\"description\" content=\"Perfume de rosa de Damasco. En la sinfon\u00eda olfativa que ofrece el p\u00e9talo de la rosa encontramos un efecto fresco de pimienta...\" \/>\n<meta name=\"robots\" content=\"index, follow, max-snippet:-1, max-image-preview:large, max-video-preview:-1\" \/>\n<link rel=\"canonical\" href=\"https:\/\/www.beyouperfumes.com\/ca\/tienda\/goteros\/rose-symphony\/\" \/>\n<meta property=\"og:locale\" content=\"ca_ES\" \/>\n<meta property=\"og:type\" content=\"article\" \/>\n<meta property=\"og:title\" content=\"Perfume de rosa Rose Symphony - BE YOU Perfumes\" \/>\n<meta property=\"og:description\" content=\"Perfume de rosa de Damasco. En la sinfon\u00eda olfativa que ofrece el p\u00e9talo de la rosa encontramos un efecto fresco de pimienta...\" \/>\n<meta property=\"og:url\" content=\"https:\/\/www.beyouperfumes.com\/ca\/tienda\/goteros\/rose-symphony\/\" \/>\n<meta property=\"og:site_name\" content=\"BE YOU Perfumes\" \/>\n<meta property=\"article:publisher\" content=\"https:\/\/www.facebook.com\/BeYouPerfumes\/\" \/>\n<meta property=\"article:modified_time\" content=\"2025-10-09T13:17:00+00:00\" \/>\n<meta property=\"og:image\" content=\"https:\/\/www.beyouperfumes.com\/wp-content\/uploads\/rose_symphony.png\" \/>\n\t<meta property=\"og:image:width\" content=\"832\" \/>\n\t<meta property=\"og:image:height\" content=\"1248\" \/>\n\t<meta property=\"og:image:type\" content=\"image\/png\" \/>\n<meta name=\"twitter:card\" content=\"summary_large_image\" \/>\n<meta name=\"twitter:site\" content=\"@beyouperfumes\" \/>\n<meta name=\"twitter:label1\" content=\"Temps estimat de lectura\" \/>\n\t<meta name=\"twitter:data1\" content=\"2 minuts\" \/>\n<script type=\"application\/ld+json\" class=\"yoast-schema-graph\">{\"@context\":\"https:\\\/\\\/schema.org\",\"@graph\":[{\"@type\":\"WebPage\",\"@id\":\"https:\\\/\\\/www.beyouperfumes.com\\\/tienda\\\/goteros\\\/rose-symphony\\\/\",\"url\":\"https:\\\/\\\/www.beyouperfumes.com\\\/tienda\\\/goteros\\\/rose-symphony\\\/\",\"name\":\"Perfume de rosa Rose Symphony - BE YOU Perfumes\",\"isPartOf\":{\"@id\":\"https:\\\/\\\/www.beyouperfumes.com\\\/#website\"},\"primaryImageOfPage\":{\"@id\":\"https:\\\/\\\/www.beyouperfumes.com\\\/tienda\\\/goteros\\\/rose-symphony\\\/#primaryimage\"},\"image\":{\"@id\":\"https:\\\/\\\/www.beyouperfumes.com\\\/tienda\\\/goteros\\\/rose-symphony\\\/#primaryimage\"},\"thumbnailUrl\":\"https:\\\/\\\/www.beyouperfumes.com\\\/wp-content\\\/uploads\\\/rose_symphony.png\",\"datePublished\":\"2019-04-08T08:16:29+00:00\",\"dateModified\":\"2025-10-09T13:17:00+00:00\",\"description\":\"Perfume de rosa de Damasco. En la sinfon\u00eda olfativa que ofrece el p\u00e9talo de la rosa encontramos un efecto fresco de pimienta...\",\"breadcrumb\":{\"@id\":\"https:\\\/\\\/www.beyouperfumes.com\\\/tienda\\\/goteros\\\/rose-symphony\\\/#breadcrumb\"},\"inLanguage\":\"ca\",\"potentialAction\":[{\"@type\":\"ReadAction\",\"target\":[\"https:\\\/\\\/www.beyouperfumes.com\\\/tienda\\\/goteros\\\/rose-symphony\\\/\"]}]},{\"@type\":\"ImageObject\",\"inLanguage\":\"ca\",\"@id\":\"https:\\\/\\\/www.beyouperfumes.com\\\/tienda\\\/goteros\\\/rose-symphony\\\/#primaryimage\",\"url\":\"https:\\\/\\\/www.beyouperfumes.com\\\/wp-content\\\/uploads\\\/rose_symphony.png\",\"contentUrl\":\"https:\\\/\\\/www.beyouperfumes.com\\\/wp-content\\\/uploads\\\/rose_symphony.png\",\"width\":832,\"height\":1248,\"caption\":\"Rose Symphony BeYou\"},{\"@type\":\"BreadcrumbList\",\"@id\":\"https:\\\/\\\/www.beyouperfumes.com\\\/tienda\\\/goteros\\\/rose-symphony\\\/#breadcrumb\",\"itemListElement\":[{\"@type\":\"ListItem\",\"position\":1,\"name\":\"Home\",\"item\":\"https:\\\/\\\/www.beyouperfumes.com\\\/\"},{\"@type\":\"ListItem\",\"position\":2,\"name\":\"Productos\",\"item\":\"https:\\\/\\\/www.beyouperfumes.com\\\/shop\\\/\"},{\"@type\":\"ListItem\",\"position\":3,\"name\":\"Rose Symphony\"}]},{\"@type\":\"WebSite\",\"@id\":\"https:\\\/\\\/www.beyouperfumes.com\\\/#website\",\"url\":\"https:\\\/\\\/www.beyouperfumes.com\\\/\",\"name\":\"BE YOU Perfumes\",\"description\":\"Tu perfume exclusivo, crea tu perfume personalizado\",\"potentialAction\":[{\"@type\":\"SearchAction\",\"target\":{\"@type\":\"EntryPoint\",\"urlTemplate\":\"https:\\\/\\\/www.beyouperfumes.com\\\/?s={search_term_string}\"},\"query-input\":{\"@type\":\"PropertyValueSpecification\",\"valueRequired\":true,\"valueName\":\"search_term_string\"}}],\"inLanguage\":\"ca\"}]}<\/script>\n<!-- \/ Yoast SEO plugin. -->","yoast_head_json":{"title":"Perfume de rosa Rose Symphony - BE YOU Perfumes","description":"Perfume de rosa de Damasco. En la sinfon\u00eda olfativa que ofrece el p\u00e9talo de la rosa encontramos un efecto fresco de pimienta...","robots":{"index":"index","follow":"follow","max-snippet":"max-snippet:-1","max-image-preview":"max-image-preview:large","max-video-preview":"max-video-preview:-1"},"canonical":"https:\/\/www.beyouperfumes.com\/ca\/tienda\/goteros\/rose-symphony\/","og_locale":"ca_ES","og_type":"article","og_title":"Perfume de rosa Rose Symphony - BE YOU Perfumes","og_description":"Perfume de rosa de Damasco. En la sinfon\u00eda olfativa que ofrece el p\u00e9talo de la rosa encontramos un efecto fresco de pimienta...","og_url":"https:\/\/www.beyouperfumes.com\/ca\/tienda\/goteros\/rose-symphony\/","og_site_name":"BE YOU Perfumes","article_publisher":"https:\/\/www.facebook.com\/BeYouPerfumes\/","article_modified_time":"2025-10-09T13:17:00+00:00","og_image":[{"width":832,"height":1248,"url":"https:\/\/www.beyouperfumes.com\/wp-content\/uploads\/rose_symphony.png","type":"image\/png"}],"twitter_card":"summary_large_image","twitter_site":"@beyouperfumes","twitter_misc":{"Temps estimat de lectura":"2 minuts"},"schema":{"@context":"https:\/\/schema.org","@graph":[{"@type":"WebPage","@id":"https:\/\/www.beyouperfumes.com\/tienda\/goteros\/rose-symphony\/","url":"https:\/\/www.beyouperfumes.com\/tienda\/goteros\/rose-symphony\/","name":"Perfume de rosa Rose Symphony - BE YOU Perfumes","isPartOf":{"@id":"https:\/\/www.beyouperfumes.com\/#website"},"primaryImageOfPage":{"@id":"https:\/\/www.beyouperfumes.com\/tienda\/goteros\/rose-symphony\/#primaryimage"},"image":{"@id":"https:\/\/www.beyouperfumes.com\/tienda\/goteros\/rose-symphony\/#primaryimage"},"thumbnailUrl":"https:\/\/www.beyouperfumes.com\/wp-content\/uploads\/rose_symphony.png","datePublished":"2019-04-08T08:16:29+00:00","dateModified":"2025-10-09T13:17:00+00:00","description":"Perfume de rosa de Damasco. En la sinfon\u00eda olfativa que ofrece el p\u00e9talo de la rosa encontramos un efecto fresco de pimienta...","breadcrumb":{"@id":"https:\/\/www.beyouperfumes.com\/tienda\/goteros\/rose-symphony\/#breadcrumb"},"inLanguage":"ca","potentialAction":[{"@type":"ReadAction","target":["https:\/\/www.beyouperfumes.com\/tienda\/goteros\/rose-symphony\/"]}]},{"@type":"ImageObject","inLanguage":"ca","@id":"https:\/\/www.beyouperfumes.com\/tienda\/goteros\/rose-symphony\/#primaryimage","url":"https:\/\/www.beyouperfumes.com\/wp-content\/uploads\/rose_symphony.png","contentUrl":"https:\/\/www.beyouperfumes.com\/wp-content\/uploads\/rose_symphony.png","width":832,"height":1248,"caption":"Rose Symphony BeYou"},{"@type":"BreadcrumbList","@id":"https:\/\/www.beyouperfumes.com\/tienda\/goteros\/rose-symphony\/#breadcrumb","itemListElement":[{"@type":"ListItem","position":1,"name":"Home","item":"https:\/\/www.beyouperfumes.com\/"},{"@type":"ListItem","position":2,"name":"Productos","item":"https:\/\/www.beyouperfumes.com\/shop\/"},{"@type":"ListItem","position":3,"name":"Rose Symphony"}]},{"@type":"WebSite","@id":"https:\/\/www.beyouperfumes.com\/#website","url":"https:\/\/www.beyouperfumes.com\/","name":"BE YOU Perfumes","description":"Tu perfume exclusivo, crea tu perfume personalizado","potentialAction":[{"@type":"SearchAction","target":{"@type":"EntryPoint","urlTemplate":"https:\/\/www.beyouperfumes.com\/?s={search_term_string}"},"query-input":{"@type":"PropertyValueSpecification","valueRequired":true,"valueName":"search_term_string"}}],"inLanguage":"ca"}]}},"_links":{"self":[{"href":"https:\/\/www.beyouperfumes.com\/ca\/wp-json\/wp\/v2\/product\/69587","targetHints":{"allow":["GET"]}}],"collection":[{"href":"https:\/\/www.beyouperfumes.com\/ca\/wp-json\/wp\/v2\/product"}],"about":[{"href":"https:\/\/www.beyouperfumes.com\/ca\/wp-json\/wp\/v2\/types\/product"}],"replies":[{"embeddable":true,"href":"https:\/\/www.beyouperfumes.com\/ca\/wp-json\/wp\/v2\/comments?post=69587"}],"wp:featuredmedia":[{"embeddable":true,"href":"https:\/\/www.beyouperfumes.com\/ca\/wp-json\/wp\/v2\/media\/159243"}],"wp:attachment":[{"href":"https:\/\/www.beyouperfumes.com\/ca\/wp-json\/wp\/v2\/media?parent=69587"}],"wp:term":[{"taxonomy":"product_brand","embeddable":true,"href":"https:\/\/www.beyouperfumes.com\/ca\/wp-json\/wp\/v2\/product_brand?post=69587"},{"taxonomy":"product_cat","embeddable":true,"href":"https:\/\/www.beyouperfumes.com\/ca\/wp-json\/wp\/v2\/product_cat?post=69587"},{"taxonomy":"product_tag","embeddable":true,"href":"https:\/\/www.beyouperfumes.com\/ca\/wp-json\/wp\/v2\/product_tag?post=69587"}],"curies":[{"name":"wp","href":"https:\/\/api.w.org\/{rel}","templated":true}]}}