{"id":44966,"date":"2016-02-22T12:42:52","date_gmt":"2016-02-22T12:42:52","guid":{"rendered":"https:\/\/undsgn.com\/uncode\/?page_id=44966"},"modified":"2020-05-06T16:29:06","modified_gmt":"2020-05-06T16:29:06","slug":"contacto","status":"publish","type":"page","link":"https:\/\/www.beyouperfumes.com\/ca\/contacto\/","title":{"rendered":"Formas y m\u00e9todos de contacto"},"content":{"rendered":"<div class=\"wpb-content-wrapper\"><div data-parent=\"true\" class=\"vc_row row-container\" id=\"row-unique-0\"><div class=\"row limit-width row-parent\"><div class=\"wpb_row row-inner\"><div class=\"wpb_column pos-middle pos-center align_center column_parent col-lg-12 single-internal-gutter\"><div class=\"uncol style-light unexpand\"  ><div class=\"uncoltable\"><div class=\"uncell double-block-padding\" ><div class=\"uncont\" ><div class=\"vc_custom_heading_wrap\"><div class=\"heading-text el-text\" ><h2 class=\"h2\" ><span><\/p><\/span><span><h1 style=\"text-align: center;\">CONTACTE<\/h1><\/span><span><p><\/span><\/h2><\/div><div class=\"clear\"><\/div><\/div><\/div><\/div><\/div><\/div><\/div><script id=\"script-row-unique-0\" data-row=\"script-row-unique-0\" type=\"text\/javascript\" class=\"vc_controls\">UNCODE.initRow(document.getElementById(\"row-unique-0\"));<\/script><\/div><\/div><\/div><div data-parent=\"true\" class=\"vc_row row-container\" id=\"row-unique-1\"><div class=\"row limit-width row-parent\"><div class=\"wpb_row row-inner\"><div class=\"wpb_column pos-top pos-center align_left column_parent col-lg-12 single-internal-gutter\"><div class=\"uncol style-light\"  ><div class=\"uncoltable\"><div class=\"uncell no-block-padding\" ><div class=\"uncont\" >\n<div class=\"wpcf7 no-js\" id=\"wpcf7-f31132-o1\" lang=\"en-US\" dir=\"ltr\" data-wpcf7-id=\"31132\">\n<div class=\"screen-reader-response\"><p role=\"status\" aria-live=\"polite\" aria-atomic=\"true\"><\/p> <ul><\/ul><\/div>\n<form action=\"\/ca\/wp-json\/wp\/v2\/pages\/44966#wpcf7-f31132-o1\" method=\"post\" class=\"wpcf7-form init\" aria-label=\"Contact form\" novalidate=\"novalidate\" data-status=\"init\" data-trp-original-action=\"\/ca\/wp-json\/wp\/v2\/pages\/44966#wpcf7-f31132-o1\">\n<fieldset class=\"hidden-fields-container\"><input type=\"hidden\" name=\"_wpcf7\" value=\"31132\" \/><input type=\"hidden\" name=\"_wpcf7_version\" value=\"6.1.5\" \/><input type=\"hidden\" name=\"_wpcf7_locale\" value=\"en_US\" \/><input type=\"hidden\" name=\"_wpcf7_unit_tag\" value=\"wpcf7-f31132-o1\" \/><input type=\"hidden\" name=\"_wpcf7_container_post\" value=\"0\" \/><input type=\"hidden\" name=\"_wpcf7_posted_data_hash\" value=\"\" \/>\n<\/fieldset>\n<head><script src='https:\/\/www.google.com\/recaptcha\/api.js'><\/script>\n<\/head>\n<p><span class=\"wpcf7-form-control-wrap\" data-name=\"your-fullname\"><input size=\"40\" maxlength=\"400\" class=\"wpcf7-form-control wpcf7-text wpcf7-validates-as-required form-fluid\" aria-required=\"true\" aria-invalid=\"false\" placeholder=\"Nom i cognoms\" value=\"\" type=\"text\" name=\"your-fullname\" \/><\/span>\n<\/p>\n<div class=\"wpcf7-inline-wrapper\">\n\t<p class=\"wpcf7-inline-field\"><span class=\"wpcf7-form-control-wrap\" data-name=\"your-email\"><input size=\"40\" maxlength=\"400\" class=\"wpcf7-form-control wpcf7-email wpcf7-validates-as-required wpcf7-text wpcf7-validates-as-email\" aria-required=\"true\" aria-invalid=\"false\" placeholder=\"Correu electr\u00f2nic\" value=\"\" type=\"email\" name=\"your-email\" \/><\/span>\n\t<\/p>\n<\/div>\n<p><span class=\"wpcf7-form-control-wrap\" data-name=\"your-message\"><textarea cols=\"40\" rows=\"8\" maxlength=\"2000\" class=\"wpcf7-form-control wpcf7-textarea\" aria-invalid=\"false\" placeholder=\"Explica&#039;ns com et podem ajudar\" name=\"your-message\"><\/textarea><\/span>\n<\/p>\n<p><span class=\"wpcf7-form-control-wrap\" data-name=\"acceptance-170\"><span class=\"wpcf7-form-control wpcf7-acceptance\"><span class=\"wpcf7-list-item\"><input type=\"checkbox\" name=\"acceptance-170\" value=\"1\" aria-invalid=\"false\" \/><\/span><\/span><\/span> He llegit i accepto els <a href=\"\/ca\/terminos-y-condiciones\/\">Termes i condicions<\/a>, juntament amb la <a href=\"\/ca\/politica-de-privacidad\/\">Pol\u00edtica de privacidad<\/a>\n<\/p>\n<p><input class=\"wpcf7-form-control wpcf7-submit has-spinner btn btn-circle\" type=\"submit\" value=\"ENVIAR\" \/>\n<\/p><div class=\"wpcf7-response-output\" aria-hidden=\"true\"><\/div>\n<input type=\"hidden\" name=\"trp-form-language\" value=\"ca\"\/><\/form>\n<\/div>\n<\/div><\/div><\/div><\/div><\/div><script id=\"script-row-unique-1\" data-row=\"script-row-unique-1\" type=\"text\/javascript\" class=\"vc_controls\">UNCODE.initRow(document.getElementById(\"row-unique-1\"));<\/script><\/div><\/div><\/div><div data-parent=\"true\" class=\"vc_row has-bg need-focus style-color-212204-bg row-container mobile-hidden\" id=\"row-unique-2\"><div class=\"row unequal double-top-padding double-bottom-padding single-h-padding limit-width row-parent\"><div class=\"wpb_row row-inner\"><div class=\"wpb_column pos-top pos-center align_center column_parent col-lg-12 double-internal-gutter\"><div class=\"uncol style-spec style-dark\"  ><div class=\"uncoltable\"><div class=\"uncell no-block-padding\" ><div class=\"uncont\" ><div class=\"animate_when_almost_visible zoom-in icon-box icon-box-top  icon-inline\" data-delay=\"200\"><div class=\"icon-box-icon fa-container\" style=\"margin-bottom: 0px;\" ><a role=\"button\" href=\"https:\/\/www.facebook.com\/beyouperfumes\" target=\"_blank\" class=\"fa fa-stack fa-2x btn-default fa-rounded custom-link\"><i class=\"fa fa-social-facebook\"><\/i><\/a><\/div><\/div><div class=\"animate_when_almost_visible zoom-in icon-box icon-box-top  icon-inline\" data-delay=\"300\"><div class=\"icon-box-icon fa-container\" style=\"margin-bottom: 0px;\" ><a role=\"button\" href=\"https:\/\/twitter.com\/beyouperfumes\" target=\"_blank\" class=\"fa fa-stack fa-2x btn-default fa-rounded custom-link\"><i class=\"fa fa-social-twitter\"><\/i><\/a><\/div><\/div><div class=\"animate_when_almost_visible zoom-in icon-box icon-box-top  icon-inline\" data-delay=\"400\"><div class=\"icon-box-icon fa-container\" style=\"margin-bottom: 0px;\" ><a role=\"button\" href=\"https:\/\/www.instagram.com\/beyouperfumes\" target=\"_blank\" class=\"fa fa-stack fa-2x btn-default fa-rounded custom-link\"><i class=\"fa fa-instagram\"><\/i><\/a><\/div><\/div><div class=\"animate_when_almost_visible zoom-in icon-box icon-box-top  icon-inline\" data-delay=\"600\"><div class=\"icon-box-icon fa-container\" style=\"margin-bottom: 0px;\" ><a role=\"button\" href=\"https:\/\/www.youtube.com\/channel\/UCT9gd0GLzjwDaUZ-j0lslSQ\" target=\"_blank\" class=\"fa fa-stack fa-2x btn-default fa-rounded custom-link\"><i class=\"fa fa-youtube-play\"><\/i><\/a><\/div><\/div><div class=\"animate_when_almost_visible zoom-in icon-box icon-box-top  icon-inline\" data-delay=\"600\"><div class=\"icon-box-icon fa-container\" style=\"margin-bottom: 0px;\" ><a role=\"button\" href=\"mailto:beyou@beyouperfumes.com\" target=\"_blank\" class=\"fa fa-stack fa-2x btn-default fa-rounded custom-link\"><i class=\"fa fa-envelope3\"><\/i><\/a><\/div><\/div><\/div><\/div><\/div><\/div><\/div><script id=\"script-row-unique-2\" data-row=\"script-row-unique-2\" type=\"text\/javascript\" class=\"vc_controls\">UNCODE.initRow(document.getElementById(\"row-unique-2\"));<\/script><\/div><\/div><\/div>\n<\/div>","protected":false},"excerpt":{"rendered":"CONTACTO He le\u00eddo y acepto los T\u00e9rminos y condiciones, juntamente con la Pol\u00edtica de privacidad","protected":false},"author":1,"featured_media":0,"parent":0,"menu_order":0,"comment_status":"closed","ping_status":"closed","template":"","meta":{"footnotes":""},"class_list":["post-44966","page","type-page","status-publish","hentry"],"yoast_head":"<!-- This site is optimized with the Yoast SEO plugin v27.5 - https:\/\/yoast.com\/product\/yoast-seo-wordpress\/ -->\n<title>Formas y m\u00e9todos de contacto - BE YOU Perfumes<\/title>\n<meta name=\"robots\" content=\"index, follow, max-snippet:-1, max-image-preview:large, max-video-preview:-1\" \/>\n<link rel=\"canonical\" href=\"https:\/\/www.beyouperfumes.com\/ca\/contacto\/\" \/>\n<meta property=\"og:locale\" content=\"ca_ES\" \/>\n<meta property=\"og:type\" content=\"article\" \/>\n<meta property=\"og:title\" content=\"Formas y m\u00e9todos de contacto - BE YOU Perfumes\" \/>\n<meta property=\"og:url\" content=\"https:\/\/www.beyouperfumes.com\/ca\/contacto\/\" \/>\n<meta property=\"og:site_name\" content=\"BE YOU Perfumes\" \/>\n<meta property=\"article:publisher\" content=\"https:\/\/www.facebook.com\/BeYouPerfumes\/\" \/>\n<meta property=\"article:modified_time\" content=\"2020-05-06T16:29:06+00:00\" \/>\n<meta name=\"twitter:card\" content=\"summary_large_image\" \/>\n<meta name=\"twitter:site\" content=\"@beyouperfumes\" \/>\n<meta name=\"twitter:label1\" content=\"Temps estimat de lectura\" \/>\n\t<meta name=\"twitter:data1\" content=\"1 minut\" \/>\n<script type=\"application\/ld+json\" class=\"yoast-schema-graph\">{\"@context\":\"https:\\\/\\\/schema.org\",\"@graph\":[{\"@type\":\"WebPage\",\"@id\":\"https:\\\/\\\/www.beyouperfumes.com\\\/ca\\\/contacto\\\/\",\"url\":\"https:\\\/\\\/www.beyouperfumes.com\\\/ca\\\/contacto\\\/\",\"name\":\"Formas y m\u00e9todos de contacto - BE YOU Perfumes\",\"isPartOf\":{\"@id\":\"https:\\\/\\\/www.beyouperfumes.com\\\/#website\"},\"datePublished\":\"2016-02-22T12:42:52+00:00\",\"dateModified\":\"2020-05-06T16:29:06+00:00\",\"breadcrumb\":{\"@id\":\"https:\\\/\\\/www.beyouperfumes.com\\\/ca\\\/contacto\\\/#breadcrumb\"},\"inLanguage\":\"ca\",\"potentialAction\":[{\"@type\":\"ReadAction\",\"target\":[\"https:\\\/\\\/www.beyouperfumes.com\\\/ca\\\/contacto\\\/\"]}]},{\"@type\":\"BreadcrumbList\",\"@id\":\"https:\\\/\\\/www.beyouperfumes.com\\\/ca\\\/contacto\\\/#breadcrumb\",\"itemListElement\":[{\"@type\":\"ListItem\",\"position\":1,\"name\":\"Home\",\"item\":\"https:\\\/\\\/www.beyouperfumes.com\\\/\"},{\"@type\":\"ListItem\",\"position\":2,\"name\":\"Formas y m\u00e9todos de contacto\"}]},{\"@type\":\"WebSite\",\"@id\":\"https:\\\/\\\/www.beyouperfumes.com\\\/#website\",\"url\":\"https:\\\/\\\/www.beyouperfumes.com\\\/\",\"name\":\"BE YOU Perfumes\",\"description\":\"Tu perfume exclusivo, crea tu perfume personalizado\",\"potentialAction\":[{\"@type\":\"SearchAction\",\"target\":{\"@type\":\"EntryPoint\",\"urlTemplate\":\"https:\\\/\\\/www.beyouperfumes.com\\\/?s={search_term_string}\"},\"query-input\":{\"@type\":\"PropertyValueSpecification\",\"valueRequired\":true,\"valueName\":\"search_term_string\"}}],\"inLanguage\":\"ca\"}]}<\/script>\n<!-- \/ Yoast SEO plugin. -->","yoast_head_json":{"title":"Formas y m\u00e9todos de contacto - BE YOU Perfumes","robots":{"index":"index","follow":"follow","max-snippet":"max-snippet:-1","max-image-preview":"max-image-preview:large","max-video-preview":"max-video-preview:-1"},"canonical":"https:\/\/www.beyouperfumes.com\/ca\/contacto\/","og_locale":"ca_ES","og_type":"article","og_title":"Formas y m\u00e9todos de contacto - BE YOU Perfumes","og_url":"https:\/\/www.beyouperfumes.com\/ca\/contacto\/","og_site_name":"BE YOU Perfumes","article_publisher":"https:\/\/www.facebook.com\/BeYouPerfumes\/","article_modified_time":"2020-05-06T16:29:06+00:00","twitter_card":"summary_large_image","twitter_site":"@beyouperfumes","twitter_misc":{"Temps estimat de lectura":"1 minut"},"schema":{"@context":"https:\/\/schema.org","@graph":[{"@type":"WebPage","@id":"https:\/\/www.beyouperfumes.com\/ca\/contacto\/","url":"https:\/\/www.beyouperfumes.com\/ca\/contacto\/","name":"Formas y m\u00e9todos de contacto - BE YOU Perfumes","isPartOf":{"@id":"https:\/\/www.beyouperfumes.com\/#website"},"datePublished":"2016-02-22T12:42:52+00:00","dateModified":"2020-05-06T16:29:06+00:00","breadcrumb":{"@id":"https:\/\/www.beyouperfumes.com\/ca\/contacto\/#breadcrumb"},"inLanguage":"ca","potentialAction":[{"@type":"ReadAction","target":["https:\/\/www.beyouperfumes.com\/ca\/contacto\/"]}]},{"@type":"BreadcrumbList","@id":"https:\/\/www.beyouperfumes.com\/ca\/contacto\/#breadcrumb","itemListElement":[{"@type":"ListItem","position":1,"name":"Home","item":"https:\/\/www.beyouperfumes.com\/"},{"@type":"ListItem","position":2,"name":"Formas y m\u00e9todos de contacto"}]},{"@type":"WebSite","@id":"https:\/\/www.beyouperfumes.com\/#website","url":"https:\/\/www.beyouperfumes.com\/","name":"BE YOU Perfumes","description":"Tu perfume exclusivo, crea tu perfume personalizado","potentialAction":[{"@type":"SearchAction","target":{"@type":"EntryPoint","urlTemplate":"https:\/\/www.beyouperfumes.com\/?s={search_term_string}"},"query-input":{"@type":"PropertyValueSpecification","valueRequired":true,"valueName":"search_term_string"}}],"inLanguage":"ca"}]}},"_links":{"self":[{"href":"https:\/\/www.beyouperfumes.com\/ca\/wp-json\/wp\/v2\/pages\/44966","targetHints":{"allow":["GET"]}}],"collection":[{"href":"https:\/\/www.beyouperfumes.com\/ca\/wp-json\/wp\/v2\/pages"}],"about":[{"href":"https:\/\/www.beyouperfumes.com\/ca\/wp-json\/wp\/v2\/types\/page"}],"author":[{"embeddable":true,"href":"https:\/\/www.beyouperfumes.com\/ca\/wp-json\/wp\/v2\/users\/1"}],"replies":[{"embeddable":true,"href":"https:\/\/www.beyouperfumes.com\/ca\/wp-json\/wp\/v2\/comments?post=44966"}],"version-history":[{"count":11,"href":"https:\/\/www.beyouperfumes.com\/ca\/wp-json\/wp\/v2\/pages\/44966\/revisions"}],"predecessor-version":[{"id":83496,"href":"https:\/\/www.beyouperfumes.com\/ca\/wp-json\/wp\/v2\/pages\/44966\/revisions\/83496"}],"wp:attachment":[{"href":"https:\/\/www.beyouperfumes.com\/ca\/wp-json\/wp\/v2\/media?parent=44966"}],"curies":[{"name":"wp","href":"https:\/\/api.w.org\/{rel}","templated":true}]}}