{"id":2413,"date":"2017-10-24T13:31:27","date_gmt":"2017-10-24T13:31:27","guid":{"rendered":"https:\/\/beyou.fr\/?page_id=2413"},"modified":"2022-03-17T11:48:25","modified_gmt":"2022-03-17T11:48:25","slug":"politica-de-privacidad","status":"publish","type":"page","link":"https:\/\/www.beyouperfumes.com\/ca\/politica-de-privacidad\/","title":{"rendered":"Pol\u00edtica de privacidad"},"content":{"rendered":"<p style=\"text-align: left;\"><em>\u00daltima actualizaci\u00f3n: Diciembre de 2018<\/em><\/p>\n<p>&nbsp;<\/p>\n<p>BE YOU FRAGRANCES, S.L<\/p>\n<p>B25828286<\/p>\n<p>Casa Calvo S\/N, 25718 Al\u00e0s (Lleida)<\/p>\n<p>+34 611425237<\/p>\n<p><a href=\"http:\/\/www.beyouperfumes.com\">www.beyouperfumes.com<\/a><\/p>\n<p>&nbsp;<\/p>\n<ol>\n<li><strong> T\u00e9rminos de uso<\/strong><\/li>\n<li><strong>Pol\u00edtica de Privacidad. Cumplimiento<\/strong><\/li>\n<li><strong>Derechos de Propiedad Intelectual e Industrial<\/strong><\/li>\n<li><strong>Pol\u00edtica de cookies<\/strong><\/li>\n<li><strong>Jurisdicci\u00f3n y fuero aplicable<\/strong><\/li>\n<\/ol>\n<p>&nbsp;<\/p>\n<p style=\"text-align: left;\">La presente informaci\u00f3n legal regula el uso del servicio del web www.beyouperfumes.com que la raz\u00f3n social BE YOU FRAGRANCES, S.L pone a disposici\u00f3n de los usuarios de Internet.<\/p>\n<p style=\"text-align: left;\">La utilizaci\u00f3n del web atribuye la condici\u00f3n de usuario del Portal (en adelante, el &#8216;Usuario&#8217;) e implica la aceptaci\u00f3n plena y sin reservas de todas y cada una de las disposiciones incluidas en este Aviso Legal en la versi\u00f3n publicada por BE YOU FRAGRANCES, S.L, en el momento mismo en que el Usuario acceda al Portal y que ser\u00e1n de aplicaci\u00f3n independientemente de las condiciones generales de contrataci\u00f3n que en su caso resulten de obligado cumplimiento. En consecuencia, el Usuario debe leer atentamente el presente texto en cada una de las ocasiones en que se proponga utilizar el Portal, ya que puede sufrir modificaciones.<\/p>\n<table class=\"Taula1\" style=\"height: 451px;\" border=\"0\" width=\"688\" cellspacing=\"0\" cellpadding=\"0\">\n<colgroup>\n<col width=\"211\" \/>\n<col width=\"478\" \/><\/colgroup>\n<tbody>\n<tr class=\"Taula11\">\n<td class=\"Taula1_A1\" style=\"text-align: left; width: 4.824cm;\" colspan=\"2\">\n<p class=\"P8\" style=\"text-align: center;\"><strong><span class=\"T1\">Informaci\u00f3n b\u00e1sica sobre Protecci\u00f3n de Datos<\/span><\/strong><\/p>\n<\/td>\n<\/tr>\n<tr class=\"Taula11\">\n<td class=\"Taula1_A1\" style=\"text-align: left; width: 4.824cm;\">\n<p class=\"Standard\"><strong><span class=\"T1\">Responsable del tratamiento<\/span><\/strong><\/p>\n<\/td>\n<td class=\"Taula1_A1\" style=\"text-align: left; width: 10.94cm;\">\n<p class=\"Standard\"><span class=\"T16\">BE YOU FRAGRANCES, S.L. <\/span><span class=\"T1\">NIF: <\/span><span class=\"T18\">B25828286<\/span><\/p>\n<\/td>\n<\/tr>\n<tr class=\"Taula11\">\n<td class=\"Taula1_A1\" style=\"text-align: left; width: 4.824cm;\">\n<p class=\"Standard\"><strong><span class=\"T1\">Finalidad del tratamiento<\/span><\/strong><\/p>\n<\/td>\n<td class=\"Taula1_A1\" style=\"text-align: left; width: 10.94cm;\">\n<p class=\"Standard\"><span class=\"T1\">Gesti\u00f3n y prestaci\u00f3n de servicios solicitados<\/span><\/p>\n<\/td>\n<\/tr>\n<tr class=\"Taula11\">\n<td class=\"Taula1_A1\" style=\"text-align: left; width: 4.824cm;\">\n<p class=\"Standard\"><strong><span class=\"T1\">Legitimaci\u00f3n del tratamiento<\/span><\/strong><\/p>\n<\/td>\n<td class=\"Taula1_A1\" style=\"text-align: left; width: 10.94cm;\">\n<p class=\"Standard\"><span class=\"T1\">Cumplimentaci\u00f3n de formularios Plataforma, Registro de usuarios y uso del Servicio.<\/span><\/p>\n<\/td>\n<\/tr>\n<tr class=\"Taula11\">\n<td class=\"Taula1_A1\" style=\"text-align: left; width: 4.824cm;\">\n<p class=\"Standard\"><strong><span class=\"T1\">Destinatarios de cesiones o transferencias<\/span><\/strong><\/p>\n<\/td>\n<td class=\"Taula1_A1\" style=\"text-align: left; width: 10.94cm;\">\n<p class=\"Standard\"><span class=\"T1\">No se prev\u00e9n cesiones de datos a terceras personas<\/span><\/p>\n<\/td>\n<\/tr>\n<tr class=\"Taula11\">\n<td class=\"Taula1_A1\" style=\"text-align: left; width: 4.824cm;\">\n<p class=\"Standard\"><strong><span class=\"T1\">Derechos<\/span><\/strong><\/p>\n<\/td>\n<td class=\"Taula1_A1\" style=\"text-align: left; width: 10.94cm;\">\n<p class=\"P19\"><span class=\"T1\">Acceder, rectificar y cancelar los datos, as\u00ed como otros derechos, como se explica en la informaci\u00f3n adicional.<\/span><\/p>\n<\/td>\n<\/tr>\n<tr class=\"Taula11\">\n<td class=\"Taula1_A1\" style=\"text-align: left; width: 4.824cm;\" colspan=\"2\">\n<div class=\"Standard\"><\/div>\n<p class=\"P1\">\n<\/td>\n<\/tr>\n<\/tbody>\n<\/table>\n<p style=\"text-align: justify;\"><span style=\"font-size: 110%;\">De acuerdo con la legislaci\u00f3n aplicable, a continuaci\u00f3n, se detalla la Pol\u00edtica de Privacidad que la Beyou utiliza en el tratamiento de los datos de los Usuarios que se registran a trav\u00e9s de beyou.fr (en adelante la Plataforma).<\/span><\/p>\n<p style=\"text-align: justify;\"><span style=\"font-size: 110%;\"><strong>\u00bfQui\u00e9n es el responsable de los Datos que usted nos facilita?<\/strong><\/span><br \/>\n<span style=\"font-size: 110%;\"> Toda la informaci\u00f3n personal que facilite o se recoja a trav\u00e9s de la Plataforma, ser\u00e1 tratada por:<\/span><\/p>\n<table>\n<tbody>\n<tr class=\"Taula21\">\n<td class=\"Taula2_A1\" style=\"text-align: left; width: 3.489cm;\" colspan=\"2\">\n<p class=\"P14\"><strong><span class=\"T2\">Responsable del tratamiento de sus datos<\/span><\/strong><\/p>\n<\/td>\n<\/tr>\n<tr class=\"Taula22\">\n<td class=\"Taula2_A1\" style=\"text-align: left; width: 3.489cm;\">\n<p class=\"P15\"><strong><span class=\"T2\">Responsable<\/span><\/strong><\/p>\n<\/td>\n<td class=\"Taula2_A1\" style=\"text-align: left; width: 8.098cm;\">\n<p class=\"P15\"><span class=\"T2\">\u00a0BE YOUR FRAGRANCES, S.L. \u00a0NIF:<\/span><span class=\"T5\">B25828286<\/span><\/p>\n<\/td>\n<\/tr>\n<tr class=\"Taula22\">\n<td class=\"Taula2_A1\" style=\"text-align: left; width: 3.489cm;\">\n<p class=\"P15\"><strong><span class=\"T2\">Direcci\u00f3n Postal<\/span><\/strong><\/p>\n<\/td>\n<td class=\"Taula2_A1\" style=\"text-align: left; width: 8.098cm;\">\n<p class=\"P15\"><span class=\"T2\">\u00a0<\/span>C\/ Casa Calvo, 0 25718 Al\u00e0s i Cerc (Lleida)<\/p>\n<\/td>\n<\/tr>\n<tr class=\"Taula21\">\n<td class=\"Taula2_A1\" style=\"text-align: left; width: 3.489cm;\">\n<p class=\"P15\"><strong><span class=\"T2\">Tel\u00e9fono<\/span><\/strong><\/p>\n<\/td>\n<td class=\"Taula2_A1\" style=\"text-align: left; width: 8.098cm;\">\n<p class=\"P16\"><span class=\"T7\">+34611425237<\/span><\/p>\n<\/td>\n<\/tr>\n<tr class=\"Taula21\">\n<td class=\"Taula2_A1\" style=\"text-align: left; width: 3.489cm;\">\n<p class=\"P15\"><strong><span class=\"T2\">Correo electr\u00f3nico<\/span><\/strong><\/p>\n<\/td>\n<td class=\"Taula2_A1\" style=\"text-align: left; width: 8.098cm;\">\n<p class=\"P15\"><span class=\"T2\">\u00a0beyou@beyouperfumes.com<\/span><\/p>\n<\/td>\n<\/tr>\n<\/tbody>\n<\/table>\n<ol>\n<li><strong>T\u00c9RMINOS DE USO <\/strong><\/li>\n<\/ol>\n<p><strong>BE YOU FRAGRANCES, S.L<\/strong> es la sociedad titular del web www.beyouperfumes.com as\u00ed como del dominio www.beyouperfumes.com, el cual proporciona el acceso a multitud de informaciones, servicios, programas o datos en Internet (en adelante, \u201ccontenidos\u201d) pertenecientes a <strong>BE YOU FRAGRANCES, S.L<\/strong> o a su dominio.<\/p>\n<p><strong>BE YOU FRAGRANCES, S.L<\/strong> declina cualquier responsabilidad respecto a la informaci\u00f3n que se halle fuera de este web y no est\u00e9 gestionada directamente por su web master, como enlaces o hiperv\u00ednculos hacia otros sitios de Internet.<\/p>\n<p><strong>BE YOU FRAGRANCES, S.L<\/strong> se reserva el derecho a llevar a cabo el desarrollo, modificaci\u00f3n, exclusi\u00f3n o inclusi\u00f3n de textos o im\u00e1genes en el desarrollo de sus p\u00e1ginas web.<\/p>\n<p>El Usuario asume la responsabilidad del uso del portal, incluido el registro que fuese necesario para acceder a determinados servicios o contenidos y\/o de la posible contrase\u00f1a que se le pueda facilitar.<\/p>\n<p>El Usuario se compromete a hacer un uso adecuado de los contenidos y servicios (como foros de discusi\u00f3n, chats o grupos de noticias) que la web le ofrece y a no incurrir en actividades il\u00edcitas, ilegales o contrarias a la buena fe y al orden p\u00fablico de las que <strong>BE YO FRAGRANCES, S.L<\/strong> no ser\u00e1 responsable en ning\u00fan caso.<\/p>\n<p>&nbsp;<\/p>\n<ol start=\"2\">\n<li><strong> POL\u00cdTICA DE PRIVACIDAD. CUMPLIMIENTO<\/strong><\/li>\n<\/ol>\n<p>El Titular garantiza el cumplimiento de lo dispuesto en la <strong>Ley Org\u00e1nica de Protecci\u00f3n de Datos y Garant\u00eda de Derechos Digitales 3\/2.018<\/strong> de 5 de diciembre de 2018 relativo a la protecci\u00f3n de las personas f\u00edsicas en lo que respecta al tratamiento de datos personales y a la libre circulaci\u00f3n de estos datos.<\/p>\n<p>Cuando le sean solicitados datos personales a trav\u00e9s del presente sitio web, el Usuario los incorporar\u00e1 voluntariamente, y ser\u00e1 debidamente informado de la identidad del solicitante, las finalidades de la solicitud, legitimaci\u00f3n para el tratamiento de los datos, as\u00ed como de la posibilidad y procedimiento para ejercer sus derechos conforme a lo dispuesto en la citada <strong>Ley Org\u00e1nica de PD y GDD 3\/2.018<\/strong>.<\/p>\n<p>El Usuario garantiza que los datos personales facilitados son veraces y se hace responsable de comunicar a <strong>BE YOU FRAGRANCES, S.L<\/strong> cualquier modificaci\u00f3n de los mismos con el objetivo de mantener los datos actualizados. <strong>BE YOU FRAGRANCES, S.L<\/strong> se reserva el derecho a excluir de los servicios a todo Usuario que haya facilitado datos falsos, sin perjuicio de las dem\u00e1s acciones que procedan en Derecho.<\/p>\n<p>La cumplimentaci\u00f3n de todos los datos solicitados es necesaria para lograr el \u00e9xito de los servicios puestos a disposici\u00f3n del usuario en el presente sitio web. De no facilitarse todos los datos o ser \u00e9stos inexactos, <strong>BE YOU FRAGRANCES, S.L<\/strong> no garantiza que los servicios puedan prestarse correctamente o se ajusten a las necesidades del Usuario.<\/p>\n<p><strong>BE YOU FRAGRANCES, S.<\/strong>L se compromete a recabar los datos que sean estrictamente necesarios para llevar a cabo el servicio demandado por el Usuario en cada caso, sin los cuales no ser\u00eda posible gestionar la prestaci\u00f3n. Asimismo <strong>BE YOU FRAGRANCES, S.L<\/strong> se compromete a cumplir con el deber de secreto y confidencialidad respecto de los datos personales proporcionados por el Usuario de acuerdo con la legislaci\u00f3n aplicable.<\/p>\n<p>Si tiene alguna pregunta sobre nuestra Pol\u00edtica de Privacidad, rogamos se ponga en contacto con nosotros enviando un correo electr\u00f3nico a beyou@beyouperfumes.com.<\/p>\n<p>&nbsp;<\/p>\n<ol start=\"3\">\n<li><strong> DERECHOS DE PROPIEDAD INTELECTUAL E INDUSTRIAL <\/strong><\/li>\n<\/ol>\n<p>Todos los contenidos del web (incluyendo, sin car\u00e1cter limitativo: bases de datos, im\u00e1genes, dibujos, gr\u00e1ficos, archivos de texto, audio, v\u00eddeo y software) son propiedad de <strong>BE YOU FRAGRANCES, S.L<\/strong> y est\u00e1n protegidos por las normas nacionales o internacionales de propiedad intelectual e industrial.<\/p>\n<p>Las marcas, r\u00f3tulos, signos distintivos o logos de <strong>BE YOU FRAGRANCES, S.L<\/strong> que aparecen en el web son titularidad de la misma entidad y como tal, est\u00e1n debidamente registrados.<\/p>\n<p>Todos los textos, dibujos gr\u00e1ficos, v\u00eddeos o soportes de audio, propiedad de <strong>BE YOU FRAGRANCES, S.L<\/strong> no podr\u00e1n ser objeto de ulterior modificaci\u00f3n, copia, alteraci\u00f3n, reproducci\u00f3n, adaptaci\u00f3n o traducci\u00f3n por parte del Usuario o de terceros sin la expresa autorizaci\u00f3n por parte de <strong>BE YOU FRAGRANCES, S.L.<\/strong><\/p>\n<p>&nbsp;<\/p>\n<ol start=\"4\">\n<li><strong> POL\u00cdTICA DE COOKIES <\/strong><\/li>\n<\/ol>\n<p>\u00bfQu\u00e9 son las cookies?<\/p>\n<p>Una cookie es un fichero que se descarga en su ordenador al acceder a determinadas p\u00e1ginas web. Las cookies permiten a una p\u00e1gina web, entre otras cosas, almacenar y recuperar informaci\u00f3n sobre los h\u00e1bitos de navegaci\u00f3n de un usuario o de su equipo y, dependiendo de la informaci\u00f3n que contengan y de la forma en que utilice su equipo, pueden utilizarse para reconocer al usuario.<\/p>\n<p>Esta p\u00e1gina web utiliza cookies para entender mejor su proceso de navegaci\u00f3n y facilitarle consecuentemente su uso, al visitarla acepta la instalaci\u00f3n de estos tipos de cookies en su dispositivo:<\/p>\n<ul>\n<li>Cookies de an\u00e1lisis (o funcionamiento): Son aqu\u00e9llas tratadas por nosotros o por terceros, nos permiten cuantificar el n\u00famero de usuarios y as\u00ed realizar la medici\u00f3n y an\u00e1lisis estad\u00edstico de la utilizaci\u00f3n que hacen los usuarios del servicio ofertado. Para ello se analiza su navegaci\u00f3n en nuestra p\u00e1gina web con el fin de mejorar la oferta de productos o servicios que le ofrecemos.<\/li>\n<li>Cookies de sistema (o navegaci\u00f3n): Son aqu\u00e9llas que usa el website para el correcto funcionamiento del mismo. Las cookies propias de la web son tratadas \u00fanicamente por <strong>BE YOU FRAGRANCES, S.L.<\/strong><\/li>\n<\/ul>\n<p>En cuanto a la utilizaci\u00f3n de cookies por terceros consulte en este <a href=\"http:\/\/www.google.com\/intl\/es_ALL\/policies\/privacy\/\">enlace<\/a> donde puede acceder a la pol\u00edtica de privacidad de estos servicios de Google.<\/p>\n<p>Desactivaci\u00f3n o eliminaci\u00f3n de cookies<\/p>\n<p>Puede usted permitir, bloquear o eliminar las cookies instaladas en su equipo mediante la configuraci\u00f3n de las opciones del navegador instalado en su ordenador.<\/p>\n<ul>\n<li>Para m\u00e1s informaci\u00f3n sobre el navegador Firefox pulse <a href=\"http:\/\/support.mozilla.org\/es\/kb\/cookies-informacion-que-los-sitios-web-guardan-en-\">aqu\u00ed<\/a>.<\/li>\n<li>Para m\u00e1s informaci\u00f3n sobre el navegador Chrome pulse <a href=\"https:\/\/support.google.com\/chrome\/answer\/95647?hl=es\">aqu\u00ed<\/a>.<\/li>\n<li>Para m\u00e1s informaci\u00f3n sobre el navegador Explorer pulse <a href=\"http:\/\/windows.microsoft.com\/es-es\/internet-explorer\/delete-manage-cookies#ie=ie-11\">aqu\u00ed<\/a>.<\/li>\n<li>Para m\u00e1s informaci\u00f3n sobre el navegador Safari desde <a href=\"http:\/\/support.apple.com\/kb\/HT1677?viewlocale=es_ES&amp;locale=es_ES\">aqu\u00ed<\/a>.<\/li>\n<li>Para m\u00e1s informaci\u00f3n sobre el navegador Opera desde <a href=\"http:\/\/help.opera.com\/Mac\/12.10\/es-LA\/cookies.html\">aqu\u00ed<\/a>.<\/li>\n<\/ul>\n<p>El Usuario acepta expresamente, por la utilizaci\u00f3n de este sitio, el tratamiento de la informaci\u00f3n recabada en la forma y con los fines anteriormente mencionados. Y asimismo reconoce conocer la posibilidad de rechazar el tratamiento de tales datos o informaci\u00f3n rechazando el uso de Cookies mediante la selecci\u00f3n de la configuraci\u00f3n apropiada a tal fin en su navegador. Si bien esta opci\u00f3n de bloqueo de Cookies en su navegador puede no permitirle el uso pleno de todas las funcionalidades del Website.<\/p>\n<p>&nbsp;<\/p>\n<ol start=\"5\">\n<li><strong> JURISDICCI\u00d3N Y FUERO APLICABLE <\/strong><\/li>\n<\/ol>\n<p>En cumplimiento de lo previsto en el art. 10 de la Ley 34\/2002, de 11 de julio, Servicios de la Sociedad de la Informaci\u00f3n y Comercio Electr\u00f3nico se pone de manifiesto que la empresa <strong>BE YOU FRAGRANCES, S.L<\/strong> CIF [B25828286] Inscrita en el Registro Mercantil de Lleida tomo 1507, Folio 202, Hoja 30463, y es titular del dominio de internet: \u201c www.beyouperfumes.com \u00ab, con domicilio en Casa Calvo S\/N, 25718 Al\u00e0s i Cerc. Los conflictos que puedan surgir por la aplicaci\u00f3n de las presentes normas se regular\u00e1n por las leyes de Espa\u00f1a y ser\u00e1n resueltos por los juzgados y tribunales que correspondan seg\u00fan la jurisdicci\u00f3n territorial del domicilio social de la Compa\u00f1\u00eda o grupo.<\/p>\n<p>&nbsp;<\/p>\n","protected":false},"excerpt":{"rendered":"<p>\u00daltima actualizaci\u00f3n: Diciembre de 2018 &nbsp; BE YOU FRAGRANCES, S.L B25828286 Casa Calvo S\/N, 25718 Al\u00e0s (Lleida) +34 611425237 www.beyouperfumes.com [&hellip;]<\/p>\n","protected":false},"author":1,"featured_media":0,"parent":0,"menu_order":0,"comment_status":"closed","ping_status":"closed","template":"","meta":{"footnotes":""},"class_list":["post-2413","page","type-page","status-publish","hentry"],"yoast_head":"<!-- This site is optimized with the Yoast SEO plugin v27.4 - https:\/\/yoast.com\/product\/yoast-seo-wordpress\/ -->\n<title>Pol\u00edtica de privacidad, aviso legal y t\u00e9rminos de legislaci\u00f3n - beyou<\/title>\n<meta name=\"description\" content=\"Pol\u00edtica de privacidad y aviso legal de beyou. Be Your Fragrances, SL (en adelante, Beyou) manifiesta su compromiso de cumplir con la legislaci\u00f3n vigente.\" \/>\n<meta name=\"robots\" content=\"index, follow, max-snippet:-1, max-image-preview:large, max-video-preview:-1\" \/>\n<link rel=\"canonical\" href=\"https:\/\/www.beyouperfumes.com\/ca\/politica-de-privacidad\/\" \/>\n<meta property=\"og:locale\" content=\"ca_ES\" \/>\n<meta property=\"og:type\" content=\"article\" \/>\n<meta property=\"og:title\" content=\"Pol\u00edtica de privacidad, aviso legal y t\u00e9rminos de legislaci\u00f3n - beyou\" \/>\n<meta property=\"og:description\" content=\"Pol\u00edtica de privacidad y aviso legal de beyou. Be Your Fragrances, SL (en adelante, Beyou) manifiesta su compromiso de cumplir con la legislaci\u00f3n vigente.\" \/>\n<meta property=\"og:url\" content=\"https:\/\/www.beyouperfumes.com\/ca\/politica-de-privacidad\/\" \/>\n<meta property=\"og:site_name\" content=\"BE YOU Perfumes\" \/>\n<meta property=\"article:publisher\" content=\"https:\/\/www.facebook.com\/BeYouPerfumes\/\" \/>\n<meta property=\"article:modified_time\" content=\"2022-03-17T11:48:25+00:00\" \/>\n<meta name=\"twitter:card\" content=\"summary_large_image\" \/>\n<meta name=\"twitter:site\" content=\"@beyouperfumes\" \/>\n<meta name=\"twitter:label1\" content=\"Temps estimat de lectura\" \/>\n\t<meta name=\"twitter:data1\" content=\"7 minuts\" \/>\n<script type=\"application\/ld+json\" class=\"yoast-schema-graph\">{\"@context\":\"https:\\\/\\\/schema.org\",\"@graph\":[{\"@type\":\"WebPage\",\"@id\":\"https:\\\/\\\/www.beyouperfumes.com\\\/politica-de-privacidad\\\/\",\"url\":\"https:\\\/\\\/www.beyouperfumes.com\\\/politica-de-privacidad\\\/\",\"name\":\"Pol\u00edtica de privacidad, aviso legal y t\u00e9rminos de legislaci\u00f3n - beyou\",\"isPartOf\":{\"@id\":\"https:\\\/\\\/www.beyouperfumes.com\\\/#website\"},\"datePublished\":\"2017-10-24T13:31:27+00:00\",\"dateModified\":\"2022-03-17T11:48:25+00:00\",\"description\":\"Pol\u00edtica de privacidad y aviso legal de beyou. Be Your Fragrances, SL (en adelante, Beyou) manifiesta su compromiso de cumplir con la legislaci\u00f3n vigente.\",\"breadcrumb\":{\"@id\":\"https:\\\/\\\/www.beyouperfumes.com\\\/politica-de-privacidad\\\/#breadcrumb\"},\"inLanguage\":\"ca\",\"potentialAction\":[{\"@type\":\"ReadAction\",\"target\":[\"https:\\\/\\\/www.beyouperfumes.com\\\/politica-de-privacidad\\\/\"]}]},{\"@type\":\"BreadcrumbList\",\"@id\":\"https:\\\/\\\/www.beyouperfumes.com\\\/politica-de-privacidad\\\/#breadcrumb\",\"itemListElement\":[{\"@type\":\"ListItem\",\"position\":1,\"name\":\"Home\",\"item\":\"https:\\\/\\\/www.beyouperfumes.com\\\/\"},{\"@type\":\"ListItem\",\"position\":2,\"name\":\"Pol\u00edtica de privacidad\"}]},{\"@type\":\"WebSite\",\"@id\":\"https:\\\/\\\/www.beyouperfumes.com\\\/#website\",\"url\":\"https:\\\/\\\/www.beyouperfumes.com\\\/\",\"name\":\"BE YOU Perfumes\",\"description\":\"Tu perfume exclusivo, crea tu perfume personalizado\",\"potentialAction\":[{\"@type\":\"SearchAction\",\"target\":{\"@type\":\"EntryPoint\",\"urlTemplate\":\"https:\\\/\\\/www.beyouperfumes.com\\\/?s={search_term_string}\"},\"query-input\":{\"@type\":\"PropertyValueSpecification\",\"valueRequired\":true,\"valueName\":\"search_term_string\"}}],\"inLanguage\":\"ca\"}]}<\/script>\n<!-- \/ Yoast SEO plugin. -->","yoast_head_json":{"title":"Pol\u00edtica de privacidad, aviso legal y t\u00e9rminos de legislaci\u00f3n - beyou","description":"Pol\u00edtica de privacidad y aviso legal de beyou. Be Your Fragrances, SL (en adelante, Beyou) manifiesta su compromiso de cumplir con la legislaci\u00f3n vigente.","robots":{"index":"index","follow":"follow","max-snippet":"max-snippet:-1","max-image-preview":"max-image-preview:large","max-video-preview":"max-video-preview:-1"},"canonical":"https:\/\/www.beyouperfumes.com\/ca\/politica-de-privacidad\/","og_locale":"ca_ES","og_type":"article","og_title":"Pol\u00edtica de privacidad, aviso legal y t\u00e9rminos de legislaci\u00f3n - beyou","og_description":"Pol\u00edtica de privacidad y aviso legal de beyou. Be Your Fragrances, SL (en adelante, Beyou) manifiesta su compromiso de cumplir con la legislaci\u00f3n vigente.","og_url":"https:\/\/www.beyouperfumes.com\/ca\/politica-de-privacidad\/","og_site_name":"BE YOU Perfumes","article_publisher":"https:\/\/www.facebook.com\/BeYouPerfumes\/","article_modified_time":"2022-03-17T11:48:25+00:00","twitter_card":"summary_large_image","twitter_site":"@beyouperfumes","twitter_misc":{"Temps estimat de lectura":"7 minuts"},"schema":{"@context":"https:\/\/schema.org","@graph":[{"@type":"WebPage","@id":"https:\/\/www.beyouperfumes.com\/politica-de-privacidad\/","url":"https:\/\/www.beyouperfumes.com\/politica-de-privacidad\/","name":"Pol\u00edtica de privacidad, aviso legal y t\u00e9rminos de legislaci\u00f3n - beyou","isPartOf":{"@id":"https:\/\/www.beyouperfumes.com\/#website"},"datePublished":"2017-10-24T13:31:27+00:00","dateModified":"2022-03-17T11:48:25+00:00","description":"Pol\u00edtica de privacidad y aviso legal de beyou. Be Your Fragrances, SL (en adelante, Beyou) manifiesta su compromiso de cumplir con la legislaci\u00f3n vigente.","breadcrumb":{"@id":"https:\/\/www.beyouperfumes.com\/politica-de-privacidad\/#breadcrumb"},"inLanguage":"ca","potentialAction":[{"@type":"ReadAction","target":["https:\/\/www.beyouperfumes.com\/politica-de-privacidad\/"]}]},{"@type":"BreadcrumbList","@id":"https:\/\/www.beyouperfumes.com\/politica-de-privacidad\/#breadcrumb","itemListElement":[{"@type":"ListItem","position":1,"name":"Home","item":"https:\/\/www.beyouperfumes.com\/"},{"@type":"ListItem","position":2,"name":"Pol\u00edtica de privacidad"}]},{"@type":"WebSite","@id":"https:\/\/www.beyouperfumes.com\/#website","url":"https:\/\/www.beyouperfumes.com\/","name":"BE YOU Perfumes","description":"Tu perfume exclusivo, crea tu perfume personalizado","potentialAction":[{"@type":"SearchAction","target":{"@type":"EntryPoint","urlTemplate":"https:\/\/www.beyouperfumes.com\/?s={search_term_string}"},"query-input":{"@type":"PropertyValueSpecification","valueRequired":true,"valueName":"search_term_string"}}],"inLanguage":"ca"}]}},"_links":{"self":[{"href":"https:\/\/www.beyouperfumes.com\/ca\/wp-json\/wp\/v2\/pages\/2413","targetHints":{"allow":["GET"]}}],"collection":[{"href":"https:\/\/www.beyouperfumes.com\/ca\/wp-json\/wp\/v2\/pages"}],"about":[{"href":"https:\/\/www.beyouperfumes.com\/ca\/wp-json\/wp\/v2\/types\/page"}],"author":[{"embeddable":true,"href":"https:\/\/www.beyouperfumes.com\/ca\/wp-json\/wp\/v2\/users\/1"}],"replies":[{"embeddable":true,"href":"https:\/\/www.beyouperfumes.com\/ca\/wp-json\/wp\/v2\/comments?post=2413"}],"version-history":[{"count":10,"href":"https:\/\/www.beyouperfumes.com\/ca\/wp-json\/wp\/v2\/pages\/2413\/revisions"}],"predecessor-version":[{"id":101084,"href":"https:\/\/www.beyouperfumes.com\/ca\/wp-json\/wp\/v2\/pages\/2413\/revisions\/101084"}],"wp:attachment":[{"href":"https:\/\/www.beyouperfumes.com\/ca\/wp-json\/wp\/v2\/media?parent=2413"}],"curies":[{"name":"wp","href":"https:\/\/api.w.org\/{rel}","templated":true}]}}