{"id":2411,"date":"2017-10-24T13:29:44","date_gmt":"2017-10-24T13:29:44","guid":{"rendered":"https:\/\/beyou.fr\/?page_id=2411"},"modified":"2025-08-22T10:02:48","modified_gmt":"2025-08-22T10:02:48","slug":"politica-de-cookies","status":"publish","type":"page","link":"https:\/\/www.beyouperfumes.com\/ca\/politica-de-cookies\/","title":{"rendered":"Politica de Cookies"},"content":{"rendered":"<div class=\"wpb-content-wrapper\"><div data-parent=\"true\" class=\"vc_row row-container\" id=\"row-unique-0\"><div class=\"row limit-width row-parent\"><div class=\"wpb_row row-inner\"><div class=\"wpb_column pos-top pos-center align_left column_parent col-lg-12 single-internal-gutter\"><div class=\"uncol style-light\"  ><div class=\"uncoltable\"><div class=\"uncell no-block-padding\" ><div class=\"uncont\" ><div class=\"empty-space empty-triple\" ><span class=\"empty-space-inner\"><\/span><\/div>\n<div class=\"uncode_text_column\" ><\/p>\n<p style=\"text-align: center;\"><span style=\"font-size: 110%;\"><strong>POL\u00cdTICA DE COOKIES<\/strong><\/span><\/p>\n<p style=\"text-align: justify;\"><span style=\"font-size: 110%;\">Be Your Fragrances, SL (en adelante, Beyou) utiliza cookies en el sitio web Beyou.fr (en adelante, el sitio web) para ayudar a mejorar el servicio del usuario del sitio web (en adelante, el Usuario) midiendo el uso y el rendimiento del sitio web as\u00ed como para optimizarlo y personalizarlo.<\/span><br \/>\n<span style=\"font-size: 110%;\"> Las Cookies son ficheros enviados a un navegador por medio de un servidor web para registrar las actividades del Usuario en una web determinada. La primera finalidad de las Cookies es la de facilitar al Usuario un acceso m\u00e1s r\u00e1pido a los servicios seleccionados. Adem\u00e1s, las Cookies personalizan los servicios que ofrece el sitio web, facilitando y ofreciendo a cada Usuario informaci\u00f3n que es de su inter\u00e9s o que puede ser de su inter\u00e9s, en atenci\u00f3n al uso que realiza de los servicios del sitio web.<\/span><\/p>\n<p style=\"text-align: justify;\"><span style=\"font-size: 110%;\">Los Usuarios registrados en el sitio web podr\u00e1n beneficiarse de unos servicios m\u00e1s personalizados y orientados a su perfil, gracias a la combinaci\u00f3n de los datos almacenados en las cookies con los datos personales utilizados en el momento de su registro. Dichos Usuarios autorizan expresamente el uso de esta informaci\u00f3n con la finalidad indicada, sin perjuicio de su derecho a rechazar o deshabilitar el uso de cookies.<\/span><\/p>\n<p style=\"text-align: justify;\"><span style=\"font-size: 110%;\">Asimismo, el sitio web podr\u00e1 saber todos los servicios solicitados por los Usuarios, de forma que podr\u00e1n facilitar u ofrecer informaci\u00f3n adecuada a los gustos y preferencias de cada Usuario.<\/span><br \/>\n<span style=\"font-size: 110%;\"> Es posible que el sitio web contenga enlaces a otros sitios webs, en este sentido Beyou no controla las cookies utilizadas por estos sitios webs externos. Para m\u00e1s informaci\u00f3n sobre las cookies de los sitios webs ajenos, aconsejamos revisar sus propias pol\u00edticas de cookies.<\/span><br \/>\n<span style=\"font-size: 110%;\"> La legislaci\u00f3n vigente nos obliga a solicitar la conformidad del Usuario para poder gestionar las cookies. En caso que el Usuario decida no autorizar su uso, Beyou no almacenar\u00eda ninguna cookie y tan s\u00f3lo se usar\u00edan las cookies t\u00e9cnicas dado que sin ellas no es posible navegar por el sitio web. En caso de seguir navegando por el sitio web y no denegar la autorizaci\u00f3n, dicha actividad implicar\u00e1 la aceptaci\u00f3n de su uso.<\/span><\/p>\n<table>\n<tbody>\n<tr class=\"Taula11\">\n<td class=\"Taula1_A1\" style=\"text-align: left; width: 4.262cm;\">\n<p class=\"P11\"><strong><span class=\"Strong\"><span class=\"T14\">Cookie<\/span><\/span><\/strong><\/p>\n<\/td>\n<td class=\"Taula1_A1\" style=\"text-align: left; width: 5.472cm;\">\n<p class=\"P11\"><strong><span class=\"Strong\"><span class=\"T14\">Descripci\u00f3n<\/span><\/span><\/strong><\/p>\n<\/td>\n<td class=\"Taula1_A1\" style=\"text-align: left; width: 2.028cm;\">\n<p class=\"P11\"><strong><span class=\"Strong\"><span class=\"T14\">Duraci\u00f3n<\/span><\/span><\/strong><\/p>\n<\/td>\n<td class=\"Taula1_A1\" style=\"text-align: left; width: 3.239cm;\">\n<p class=\"P12\"><strong><span class=\"Strong\"><span class=\"T14\">Tipo<\/span><\/span><\/strong><\/p>\n<\/td>\n<\/tr>\n<tr class=\"Taula12\">\n<td class=\"Taula1_A1\" style=\"text-align: left; width: 4.262cm;\">\n<p class=\"P11\"><span class=\"Strong\"><span class=\"T16\">lang<\/span><\/span><\/p>\n<\/td>\n<td class=\"Taula1_A1\" style=\"text-align: left; width: 5.472cm;\">\n<p class=\"P11\"><span class=\"Emphasis\"><span class=\"T13\">Preferencia de idioma: Se utiliza para recordar qu\u00e9 idioma escogi\u00f3 el visitante en su sesi\u00f3n.<\/span><\/span><\/p>\n<\/td>\n<td class=\"Taula1_A1\" style=\"text-align: left; width: 2.028cm;\">\n<p class=\"P11\"><span class=\"Emphasis\"><span class=\"T13\">1 a\u00f1o<\/span><\/span><\/p>\n<\/td>\n<td class=\"Taula1_D2\" style=\"text-align: left; width: 3.239cm;\">\n<p class=\"P2\"><span class=\"Strong\"><span class=\"T15\">Propias<\/span><\/span><\/p>\n<\/td>\n<\/tr>\n<tr class=\"Taula13\">\n<td class=\"Taula1_A1\" style=\"text-align: left; width: 4.262cm;\">\n<p class=\"P11\"><span class=\"Strong\"><span class=\"T16\">.Asp.Net.ApplicationCookie<\/span><\/span><\/p>\n<\/td>\n<td class=\"Taula1_A1\" style=\"text-align: left; width: 5.472cm;\">\n<p class=\"P11\"><span class=\"Emphasis\"><span class=\"T13\">Informaci\u00f3n de usuario autenticado, cuando el usuario <\/span><\/span><span class=\"Emphasis\"><span class=\"T13\">desea que el navegador recuerde su usuario.<\/span><\/span><\/p>\n<\/td>\n<td class=\"Taula1_A1\" style=\"text-align: left; width: 2.028cm;\">\n<p class=\"P11\"><span class=\"Emphasis\"><span class=\"T13\">2 semanas<\/span><\/span><\/p>\n<\/td>\n<td class=\"Taula1_A1\" style=\"text-align: left; width: 3.239cm;\">\n<p class=\"P12\"><span class=\"Emphasis\"><span class=\"T13\">Propias<\/span><\/span><\/p>\n<\/td>\n<\/tr>\n<tr class=\"Taula14\">\n<td class=\"Taula1_A1\" style=\"text-align: left; width: 4.262cm;\">\n<p class=\"P11\"><span class=\"Strong\"><span class=\"T16\">__utma<\/span><\/span><\/p>\n<\/td>\n<td class=\"Taula1_A1\" style=\"text-align: left; width: 5.472cm;\">\n<p class=\"P11\"><span class=\"Emphasis\"><span class=\"T13\">Identificaci\u00f3n de visitantes \u00fanicos: Utilizada para registrar visitantes \u00fanicos con fines estad\u00edsticos y anal\u00edticos.<\/span><\/span><\/p>\n<\/td>\n<td class=\"Taula1_A1\" style=\"text-align: left; width: 2.028cm;\">\n<p class=\"P11\"><span class=\"Emphasis\"><span class=\"T13\">2 a\u00f1os<\/span><\/span><\/p>\n<\/td>\n<td class=\"Taula1_A1\" style=\"text-align: left; width: 3.239cm;\">\n<p class=\"P12\"><span class=\"Emphasis\"><span class=\"T13\">Google<\/span><\/span><\/p>\n<p class=\"P12\"><span class=\"Emphasis\"><span class=\"T13\">(Analytic)<\/span><\/span><\/p>\n<\/td>\n<\/tr>\n<tr class=\"Taula15\">\n<td class=\"Taula1_A1\" style=\"text-align: left; width: 4.262cm;\">\n<p class=\"P11\"><span class=\"Strong\"><span class=\"T16\">__utmb<\/span><\/span><\/p>\n<\/td>\n<td class=\"Taula1_A1\" style=\"text-align: left; width: 5.472cm;\">\n<p class=\"P11\"><span class=\"Emphasis\"><span class=\"T13\">Determinaci\u00f3n de la sesi\u00f3n del visitante: Google Analytics utiliza dos cookies para establecer una sesi\u00f3n. Si falta alguna de estas dos cookies, otra actividad inicia el comienzo de una nueva sesi\u00f3n.<\/span><\/span><\/p>\n<\/td>\n<td class=\"Taula1_A1\" style=\"text-align: left; width: 2.028cm;\">\n<p class=\"P11\"><span class=\"Emphasis\"><span class=\"T13\">30 minutos<\/span><\/span><\/p>\n<\/td>\n<td class=\"Taula1_A1\" style=\"text-align: left; width: 3.239cm;\">\n<p class=\"P12\"><span class=\"Emphasis\"><span class=\"T13\">Google<\/span><\/span><\/p>\n<p class=\"P12\"><span class=\"Emphasis\"><span class=\"T13\">(Analytic)<\/span><\/span><\/p>\n<\/td>\n<\/tr>\n<tr class=\"Taula16\">\n<td class=\"Taula1_A1\" style=\"text-align: left; width: 4.262cm;\">\n<p class=\"P11\"><span class=\"Strong\"><span class=\"T16\">__utmc<\/span><\/span><\/p>\n<\/td>\n<td class=\"Taula1_A1\" style=\"text-align: left; width: 5.472cm;\">\n<p class=\"P11\"><span class=\"Emphasis\"><span class=\"T13\">Determinaci\u00f3n de la sesi\u00f3n del visitante: Google Analytics utiliza dos cookies para establecer una sesi\u00f3n. Si falta alguna de estas dos cookies, otra actividad inicia el comienzo de una nueva sesi\u00f3n.<\/span><\/span><\/p>\n<\/td>\n<td class=\"Taula1_A1\" style=\"text-align: left; width: 2.028cm;\">\n<p class=\"P11\"><span class=\"Emphasis\"><span class=\"T13\">Sesi\u00f3n<\/span><\/span><\/p>\n<\/td>\n<td class=\"Taula1_A1\" style=\"text-align: left; width: 3.239cm;\">\n<p class=\"P12\"><span class=\"Emphasis\"><span class=\"T13\">Google<\/span><\/span><\/p>\n<p class=\"P12\"><span class=\"Emphasis\"><span class=\"T13\">(Analytic)<\/span><\/span><\/p>\n<\/td>\n<\/tr>\n<tr class=\"Taula17\">\n<td class=\"Taula1_A1\" style=\"text-align: left; width: 4.262cm;\">\n<p class=\"P11\"><span class=\"Strong\"><span class=\"T16\">__utmz<\/span><\/span><\/p>\n<\/td>\n<td class=\"Taula1_A1\" style=\"text-align: left; width: 5.472cm;\">\n<p class=\"P11\"><span class=\"Emphasis\"><span class=\"T13\">Registro de fuentes de tr\u00e1fico y navegaci\u00f3n: Utilizado para registrar c\u00f3mo lleg\u00f3 a nuestro sitio Web (por una b\u00fasqueda de Google, un aviso, etc.) y los recorridos que sigue mientras navega nuestro sitio. Utilizamos esta informaci\u00f3n para mejorar la experiencia del usuario en futuras actualizaciones.<\/span><\/span><\/p>\n<\/td>\n<td class=\"Taula1_A1\" style=\"text-align: left; width: 2.028cm;\">\n<p class=\"P11\"><span class=\"Emphasis\"><span class=\"T13\">6 meses<\/span><\/span><\/p>\n<\/td>\n<td class=\"Taula1_A1\" style=\"text-align: left; width: 3.239cm;\">\n<p class=\"P12\"><span class=\"Emphasis\"><span class=\"T13\">Google<\/span><\/span><\/p>\n<p class=\"P12\"><span class=\"Emphasis\"><span class=\"T13\">(Analytic)<\/span><\/span><\/p>\n<\/td>\n<\/tr>\n<\/tbody>\n<\/table>\n<p style=\"text-align: justify;\">El Usuario puede restringir, bloquear o borrar las cookies del sitio web de Beyou utilizando su navegador. En cada navegador la operativa es diferente, a continuaci\u00f3n se facilitan los enlaces a los principales navegadores sobre c\u00f3mo realizar dichas modificaciones:<\/p>\n<p style=\"text-align: justify;\"><em>Internet Explorer, FireFox, Chrome i Safari.<\/em><\/p>\n<p style=\"text-align: justify;\">En caso de realizar modificaciones en la configuraci\u00f3n de las cookies, Beyou informa de que no asegura el correcto funcionamiento de las distintas funcionalidades del sitio web.<br \/>\nBeyou puede modificar la presente Pol\u00edtica de Cookies en funci\u00f3n de las exigencias legislativas, reglamentarias, o con la finalidad de adaptar dicha Pol\u00edtica a las instrucciones dictadas por la Agencia Espa\u00f1ola de Protecci\u00f3n de Datos, por ello se aconseja a los Usuarios del sitio web que la visiten peri\u00f3dicamente.<\/p>\n<p style=\"text-align: justify;\">Cuando se produzcan cambios significativos en la presente Pol\u00edtica de Cookies, se comunicar\u00e1n a los Usuarios bien mediante el sitio web o a trav\u00e9s de correo electr\u00f3nico a los Usuarios registrados.<\/p>\n<p>Enlaces relacionados<\/p>\n<ul>\n<li><a href=\"https:\/\/www.beyouperfumes.com\/ca\/politica-de-privacidad\/\">Pol\u00edtica de privacidad<\/a><\/li>\n<\/ul>\n<p>\n<\/div><\/div><\/div><\/div><\/div><\/div><script id=\"script-row-unique-0\" data-row=\"script-row-unique-0\" type=\"text\/javascript\" class=\"vc_controls\">UNCODE.initRow(document.getElementById(\"row-unique-0\"));<\/script><\/div><\/div><\/div>\n<\/div>","protected":false},"excerpt":{"rendered":"POL\u00cdTICA DE COOKIES Be Your Fragrances, SL (en adelante, Beyou) utiliza cookies en el sitio web Beyou.fr (en adelante, el [...]","protected":false},"author":1,"featured_media":0,"parent":0,"menu_order":0,"comment_status":"closed","ping_status":"closed","template":"","meta":{"footnotes":""},"class_list":["post-2411","page","type-page","status-publish","hentry"],"yoast_head":"<!-- This site is optimized with the Yoast SEO plugin v27.4 - https:\/\/yoast.com\/product\/yoast-seo-wordpress\/ -->\n<title>Pol\u00edtica de cookies, caracter\u00edsticas, uso y navegaci\u00f3n - beyou<\/title>\n<meta name=\"description\" content=\"Establecimiento de la pol\u00edtica de cookies, uso, caracter\u00edsticas, configuraci\u00f3n y navegaci\u00f3n de las cookies establecidas en beyou.fr\" \/>\n<meta name=\"robots\" content=\"index, follow, max-snippet:-1, max-image-preview:large, max-video-preview:-1\" \/>\n<link rel=\"canonical\" href=\"https:\/\/www.beyouperfumes.com\/ca\/politica-de-cookies\/\" \/>\n<meta property=\"og:locale\" content=\"ca_ES\" \/>\n<meta property=\"og:type\" content=\"article\" \/>\n<meta property=\"og:title\" content=\"Pol\u00edtica de cookies, caracter\u00edsticas, uso y navegaci\u00f3n - beyou\" \/>\n<meta property=\"og:description\" content=\"Establecimiento de la pol\u00edtica de cookies, uso, caracter\u00edsticas, configuraci\u00f3n y navegaci\u00f3n de las cookies establecidas en beyou.fr\" \/>\n<meta property=\"og:url\" content=\"https:\/\/www.beyouperfumes.com\/ca\/politica-de-cookies\/\" \/>\n<meta property=\"og:site_name\" content=\"BE YOU Perfumes\" \/>\n<meta property=\"article:publisher\" content=\"https:\/\/www.facebook.com\/BeYouPerfumes\/\" \/>\n<meta property=\"article:modified_time\" content=\"2025-08-22T10:02:48+00:00\" \/>\n<meta name=\"twitter:card\" content=\"summary_large_image\" \/>\n<meta name=\"twitter:site\" content=\"@beyouperfumes\" \/>\n<meta name=\"twitter:label1\" content=\"Temps estimat de lectura\" \/>\n\t<meta name=\"twitter:data1\" content=\"4 minuts\" \/>\n<script type=\"application\/ld+json\" class=\"yoast-schema-graph\">{\"@context\":\"https:\\\/\\\/schema.org\",\"@graph\":[{\"@type\":\"WebPage\",\"@id\":\"https:\\\/\\\/www.beyouperfumes.com\\\/politica-de-cookies\\\/\",\"url\":\"https:\\\/\\\/www.beyouperfumes.com\\\/politica-de-cookies\\\/\",\"name\":\"Pol\u00edtica de cookies, caracter\u00edsticas, uso y navegaci\u00f3n - beyou\",\"isPartOf\":{\"@id\":\"https:\\\/\\\/www.beyouperfumes.com\\\/#website\"},\"datePublished\":\"2017-10-24T13:29:44+00:00\",\"dateModified\":\"2025-08-22T10:02:48+00:00\",\"description\":\"Establecimiento de la pol\u00edtica de cookies, uso, caracter\u00edsticas, configuraci\u00f3n y navegaci\u00f3n de las cookies establecidas en beyou.fr\",\"breadcrumb\":{\"@id\":\"https:\\\/\\\/www.beyouperfumes.com\\\/politica-de-cookies\\\/#breadcrumb\"},\"inLanguage\":\"ca\",\"potentialAction\":[{\"@type\":\"ReadAction\",\"target\":[\"https:\\\/\\\/www.beyouperfumes.com\\\/politica-de-cookies\\\/\"]}]},{\"@type\":\"BreadcrumbList\",\"@id\":\"https:\\\/\\\/www.beyouperfumes.com\\\/politica-de-cookies\\\/#breadcrumb\",\"itemListElement\":[{\"@type\":\"ListItem\",\"position\":1,\"name\":\"Home\",\"item\":\"https:\\\/\\\/www.beyouperfumes.com\\\/\"},{\"@type\":\"ListItem\",\"position\":2,\"name\":\"Pol\u00edtica de Cookies\"}]},{\"@type\":\"WebSite\",\"@id\":\"https:\\\/\\\/www.beyouperfumes.com\\\/#website\",\"url\":\"https:\\\/\\\/www.beyouperfumes.com\\\/\",\"name\":\"BE YOU Perfumes\",\"description\":\"Tu perfume exclusivo, crea tu perfume personalizado\",\"potentialAction\":[{\"@type\":\"SearchAction\",\"target\":{\"@type\":\"EntryPoint\",\"urlTemplate\":\"https:\\\/\\\/www.beyouperfumes.com\\\/?s={search_term_string}\"},\"query-input\":{\"@type\":\"PropertyValueSpecification\",\"valueRequired\":true,\"valueName\":\"search_term_string\"}}],\"inLanguage\":\"ca\"}]}<\/script>\n<!-- \/ Yoast SEO plugin. -->","yoast_head_json":{"title":"Pol\u00edtica de cookies, caracter\u00edsticas, uso y navegaci\u00f3n - beyou","description":"Establecimiento de la pol\u00edtica de cookies, uso, caracter\u00edsticas, configuraci\u00f3n y navegaci\u00f3n de las cookies establecidas en beyou.fr","robots":{"index":"index","follow":"follow","max-snippet":"max-snippet:-1","max-image-preview":"max-image-preview:large","max-video-preview":"max-video-preview:-1"},"canonical":"https:\/\/www.beyouperfumes.com\/ca\/politica-de-cookies\/","og_locale":"ca_ES","og_type":"article","og_title":"Pol\u00edtica de cookies, caracter\u00edsticas, uso y navegaci\u00f3n - beyou","og_description":"Establecimiento de la pol\u00edtica de cookies, uso, caracter\u00edsticas, configuraci\u00f3n y navegaci\u00f3n de las cookies establecidas en beyou.fr","og_url":"https:\/\/www.beyouperfumes.com\/ca\/politica-de-cookies\/","og_site_name":"BE YOU Perfumes","article_publisher":"https:\/\/www.facebook.com\/BeYouPerfumes\/","article_modified_time":"2025-08-22T10:02:48+00:00","twitter_card":"summary_large_image","twitter_site":"@beyouperfumes","twitter_misc":{"Temps estimat de lectura":"4 minuts"},"schema":{"@context":"https:\/\/schema.org","@graph":[{"@type":"WebPage","@id":"https:\/\/www.beyouperfumes.com\/politica-de-cookies\/","url":"https:\/\/www.beyouperfumes.com\/politica-de-cookies\/","name":"Pol\u00edtica de cookies, caracter\u00edsticas, uso y navegaci\u00f3n - beyou","isPartOf":{"@id":"https:\/\/www.beyouperfumes.com\/#website"},"datePublished":"2017-10-24T13:29:44+00:00","dateModified":"2025-08-22T10:02:48+00:00","description":"Establecimiento de la pol\u00edtica de cookies, uso, caracter\u00edsticas, configuraci\u00f3n y navegaci\u00f3n de las cookies establecidas en beyou.fr","breadcrumb":{"@id":"https:\/\/www.beyouperfumes.com\/politica-de-cookies\/#breadcrumb"},"inLanguage":"ca","potentialAction":[{"@type":"ReadAction","target":["https:\/\/www.beyouperfumes.com\/politica-de-cookies\/"]}]},{"@type":"BreadcrumbList","@id":"https:\/\/www.beyouperfumes.com\/politica-de-cookies\/#breadcrumb","itemListElement":[{"@type":"ListItem","position":1,"name":"Home","item":"https:\/\/www.beyouperfumes.com\/"},{"@type":"ListItem","position":2,"name":"Pol\u00edtica de Cookies"}]},{"@type":"WebSite","@id":"https:\/\/www.beyouperfumes.com\/#website","url":"https:\/\/www.beyouperfumes.com\/","name":"BE YOU Perfumes","description":"Tu perfume exclusivo, crea tu perfume personalizado","potentialAction":[{"@type":"SearchAction","target":{"@type":"EntryPoint","urlTemplate":"https:\/\/www.beyouperfumes.com\/?s={search_term_string}"},"query-input":{"@type":"PropertyValueSpecification","valueRequired":true,"valueName":"search_term_string"}}],"inLanguage":"ca"}]}},"_links":{"self":[{"href":"https:\/\/www.beyouperfumes.com\/ca\/wp-json\/wp\/v2\/pages\/2411","targetHints":{"allow":["GET"]}}],"collection":[{"href":"https:\/\/www.beyouperfumes.com\/ca\/wp-json\/wp\/v2\/pages"}],"about":[{"href":"https:\/\/www.beyouperfumes.com\/ca\/wp-json\/wp\/v2\/types\/page"}],"author":[{"embeddable":true,"href":"https:\/\/www.beyouperfumes.com\/ca\/wp-json\/wp\/v2\/users\/1"}],"replies":[{"embeddable":true,"href":"https:\/\/www.beyouperfumes.com\/ca\/wp-json\/wp\/v2\/comments?post=2411"}],"version-history":[{"count":3,"href":"https:\/\/www.beyouperfumes.com\/ca\/wp-json\/wp\/v2\/pages\/2411\/revisions"}],"predecessor-version":[{"id":159235,"href":"https:\/\/www.beyouperfumes.com\/ca\/wp-json\/wp\/v2\/pages\/2411\/revisions\/159235"}],"wp:attachment":[{"href":"https:\/\/www.beyouperfumes.com\/ca\/wp-json\/wp\/v2\/media?parent=2411"}],"curies":[{"name":"wp","href":"https:\/\/api.w.org\/{rel}","templated":true}]}}