{"id":164,"date":"2017-04-27T07:54:42","date_gmt":"2017-04-27T07:54:42","guid":{"rendered":"https:\/\/beyou.fr\/es\/?page_id=164"},"modified":"2020-09-07T08:10:34","modified_gmt":"2020-09-07T08:10:34","slug":"filosofia","status":"publish","type":"page","link":"https:\/\/www.beyouperfumes.com\/ca\/filosofia\/","title":{"rendered":"Filosofia"},"content":{"rendered":"<div class=\"wpb-content-wrapper\"><div data-parent=\"true\" class=\"vc_row row-container\" id=\"row-unique-0\"><div class=\"row limit-width row-parent\"><div class=\"wpb_row row-inner\"><div class=\"wpb_column pos-top pos-center align_left column_parent col-lg-12 single-internal-gutter\"><div class=\"uncol style-light\"  ><div class=\"uncoltable\"><div class=\"uncell no-block-padding\" ><div class=\"uncont\" ><div class=\"uncode_text_column\" ><\/p>\n<p>&nbsp;<\/p>\n<h2 style=\"text-align: center;\"><span style=\"font-size: 175%;\"><strong>Som una empresa amb responsabilitat social<\/strong><\/span><\/h2>\n<h3 style=\"text-align: center;\">La nostra filosofia est\u00e0 basada en un win-win (Tots en sortim guanyant)<\/h3>\n<p><center><\/center><center><img decoding=\"async\" class=\"wp-image-68624 aligncenter\" src=\"https:\/\/www.beyouperfumes.com\/wp-content\/uploads\/relieve-generacional.jpg\" alt=\"\" width=\"156\" height=\"145\" srcset=\"https:\/\/www.beyouperfumes.com\/wp-content\/uploads\/relieve-generacional.jpg 400w, https:\/\/www.beyouperfumes.com\/wp-content\/uploads\/relieve-generacional-100x94.jpg 100w\" sizes=\"(max-width: 156px) 100vw, 156px\" \/><\/center><\/p>\n<p style=\"text-align: justify;\"><span style=\"font-size: 130%;\"><em>1.- Fixar al territori seus habitants evitant la seva emigraci\u00f3.<\/em><\/span><\/p>\n<ul style=\"text-align: justify;\">\n<li style=\"text-align: justify;\"><span style=\"font-size: 130%;\">Produir cultius amb el suficient valor afegit per aconseguir un relleu generacional que treballi els camps. Evitant l\u2019abandonament i la despoblaci\u00f3 rural.<\/span><\/li>\n<li style=\"text-align: justify;\"><span style=\"font-size: 130%;\">Pretenem ajudar les estructures cooperatives a incrementar el rendiment per hect\u00e0rea.<\/span><\/li>\n<li style=\"text-align: justify;\"><span style=\"font-size: 130%;\">Mitjan\u00e7ant el cultiu de plantes arom\u00e0tiques i medicinals per obtenir els olis essencials de qualitat.<\/span><\/li>\n<li style=\"text-align: justify;\"><span style=\"font-size: 130%;\"><a href=\"https:\/\/www.beyouperfumes.com\/ca\/\" target=\"_blank\" rel=\"noopener noreferrer\">beYou Fragrances<\/a> vol crear perfums, i una vegada generada la demanda, derivarem a les cooperatives, la producci\u00f3 dels olis essencials. Minimitzant el risc per als agricultors.<\/span><\/li>\n<\/ul>\n<p>&nbsp;<\/p>\n<p style=\"text-align: justify;\"><span style=\"font-size: 130%;\"><em> 2.- Donar la primera oportunitat als joves perfumistes i un banc de proves als consolidats.<\/em><\/span><\/p>\n<ul style=\"text-align: justify;\">\n<li style=\"text-align: justify;\"><span style=\"font-size: 130%;\">Proporcionar als joves talents emergents un mitj\u00e0 perqu\u00e8 puguin obtenir els seus primers ingressos realitzant les seves creacions sobre la nostra plataforma esperant que els permeti captar l\u2019atenci\u00f3 sobre el seu talent.<\/span><\/li>\n<li style=\"text-align: justify;\"><span style=\"font-size: 130%;\">Tamb\u00e9 per als m\u00e9s consolidats perfumistes \u00e9s un banc de proves per a propostes arriscades que dif\u00edcilment veurien la llum pels canals convencionals. <a href=\"https:\/\/www.lausengier.com\" target=\"_blank\" rel=\"noopener noreferrer\">canals convencionals<\/a>.<\/span><\/li>\n<\/ul>\n<p style=\"text-align: justify;\"><span style=\"font-size: 130%;\"><em>3.- Proporcionar als usuaris la possibilitat de realitzar perfums de forma senzilla i accedir a gran quantitat de receptes d\u2019alta qualitat.<\/em><\/span><\/p>\n<ul style=\"text-align: justify;\">\n<li style=\"text-align: justify;\"><span style=\"font-size: 130%;\">El nostre model de negoci \u00e9s innovador ja que alguns proposen perfums personalitzats, altres disposen d\u2019un test de prefer\u00e8ncies olfactives per\u00f2 ning\u00fa \u00e9s capa\u00e7 de proporcionar l\u2019experi\u00e8ncia de la creaci\u00f3 d\u2019un perfum.<\/span><\/li>\n<\/ul>\n<p>&nbsp;<\/p>\n<p style=\"text-align: center;\"><span style=\"font-size: 130%;\"><img decoding=\"async\" class=\"wp-image-68623 alignnone\" src=\"https:\/\/www.beyouperfumes.com\/wp-content\/uploads\/imageedit_1_8396090436.png\" alt=\"\" width=\"200\" height=\"201\" srcset=\"https:\/\/www.beyouperfumes.com\/wp-content\/uploads\/imageedit_1_8396090436.png 400w, https:\/\/www.beyouperfumes.com\/wp-content\/uploads\/imageedit_1_8396090436-100x100.png 100w\" sizes=\"(max-width: 200px) 100vw, 200px\" \/><img decoding=\"async\" class=\"wp-image-68622 alignnone\" src=\"https:\/\/www.beyouperfumes.com\/wp-content\/uploads\/caring-consumer.jpg\" alt=\"\" width=\"200\" height=\"205\" srcset=\"https:\/\/www.beyouperfumes.com\/wp-content\/uploads\/caring-consumer.jpg 400w, https:\/\/www.beyouperfumes.com\/wp-content\/uploads\/caring-consumer-100x103.jpg 100w\" sizes=\"(max-width: 200px) 100vw, 200px\" \/><\/span><\/p>\n<p style=\"text-align: justify;\"><span style=\"font-size: 130%;\">El sector de la perfumeria est\u00e0 canviant en els \u00faltims anys. Les marques de grans dissenyadors van donar pas a les de celebrities i, cada vegada, guanya m\u00e9s pes la perfumeria d\u2019autor.<br \/>\n<\/span><\/p>\n<p style=\"text-align: justify;\"><span style=\"font-size: 130%;\">Una manera de crear identitat pr\u00f2pia, mitjan\u00e7ant l'olfacte. <\/span><span style=\"font-size: 130%;\">La nostra idea consisteix en la creaci\u00f3 de perfums d\u2019alta qualitat a partir de cofres. Aquest sistema ens permet convertir la compra d\u2019un perfum en una experi\u00e8ncia.<\/span><\/p>\n<p style=\"text-align: justify;\"><span style=\"font-size: 130%;\">Nosaltres proporcionem tot el necessari per crear frag\u00e0ncies. Els perfumistes proporcionen gran quantitat de receptes molt f\u00e0cils de crear segons les prefer\u00e8ncies de cada usuari @, perqu\u00e8 el client experimenti a casa seva.<\/span><\/p>\n<p style=\"text-align: justify;\"><span style=\"font-size: 130%;\">Els productors proporcionen les mat\u00e8ries primeres de la millor qualitat, a mesura que augmenti la demanda anirem derivant la producci\u00f3 dels olis essencials als agricultors sempre sota premisses de comer\u00e7 just i qualitat. <strong>Es tracta d'una filosofia on tothom en surt guanyant.<\/strong>.<br \/>\n<\/span><\/p>\n<p>\n<\/div><\/div><\/div><\/div><\/div><\/div><script id=\"script-row-unique-0\" data-row=\"script-row-unique-0\" type=\"text\/javascript\" class=\"vc_controls\">UNCODE.initRow(document.getElementById(\"row-unique-0\"));<\/script><\/div><\/div><\/div>\n<\/div>","protected":false},"excerpt":{"rendered":"&nbsp; Somos una empresa con responsabilidad social Nuestra filosof\u00eda est\u00e1 basada en un win-win (Todos salimos ganando) 1.- Filosof\u00eda de [...]","protected":false},"author":1,"featured_media":0,"parent":0,"menu_order":0,"comment_status":"closed","ping_status":"closed","template":"","meta":{"footnotes":""},"class_list":["post-164","page","type-page","status-publish","hentry"],"yoast_head":"<!-- This site is optimized with the Yoast SEO plugin v27.4 - https:\/\/yoast.com\/product\/yoast-seo-wordpress\/ -->\n<title>Filosof\u00eda de nuestros valores, misi\u00f3n y visi\u00f3n ejecutiva - beYou Perfumes<\/title>\n<meta name=\"description\" content=\"Nuestra filosofia se basa en fijar al territorio sus habitantes y evitar su emigraci\u00f3n. Dar oportunidad a los j\u00f3venes perfumistas y ofrecer una experiencia.\" \/>\n<meta name=\"robots\" content=\"index, follow, max-snippet:-1, max-image-preview:large, max-video-preview:-1\" \/>\n<link rel=\"canonical\" href=\"https:\/\/www.beyouperfumes.com\/ca\/filosofia\/\" \/>\n<meta property=\"og:locale\" content=\"ca_ES\" \/>\n<meta property=\"og:type\" content=\"article\" \/>\n<meta property=\"og:title\" content=\"Filosof\u00eda de nuestros valores, misi\u00f3n y visi\u00f3n ejecutiva - beYou Perfumes\" \/>\n<meta property=\"og:description\" content=\"Nuestra filosofia se basa en fijar al territorio sus habitantes y evitar su emigraci\u00f3n. Dar oportunidad a los j\u00f3venes perfumistas y ofrecer una experiencia.\" \/>\n<meta property=\"og:url\" content=\"https:\/\/www.beyouperfumes.com\/ca\/filosofia\/\" \/>\n<meta property=\"og:site_name\" content=\"BE YOU Perfumes\" \/>\n<meta property=\"article:publisher\" content=\"https:\/\/www.facebook.com\/BeYouPerfumes\/\" \/>\n<meta property=\"article:modified_time\" content=\"2020-09-07T08:10:34+00:00\" \/>\n<meta property=\"og:image\" content=\"https:\/\/www.beyouperfumes.com\/wp-content\/uploads\/relieve-generacional.jpg\" \/>\n<meta name=\"twitter:card\" content=\"summary_large_image\" \/>\n<meta name=\"twitter:site\" content=\"@beyouperfumes\" \/>\n<meta name=\"twitter:label1\" content=\"Temps estimat de lectura\" \/>\n\t<meta name=\"twitter:data1\" content=\"2 minuts\" \/>\n<script type=\"application\/ld+json\" class=\"yoast-schema-graph\">{\"@context\":\"https:\\\/\\\/schema.org\",\"@graph\":[{\"@type\":\"WebPage\",\"@id\":\"https:\\\/\\\/www.beyouperfumes.com\\\/filosofia\\\/\",\"url\":\"https:\\\/\\\/www.beyouperfumes.com\\\/filosofia\\\/\",\"name\":\"Filosof\u00eda de nuestros valores, misi\u00f3n y visi\u00f3n ejecutiva - beYou Perfumes\",\"isPartOf\":{\"@id\":\"https:\\\/\\\/www.beyouperfumes.com\\\/#website\"},\"primaryImageOfPage\":{\"@id\":\"https:\\\/\\\/www.beyouperfumes.com\\\/filosofia\\\/#primaryimage\"},\"image\":{\"@id\":\"https:\\\/\\\/www.beyouperfumes.com\\\/filosofia\\\/#primaryimage\"},\"thumbnailUrl\":\"https:\\\/\\\/www.beyouperfumes.com\\\/wp-content\\\/uploads\\\/relieve-generacional.jpg\",\"datePublished\":\"2017-04-27T07:54:42+00:00\",\"dateModified\":\"2020-09-07T08:10:34+00:00\",\"description\":\"Nuestra filosofia se basa en fijar al territorio sus habitantes y evitar su emigraci\u00f3n. Dar oportunidad a los j\u00f3venes perfumistas y ofrecer una experiencia.\",\"breadcrumb\":{\"@id\":\"https:\\\/\\\/www.beyouperfumes.com\\\/filosofia\\\/#breadcrumb\"},\"inLanguage\":\"ca\",\"potentialAction\":[{\"@type\":\"ReadAction\",\"target\":[\"https:\\\/\\\/www.beyouperfumes.com\\\/filosofia\\\/\"]}]},{\"@type\":\"ImageObject\",\"inLanguage\":\"ca\",\"@id\":\"https:\\\/\\\/www.beyouperfumes.com\\\/filosofia\\\/#primaryimage\",\"url\":\"https:\\\/\\\/www.beyouperfumes.com\\\/wp-content\\\/uploads\\\/relieve-generacional.jpg\",\"contentUrl\":\"https:\\\/\\\/www.beyouperfumes.com\\\/wp-content\\\/uploads\\\/relieve-generacional.jpg\"},{\"@type\":\"BreadcrumbList\",\"@id\":\"https:\\\/\\\/www.beyouperfumes.com\\\/filosofia\\\/#breadcrumb\",\"itemListElement\":[{\"@type\":\"ListItem\",\"position\":1,\"name\":\"Home\",\"item\":\"https:\\\/\\\/www.beyouperfumes.com\\\/\"},{\"@type\":\"ListItem\",\"position\":2,\"name\":\"Filosof\u00eda\"}]},{\"@type\":\"WebSite\",\"@id\":\"https:\\\/\\\/www.beyouperfumes.com\\\/#website\",\"url\":\"https:\\\/\\\/www.beyouperfumes.com\\\/\",\"name\":\"BE YOU Perfumes\",\"description\":\"Tu perfume exclusivo, crea tu perfume personalizado\",\"potentialAction\":[{\"@type\":\"SearchAction\",\"target\":{\"@type\":\"EntryPoint\",\"urlTemplate\":\"https:\\\/\\\/www.beyouperfumes.com\\\/?s={search_term_string}\"},\"query-input\":{\"@type\":\"PropertyValueSpecification\",\"valueRequired\":true,\"valueName\":\"search_term_string\"}}],\"inLanguage\":\"ca\"}]}<\/script>\n<!-- \/ Yoast SEO plugin. -->","yoast_head_json":{"title":"Filosof\u00eda de nuestros valores, misi\u00f3n y visi\u00f3n ejecutiva - beYou Perfumes","description":"Nuestra filosofia se basa en fijar al territorio sus habitantes y evitar su emigraci\u00f3n. Dar oportunidad a los j\u00f3venes perfumistas y ofrecer una experiencia.","robots":{"index":"index","follow":"follow","max-snippet":"max-snippet:-1","max-image-preview":"max-image-preview:large","max-video-preview":"max-video-preview:-1"},"canonical":"https:\/\/www.beyouperfumes.com\/ca\/filosofia\/","og_locale":"ca_ES","og_type":"article","og_title":"Filosof\u00eda de nuestros valores, misi\u00f3n y visi\u00f3n ejecutiva - beYou Perfumes","og_description":"Nuestra filosofia se basa en fijar al territorio sus habitantes y evitar su emigraci\u00f3n. Dar oportunidad a los j\u00f3venes perfumistas y ofrecer una experiencia.","og_url":"https:\/\/www.beyouperfumes.com\/ca\/filosofia\/","og_site_name":"BE YOU Perfumes","article_publisher":"https:\/\/www.facebook.com\/BeYouPerfumes\/","article_modified_time":"2020-09-07T08:10:34+00:00","og_image":[{"url":"https:\/\/www.beyouperfumes.com\/wp-content\/uploads\/relieve-generacional.jpg","type":"","width":"","height":""}],"twitter_card":"summary_large_image","twitter_site":"@beyouperfumes","twitter_misc":{"Temps estimat de lectura":"2 minuts"},"schema":{"@context":"https:\/\/schema.org","@graph":[{"@type":"WebPage","@id":"https:\/\/www.beyouperfumes.com\/filosofia\/","url":"https:\/\/www.beyouperfumes.com\/filosofia\/","name":"Filosof\u00eda de nuestros valores, misi\u00f3n y visi\u00f3n ejecutiva - beYou Perfumes","isPartOf":{"@id":"https:\/\/www.beyouperfumes.com\/#website"},"primaryImageOfPage":{"@id":"https:\/\/www.beyouperfumes.com\/filosofia\/#primaryimage"},"image":{"@id":"https:\/\/www.beyouperfumes.com\/filosofia\/#primaryimage"},"thumbnailUrl":"https:\/\/www.beyouperfumes.com\/wp-content\/uploads\/relieve-generacional.jpg","datePublished":"2017-04-27T07:54:42+00:00","dateModified":"2020-09-07T08:10:34+00:00","description":"Nuestra filosofia se basa en fijar al territorio sus habitantes y evitar su emigraci\u00f3n. Dar oportunidad a los j\u00f3venes perfumistas y ofrecer una experiencia.","breadcrumb":{"@id":"https:\/\/www.beyouperfumes.com\/filosofia\/#breadcrumb"},"inLanguage":"ca","potentialAction":[{"@type":"ReadAction","target":["https:\/\/www.beyouperfumes.com\/filosofia\/"]}]},{"@type":"ImageObject","inLanguage":"ca","@id":"https:\/\/www.beyouperfumes.com\/filosofia\/#primaryimage","url":"https:\/\/www.beyouperfumes.com\/wp-content\/uploads\/relieve-generacional.jpg","contentUrl":"https:\/\/www.beyouperfumes.com\/wp-content\/uploads\/relieve-generacional.jpg"},{"@type":"BreadcrumbList","@id":"https:\/\/www.beyouperfumes.com\/filosofia\/#breadcrumb","itemListElement":[{"@type":"ListItem","position":1,"name":"Home","item":"https:\/\/www.beyouperfumes.com\/"},{"@type":"ListItem","position":2,"name":"Filosof\u00eda"}]},{"@type":"WebSite","@id":"https:\/\/www.beyouperfumes.com\/#website","url":"https:\/\/www.beyouperfumes.com\/","name":"BE YOU Perfumes","description":"Tu perfume exclusivo, crea tu perfume personalizado","potentialAction":[{"@type":"SearchAction","target":{"@type":"EntryPoint","urlTemplate":"https:\/\/www.beyouperfumes.com\/?s={search_term_string}"},"query-input":{"@type":"PropertyValueSpecification","valueRequired":true,"valueName":"search_term_string"}}],"inLanguage":"ca"}]}},"_links":{"self":[{"href":"https:\/\/www.beyouperfumes.com\/ca\/wp-json\/wp\/v2\/pages\/164","targetHints":{"allow":["GET"]}}],"collection":[{"href":"https:\/\/www.beyouperfumes.com\/ca\/wp-json\/wp\/v2\/pages"}],"about":[{"href":"https:\/\/www.beyouperfumes.com\/ca\/wp-json\/wp\/v2\/types\/page"}],"author":[{"embeddable":true,"href":"https:\/\/www.beyouperfumes.com\/ca\/wp-json\/wp\/v2\/users\/1"}],"replies":[{"embeddable":true,"href":"https:\/\/www.beyouperfumes.com\/ca\/wp-json\/wp\/v2\/comments?post=164"}],"version-history":[{"count":12,"href":"https:\/\/www.beyouperfumes.com\/ca\/wp-json\/wp\/v2\/pages\/164\/revisions"}],"predecessor-version":[{"id":84015,"href":"https:\/\/www.beyouperfumes.com\/ca\/wp-json\/wp\/v2\/pages\/164\/revisions\/84015"}],"wp:attachment":[{"href":"https:\/\/www.beyouperfumes.com\/ca\/wp-json\/wp\/v2\/media?parent=164"}],"curies":[{"name":"wp","href":"https:\/\/api.w.org\/{rel}","templated":true}]}}